{"id":364517,"date":"2024-07-09T15:56:39","date_gmt":"2024-07-09T13:56:39","guid":{"rendered":"https:\/\/recogtech.com\/integration-nox-systems\/"},"modified":"2024-09-09T12:37:38","modified_gmt":"2024-09-09T10:37:38","slug":"integration-nox-systems","status":"publish","type":"page","link":"https:\/\/recogtech.com\/de\/integration-nox-systems\/","title":{"rendered":"Integration NOX Systems"},"content":{"rendered":"<p>[et_pb_section fb_built=&#8220;1&#8243; next_background_color=&#8220;#ffffff&#8220; admin_label=&#8220;section&#8220; module_class=&#8220;dh-valign-center-section&#8220; _builder_version=&#8220;4.22.1&#8243; background_enable_color=&#8220;off&#8220; use_background_color_gradient=&#8220;on&#8220; background_color_gradient_direction=&#8220;105deg&#8220; background_color_gradient_stops=&#8220;rgba(0,38,100,0.8) 0%|rgba(0,38,100,0.8) 50%|rgba(220,222,230,0) 50%|rgba(255,255,255,0) 99%&#8220; background_color_gradient_overlays_image=&#8220;on&#8220; background_image=&#8220;https:\/\/recogtech.com\/wp-content\/uploads\/2023\/05\/sector-kantoor-1920.jpg&#8220; height=&#8220;300px&#8220; height_tablet=&#8220;300px&#8220; height_phone=&#8220;240px&#8220; height_last_edited=&#8220;on|phone&#8220; custom_padding=&#8220;0px||0px||false|false&#8220; bottom_divider_style=&#8220;slant2&#8243; bottom_divider_height=&#8220;75px&#8220; bottom_divider_flip=&#8220;horizontal&#8220; locked=&#8220;off&#8220; global_colors_info=&#8220;{}&#8220;][et_pb_row admin_label=&#8220;row&#8220; _builder_version=&#8220;4.21.0&#8243; background_size=&#8220;initial&#8220; background_position=&#8220;top_left&#8220; background_repeat=&#8220;repeat&#8220; custom_padding=&#8220;0px||0px||false|false&#8220; global_colors_info=&#8220;{}&#8220;][et_pb_column type=&#8220;4_4&#8243; _builder_version=&#8220;4.16&#8243; custom_padding=&#8220;|||&#8220; global_colors_info=&#8220;{}&#8220; custom_padding__hover=&#8220;|||&#8220;][et_pb_text _builder_version=&#8220;4.26.0&#8243; _module_preset=&#8220;default&#8220; header_text_color=&#8220;#FFFFFF&#8220; header_font_size=&#8220;60px&#8220; header_font_size_tablet=&#8220;56px&#8220; header_font_size_phone=&#8220;42px&#8220; header_font_size_last_edited=&#8220;on|phone&#8220; global_colors_info=&#8220;{}&#8220;]<\/p>\n<h1>Integration: Nox Systems<span style=\"color: #e70000;\">.<\/span><\/h1>\n<p>[\/et_pb_text][\/et_pb_column][\/et_pb_row][\/et_pb_section][et_pb_section fb_built=&#8220;1&#8243; _builder_version=&#8220;4.21.0&#8243; _module_preset=&#8220;default&#8220; global_colors_info=&#8220;{}&#8220;][et_pb_row column_structure=&#8220;1_2,1_2&#8243; _builder_version=&#8220;4.21.0&#8243; _module_preset=&#8220;default&#8220; global_colors_info=&#8220;{}&#8220;][et_pb_column type=&#8220;1_2&#8243; _builder_version=&#8220;4.21.0&#8243; _module_preset=&#8220;default&#8220; global_colors_info=&#8220;{}&#8220;][et_pb_text _builder_version=&#8220;4.26.0&#8243; _module_preset=&#8220;default&#8220; header_2_font_size=&#8220;36px&#8220; global_colors_info=&#8220;{}&#8220;]<\/p>\n<h2>\u00dcber Nox Systems<\/h2>\n<p style=\"font-weight: 400;\">NOX Systems, ein weltweit f\u00fchrender Anbieter von Sicherheitssystemen, bietet Produkte von au\u00dfergew\u00f6hnlicher Qualit\u00e4t, umfassender Funktionalit\u00e4t und einfacher Bedienung. Seit seiner Gr\u00fcndung im Jahr 2001 hat sich das Unternehmen dank seines innovativen und kundenorientierten Ansatzes schnell als Spezialist auf dem europ\u00e4ischen Markt etabliert. Mit einem erfahrenen Team von Sicherheitsexperten liefert NOX Systems L\u00f6sungen, die den h\u00f6chsten Sicherheitsstandards entsprechen.<\/p>\n<p>[\/et_pb_text][et_pb_button button_url=&#8220;@ET-DC@eyJkeW5hbWljIjp0cnVlLCJjb250ZW50IjoicG9zdF9saW5rX3VybF9wYWdlIiwic2V0dGluZ3MiOnsicG9zdF9pZCI6IjM2MTQ0NCJ9fQ==@&#8220; button_text=&#8220;Kontakt aufnehmen&#8220; _builder_version=&#8220;4.23.1&#8243; _dynamic_attributes=&#8220;button_url&#8220; _module_preset=&#8220;default&#8220; custom_button=&#8220;on&#8220; button_font=&#8220;|700|||||||&#8220; global_colors_info=&#8220;{}&#8220;][\/et_pb_button][\/et_pb_column][et_pb_column type=&#8220;1_2&#8243; _builder_version=&#8220;4.21.0&#8243; _module_preset=&#8220;default&#8220; global_colors_info=&#8220;{}&#8220;][et_pb_image src=&#8220;https:\/\/recogtech.com\/wp-content\/uploads\/2024\/05\/nox-systems.jpg&#8220; alt=&#8220;Integration NOX Systems &#8211; Recogtech&#8220; title_text=&#8220;nox-systems&#8220; _builder_version=&#8220;4.25.1&#8243; _module_preset=&#8220;default&#8220; global_colors_info=&#8220;{}&#8220;][\/et_pb_image][\/et_pb_column][\/et_pb_row][et_pb_row column_structure=&#8220;1_2,1_2&#8243; _builder_version=&#8220;4.21.0&#8243; _module_preset=&#8220;default&#8220; global_colors_info=&#8220;{}&#8220;][et_pb_column type=&#8220;1_2&#8243; _builder_version=&#8220;4.21.0&#8243; _module_preset=&#8220;default&#8220; global_colors_info=&#8220;{}&#8220;][et_pb_text _builder_version=&#8220;4.26.0&#8243; _module_preset=&#8220;default&#8220; header_2_font_size=&#8220;36px&#8220; global_colors_info=&#8220;{}&#8220;]<\/p>\n<h2>Sichere und zuverl\u00e4ssige biometrische Daten<\/h2>\n<p style=\"font-weight: 400;\">\u00a0Die L\u00f6sungen von NOX Systems arbeiten nun mit den Produkten von Recogtech zusammen, wodurch sichere und zuverl\u00e4ssige Biometrie sowohl f\u00fcr die Zugangskontrolle als auch f\u00fcr die Schaltung von Einbruchmeldesystemen realisiert werden kann. &#8222;Dank der Zusammenarbeit mit Recogtech k\u00f6nnen wir die Zugangskontrolll\u00f6sungen von NOX Systems auf ein noch h\u00f6heres Niveau heben&#8220;, sagt Jean Paul van Daelen, Produktmanager bei ARAS Security.<\/p>\n<p>[\/et_pb_text][\/et_pb_column][et_pb_column type=&#8220;1_2&#8243; _builder_version=&#8220;4.21.0&#8243; _module_preset=&#8220;default&#8220; global_colors_info=&#8220;{}&#8220;][et_pb_text _builder_version=&#8220;4.26.0&#8243; _module_preset=&#8220;default&#8220; header_2_font_size=&#8220;36px&#8220; global_colors_info=&#8220;{}&#8220;]<\/p>\n<h2>M\u00fchelose biometrische Datenerfassung<\/h2>\n<p style=\"font-weight: 400;\">\u00a0Mit den kombinierten L\u00f6sungen von Palm-ID und NOX Systems k\u00f6nnen Benutzer m\u00fchelos biometrische Daten erfassen und verwalten, Zugriffsrechte konfigurieren und umfassende Berichte erstellen. Dies erm\u00f6glicht es Organisationen, Sicherheitsereignisse besser zu \u00fcberwachen, schnell auf Vorf\u00e4lle zu reagieren und die Einhaltung von Vorschriften zu verbessern.<\/p>\n<div>\u00a0<\/div>\n<p>[\/et_pb_text][\/et_pb_column][\/et_pb_row][\/et_pb_section][et_pb_section fb_built=&#8220;1&#8243; _builder_version=&#8220;4.22.0&#8243; _module_preset=&#8220;default&#8220; background_color=&#8220;rgba(0,38,100,0.15)&#8220; locked=&#8220;off&#8220; global_colors_info=&#8220;{}&#8220;][et_pb_row _builder_version=&#8220;4.22.0&#8243; _module_preset=&#8220;default&#8220; global_colors_info=&#8220;{}&#8220;][et_pb_column type=&#8220;4_4&#8243; _builder_version=&#8220;4.22.0&#8243; _module_preset=&#8220;default&#8220; global_colors_info=&#8220;{}&#8220;][et_pb_blurb use_icon=&#8220;on&#8220; font_icon=&#8220;&#xf10e;||fa||900&#8243; content_max_width=&#8220;800px&#8220; _builder_version=&#8220;4.26.0&#8243; _module_preset=&#8220;default&#8220; body_font=&#8220;|700|||||||&#8220; body_text_color=&#8220;#002664&#8243; body_font_size=&#8220;20px&#8220; body_line_height=&#8220;1.6em&#8220; text_orientation=&#8220;center&#8220; module_alignment=&#8220;center&#8220; global_colors_info=&#8220;{}&#8220;]<\/p>\n<p style=\"font-weight: 400;\"><em><strong>\u00a0&#8222;Die Integration von Palm-ID Pro und Palm-ID Card durch NOX Systems ist f\u00fcr uns von gro\u00dfer Bedeutung&#8220;, sagt Eduard de Knegt, Technischer Direktor bei Recogtech. &#8222;Die Kombination von NOX Systems und Recogtech erm\u00f6glicht es uns, unsere fortschrittlichen biometrischen L\u00f6sungen einem breiteren Publikum vorzustellen und Kunden bei der Verbesserung ihrer Sicherheitsinfrastruktur zu unterst\u00fctzen.&#8220;<\/strong><\/em><\/p>\n<p>[\/et_pb_blurb][\/et_pb_column][\/et_pb_row][\/et_pb_section][et_pb_section fb_built=&#8220;1&#8243; _builder_version=&#8220;4.21.0&#8243; _module_preset=&#8220;default&#8220; global_colors_info=&#8220;{}&#8220;][et_pb_row column_structure=&#8220;1_2,1_2&#8243; _builder_version=&#8220;4.21.0&#8243; _module_preset=&#8220;default&#8220; global_colors_info=&#8220;{}&#8220;][et_pb_column type=&#8220;1_2&#8243; _builder_version=&#8220;4.21.0&#8243; _module_preset=&#8220;default&#8220; global_colors_info=&#8220;{}&#8220;][et_pb_text _builder_version=&#8220;4.25.1&#8243; _module_preset=&#8220;default&#8220; header_2_font_size=&#8220;36px&#8220; global_colors_info=&#8220;{}&#8220;]<\/p>\n<h2>NOX Systems en Recogtech<\/h2>\n<div>Die Produkte von Recogtech sind ab sofort \u00fcber das globale Netzwerk von Recogtech und die Vertriebskan\u00e4le von Nox Systems erh\u00e4ltlich. Weitere Informationen finden Sie auf den Websites von <i><\/i><a href=\"https:\/\/www.aras.nl\/nox\" target=\"_blank\" rel=\"noopener\"><span class=\"normaltextrun\"><i>Nox Systems<\/i><\/span><span class=\"normaltextrun\"><i>. <\/i><\/span><\/a><i>en <\/i><a href=\"https:\/\/www.recogtech.com\/\"><i>Recogtech<\/i><\/a><\/div>\n<p>[\/et_pb_text][et_pb_button button_url=&#8220;@ET-DC@eyJkeW5hbWljIjp0cnVlLCJjb250ZW50IjoicG9zdF9saW5rX3VybF9wYWdlIiwic2V0dGluZ3MiOnsicG9zdF9pZCI6IjM2MTQ0NCJ9fQ==@&#8220; button_text=&#8220;Kontakt aufnehmen&#8220; _builder_version=&#8220;4.23.1&#8243; _dynamic_attributes=&#8220;button_url&#8220; _module_preset=&#8220;default&#8220; custom_button=&#8220;on&#8220; button_font=&#8220;|700|||||||&#8220; global_colors_info=&#8220;{}&#8220;][\/et_pb_button][\/et_pb_column][et_pb_column type=&#8220;1_2&#8243; _builder_version=&#8220;4.21.0&#8243; _module_preset=&#8220;default&#8220; global_colors_info=&#8220;{}&#8220;][et_pb_image src=&#8220;https:\/\/recogtech.com\/wp-content\/uploads\/2023\/07\/over-ons-foto.jpg&#8220; alt=&#8220;Uber uns &#8211; Recogtech&#8220; title_text=&#8220;over-ons-foto&#8220; _builder_version=&#8220;4.26.0&#8243; _module_preset=&#8220;default&#8220; global_colors_info=&#8220;{}&#8220;][\/et_pb_image][\/et_pb_column][\/et_pb_row][\/et_pb_section]<\/p>\n","protected":false},"excerpt":{"rendered":"<p>Integration: Nox Systems.\u00dcber Nox Systems NOX Systems, ein weltweit f\u00fchrender Anbieter von Sicherheitssystemen, bietet Produkte von au\u00dfergew\u00f6hnlicher Qualit\u00e4t, umfassender Funktionalit\u00e4t und einfacher Bedienung. Seit seiner Gr\u00fcndung im Jahr 2001 hat sich das Unternehmen dank seines innovativen und kundenorientierten Ansatzes schnell als Spezialist auf dem europ\u00e4ischen Markt etabliert. Mit einem erfahrenen Team von Sicherheitsexperten liefert NOX [&hellip;]<\/p>\n","protected":false},"author":2,"featured_media":0,"parent":0,"menu_order":0,"comment_status":"closed","ping_status":"closed","template":"","meta":{"_et_pb_use_builder":"on","_et_pb_old_content":"","_et_gb_content_width":"","footnotes":""},"class_list":["post-364517","page","type-page","status-publish","hentry"],"yoast_head":"<!-- This site is optimized with the Yoast SEO plugin v27.4 - https:\/\/yoast.com\/product\/yoast-seo-wordpress\/ -->\n<title>Integration NOX Systems | Recogtech - Biometrische beveiliging<\/title>\n<meta name=\"description\" content=\"NOX Systems, ein weltweit f\u00fchrender Anbieter von Sicherheitssystemen, bietet Produkte von au\u00dfergew\u00f6hnlicher Qualit\u00e4t.\" \/>\n<meta name=\"robots\" content=\"index, follow, max-snippet:-1, max-image-preview:large, max-video-preview:-1\" \/>\n<link rel=\"canonical\" href=\"https:\/\/recogtech.com\/de\/integration-nox-systems\/\" \/>\n<meta property=\"og:locale\" content=\"de_DE\" \/>\n<meta property=\"og:type\" content=\"article\" \/>\n<meta property=\"og:title\" content=\"Integration NOX Systems | Recogtech - Biometrische beveiliging\" \/>\n<meta property=\"og:description\" content=\"NOX Systems, ein weltweit f\u00fchrender Anbieter von Sicherheitssystemen, bietet Produkte von au\u00dfergew\u00f6hnlicher Qualit\u00e4t.\" \/>\n<meta property=\"og:url\" content=\"https:\/\/recogtech.com\/de\/integration-nox-systems\/\" \/>\n<meta property=\"og:site_name\" content=\"Recogtech - Biometrische beveiliging\" \/>\n<meta property=\"article:modified_time\" content=\"2024-09-09T10:37:38+00:00\" \/>\n<meta property=\"og:image\" content=\"https:\/\/recogtech.com\/wp-content\/uploads\/2024\/08\/nox-systems-640x336.jpg\" \/>\n<meta name=\"twitter:card\" content=\"summary_large_image\" \/>\n<meta name=\"twitter:label1\" content=\"Gesch\u00e4tzte Lesezeit\" \/>\n\t<meta name=\"twitter:data1\" content=\"5\u00a0Minuten\" \/>\n<script type=\"application\/ld+json\" class=\"yoast-schema-graph\">{\"@context\":\"https:\\\/\\\/schema.org\",\"@graph\":[{\"@type\":\"WebPage\",\"@id\":\"https:\\\/\\\/recogtech.com\\\/de\\\/integration-nox-systems\\\/\",\"url\":\"https:\\\/\\\/recogtech.com\\\/de\\\/integration-nox-systems\\\/\",\"name\":\"Integration NOX Systems | Recogtech - Biometrische beveiliging\",\"isPartOf\":{\"@id\":\"https:\\\/\\\/recogtech.com\\\/de\\\/#website\"},\"datePublished\":\"2024-07-09T13:56:39+00:00\",\"dateModified\":\"2024-09-09T10:37:38+00:00\",\"description\":\"NOX Systems, ein weltweit f\u00fchrender Anbieter von Sicherheitssystemen, bietet Produkte von au\u00dfergew\u00f6hnlicher Qualit\u00e4t.\",\"breadcrumb\":{\"@id\":\"https:\\\/\\\/recogtech.com\\\/de\\\/integration-nox-systems\\\/#breadcrumb\"},\"inLanguage\":\"de\",\"potentialAction\":[{\"@type\":\"ReadAction\",\"target\":[\"https:\\\/\\\/recogtech.com\\\/de\\\/integration-nox-systems\\\/\"]}]},{\"@type\":\"BreadcrumbList\",\"@id\":\"https:\\\/\\\/recogtech.com\\\/de\\\/integration-nox-systems\\\/#breadcrumb\",\"itemListElement\":[{\"@type\":\"ListItem\",\"position\":1,\"name\":\"Home\",\"item\":\"https:\\\/\\\/recogtech.com\\\/de\\\/\"},{\"@type\":\"ListItem\",\"position\":2,\"name\":\"Integration NOX Systems\"}]},{\"@type\":\"WebSite\",\"@id\":\"https:\\\/\\\/recogtech.com\\\/de\\\/#website\",\"url\":\"https:\\\/\\\/recogtech.com\\\/de\\\/\",\"name\":\"Recogtech - Biometrische beveiliging\",\"description\":\"High-end Biometric Security\",\"publisher\":{\"@id\":\"https:\\\/\\\/recogtech.com\\\/de\\\/#organization\"},\"potentialAction\":[{\"@type\":\"SearchAction\",\"target\":{\"@type\":\"EntryPoint\",\"urlTemplate\":\"https:\\\/\\\/recogtech.com\\\/de\\\/?s={search_term_string}\"},\"query-input\":{\"@type\":\"PropertyValueSpecification\",\"valueRequired\":true,\"valueName\":\"search_term_string\"}}],\"inLanguage\":\"de\"},{\"@type\":\"Organization\",\"@id\":\"https:\\\/\\\/recogtech.com\\\/de\\\/#organization\",\"name\":\"Recogtech B.V.\",\"url\":\"https:\\\/\\\/recogtech.com\\\/de\\\/\",\"logo\":{\"@type\":\"ImageObject\",\"inLanguage\":\"de\",\"@id\":\"https:\\\/\\\/recogtech.com\\\/de\\\/#\\\/schema\\\/logo\\\/image\\\/\",\"url\":\"https:\\\/\\\/recogtech.com\\\/wp-content\\\/uploads\\\/2023\\\/05\\\/recogtech-weblogo-blauw-rood.png\",\"contentUrl\":\"https:\\\/\\\/recogtech.com\\\/wp-content\\\/uploads\\\/2023\\\/05\\\/recogtech-weblogo-blauw-rood.png\",\"width\":600,\"height\":111,\"caption\":\"Recogtech B.V.\"},\"image\":{\"@id\":\"https:\\\/\\\/recogtech.com\\\/de\\\/#\\\/schema\\\/logo\\\/image\\\/\"}}]}<\/script>\n<!-- \/ Yoast SEO plugin. -->","yoast_head_json":{"title":"Integration NOX Systems | Recogtech - Biometrische beveiliging","description":"NOX Systems, ein weltweit f\u00fchrender Anbieter von Sicherheitssystemen, bietet Produkte von au\u00dfergew\u00f6hnlicher Qualit\u00e4t.","robots":{"index":"index","follow":"follow","max-snippet":"max-snippet:-1","max-image-preview":"max-image-preview:large","max-video-preview":"max-video-preview:-1"},"canonical":"https:\/\/recogtech.com\/de\/integration-nox-systems\/","og_locale":"de_DE","og_type":"article","og_title":"Integration NOX Systems | Recogtech - Biometrische beveiliging","og_description":"NOX Systems, ein weltweit f\u00fchrender Anbieter von Sicherheitssystemen, bietet Produkte von au\u00dfergew\u00f6hnlicher Qualit\u00e4t.","og_url":"https:\/\/recogtech.com\/de\/integration-nox-systems\/","og_site_name":"Recogtech - Biometrische beveiliging","article_modified_time":"2024-09-09T10:37:38+00:00","og_image":[{"url":"https:\/\/recogtech.com\/wp-content\/uploads\/2024\/08\/nox-systems-640x336.jpg","type":"","width":"","height":""}],"twitter_card":"summary_large_image","twitter_misc":{"Gesch\u00e4tzte Lesezeit":"5\u00a0Minuten"},"schema":{"@context":"https:\/\/schema.org","@graph":[{"@type":"WebPage","@id":"https:\/\/recogtech.com\/de\/integration-nox-systems\/","url":"https:\/\/recogtech.com\/de\/integration-nox-systems\/","name":"Integration NOX Systems | Recogtech - Biometrische beveiliging","isPartOf":{"@id":"https:\/\/recogtech.com\/de\/#website"},"datePublished":"2024-07-09T13:56:39+00:00","dateModified":"2024-09-09T10:37:38+00:00","description":"NOX Systems, ein weltweit f\u00fchrender Anbieter von Sicherheitssystemen, bietet Produkte von au\u00dfergew\u00f6hnlicher Qualit\u00e4t.","breadcrumb":{"@id":"https:\/\/recogtech.com\/de\/integration-nox-systems\/#breadcrumb"},"inLanguage":"de","potentialAction":[{"@type":"ReadAction","target":["https:\/\/recogtech.com\/de\/integration-nox-systems\/"]}]},{"@type":"BreadcrumbList","@id":"https:\/\/recogtech.com\/de\/integration-nox-systems\/#breadcrumb","itemListElement":[{"@type":"ListItem","position":1,"name":"Home","item":"https:\/\/recogtech.com\/de\/"},{"@type":"ListItem","position":2,"name":"Integration NOX Systems"}]},{"@type":"WebSite","@id":"https:\/\/recogtech.com\/de\/#website","url":"https:\/\/recogtech.com\/de\/","name":"Recogtech - Biometrische beveiliging","description":"High-end Biometric Security","publisher":{"@id":"https:\/\/recogtech.com\/de\/#organization"},"potentialAction":[{"@type":"SearchAction","target":{"@type":"EntryPoint","urlTemplate":"https:\/\/recogtech.com\/de\/?s={search_term_string}"},"query-input":{"@type":"PropertyValueSpecification","valueRequired":true,"valueName":"search_term_string"}}],"inLanguage":"de"},{"@type":"Organization","@id":"https:\/\/recogtech.com\/de\/#organization","name":"Recogtech B.V.","url":"https:\/\/recogtech.com\/de\/","logo":{"@type":"ImageObject","inLanguage":"de","@id":"https:\/\/recogtech.com\/de\/#\/schema\/logo\/image\/","url":"https:\/\/recogtech.com\/wp-content\/uploads\/2023\/05\/recogtech-weblogo-blauw-rood.png","contentUrl":"https:\/\/recogtech.com\/wp-content\/uploads\/2023\/05\/recogtech-weblogo-blauw-rood.png","width":600,"height":111,"caption":"Recogtech B.V."},"image":{"@id":"https:\/\/recogtech.com\/de\/#\/schema\/logo\/image\/"}}]}},"_links":{"self":[{"href":"https:\/\/recogtech.com\/de\/wp-json\/wp\/v2\/pages\/364517","targetHints":{"allow":["GET"]}}],"collection":[{"href":"https:\/\/recogtech.com\/de\/wp-json\/wp\/v2\/pages"}],"about":[{"href":"https:\/\/recogtech.com\/de\/wp-json\/wp\/v2\/types\/page"}],"author":[{"embeddable":true,"href":"https:\/\/recogtech.com\/de\/wp-json\/wp\/v2\/users\/2"}],"replies":[{"embeddable":true,"href":"https:\/\/recogtech.com\/de\/wp-json\/wp\/v2\/comments?post=364517"}],"version-history":[{"count":6,"href":"https:\/\/recogtech.com\/de\/wp-json\/wp\/v2\/pages\/364517\/revisions"}],"predecessor-version":[{"id":364678,"href":"https:\/\/recogtech.com\/de\/wp-json\/wp\/v2\/pages\/364517\/revisions\/364678"}],"wp:attachment":[{"href":"https:\/\/recogtech.com\/de\/wp-json\/wp\/v2\/media?parent=364517"}],"curies":[{"name":"wp","href":"https:\/\/api.w.org\/{rel}","templated":true}]}}