{"id":364480,"date":"2024-06-13T12:33:00","date_gmt":"2024-06-13T10:33:00","guid":{"rendered":"https:\/\/recogtech.com\/integration-cardaccess\/"},"modified":"2025-01-28T12:07:57","modified_gmt":"2025-01-28T11:07:57","slug":"integration-cardaccess","status":"publish","type":"page","link":"https:\/\/recogtech.com\/de\/integration-cardaccess\/","title":{"rendered":"Integration: CardAccess"},"content":{"rendered":"<p>[et_pb_section fb_built=&#8220;1&#8243; next_background_color=&#8220;#ffffff&#8220; admin_label=&#8220;section&#8220; module_class=&#8220;dh-valign-center-section&#8220; _builder_version=&#8220;4.22.1&#8243; background_enable_color=&#8220;off&#8220; use_background_color_gradient=&#8220;on&#8220; background_color_gradient_direction=&#8220;105deg&#8220; background_color_gradient_stops=&#8220;rgba(0,38,100,0.8) 0%|rgba(0,38,100,0.8) 50%|rgba(220,222,230,0) 50%|rgba(255,255,255,0) 99%&#8220; background_color_gradient_overlays_image=&#8220;on&#8220; background_image=&#8220;https:\/\/recogtech.com\/wp-content\/uploads\/2023\/05\/sector-kantoor-1920.jpg&#8220; height=&#8220;300px&#8220; height_tablet=&#8220;300px&#8220; height_phone=&#8220;240px&#8220; height_last_edited=&#8220;on|phone&#8220; custom_padding=&#8220;0px||0px||false|false&#8220; bottom_divider_style=&#8220;slant2&#8243; bottom_divider_height=&#8220;75px&#8220; bottom_divider_flip=&#8220;horizontal&#8220; locked=&#8220;off&#8220; global_colors_info=&#8220;{}&#8220;][et_pb_row admin_label=&#8220;row&#8220; _builder_version=&#8220;4.21.0&#8243; background_size=&#8220;initial&#8220; background_position=&#8220;top_left&#8220; background_repeat=&#8220;repeat&#8220; custom_padding=&#8220;0px||0px||false|false&#8220; global_colors_info=&#8220;{}&#8220;][et_pb_column type=&#8220;4_4&#8243; _builder_version=&#8220;4.16&#8243; custom_padding=&#8220;|||&#8220; global_colors_info=&#8220;{}&#8220; custom_padding__hover=&#8220;|||&#8220;][et_pb_text _builder_version=&#8220;4.22.1&#8243; _module_preset=&#8220;default&#8220; header_text_color=&#8220;#FFFFFF&#8220; header_font_size=&#8220;60px&#8220; header_font_size_tablet=&#8220;56px&#8220; header_font_size_phone=&#8220;42px&#8220; header_font_size_last_edited=&#8220;on|phone&#8220; global_colors_info=&#8220;{}&#8220;]<\/p>\n<h1>Integration: CardAccess<span style=\"color: #e70000;\">.<\/span><\/h1>\n<p>[\/et_pb_text][\/et_pb_column][\/et_pb_row][\/et_pb_section][et_pb_section fb_built=&#8220;1&#8243; _builder_version=&#8220;4.21.0&#8243; _module_preset=&#8220;default&#8220; global_colors_info=&#8220;{}&#8220;][et_pb_row column_structure=&#8220;1_2,1_2&#8243; _builder_version=&#8220;4.21.0&#8243; _module_preset=&#8220;default&#8220; global_colors_info=&#8220;{}&#8220;][et_pb_column type=&#8220;1_2&#8243; _builder_version=&#8220;4.21.0&#8243; _module_preset=&#8220;default&#8220; global_colors_info=&#8220;{}&#8220;][et_pb_text _builder_version=&#8220;4.23.1&#8243; _module_preset=&#8220;default&#8220; header_2_font_size=&#8220;36px&#8220; global_colors_info=&#8220;{}&#8220;]<\/p>\n<h2>\u00dcber CardAccess<\/h2>\n<p style=\"font-weight: 400;\">\u00a0CardAccess bietet hochwertige, ma\u00dfgeschneiderte Zutrittskontrollen mit optimaler Zuverl\u00e4ssigkeit, wie es in unserer Branche zu erwarten ist. Dank kontinuierlicher Innovation ist CardAccess eine bew\u00e4hrte Langzeitl\u00f6sung, au\u00dfergew\u00f6hnlich langlebig und mit einer einzigartigen 10-Jahres-Garantie ausgestattet. Das CardAccess-Zutrittskontrollsystem ist modular erweiterbar und bietet umfassende Integrationsm\u00f6glichkeiten mit andere Sicherheitssystemen. CardAccess ist Teil von ARAS Security, einem Distributor von Sicherheitsausr\u00fcstung und Projektpartner f\u00fcr eine breite Palette von Sicherheitsl\u00f6sungen.<\/p>\n<p>[\/et_pb_text][et_pb_button button_url=&#8220;@ET-DC@eyJkeW5hbWljIjp0cnVlLCJjb250ZW50IjoicG9zdF9saW5rX3VybF9wYWdlIiwic2V0dGluZ3MiOnsicG9zdF9pZCI6IjM2MTQ0NCJ9fQ==@&#8220; button_text=&#8220;Kontakt aufnehmen&#8220; _builder_version=&#8220;4.23.1&#8243; _dynamic_attributes=&#8220;button_url&#8220; _module_preset=&#8220;default&#8220; custom_button=&#8220;on&#8220; button_font=&#8220;|700|||||||&#8220; global_colors_info=&#8220;{}&#8220;][\/et_pb_button][\/et_pb_column][et_pb_column type=&#8220;1_2&#8243; _builder_version=&#8220;4.21.0&#8243; _module_preset=&#8220;default&#8220; global_colors_info=&#8220;{}&#8220;][et_pb_image src=&#8220;https:\/\/recogtech.com\/wp-content\/uploads\/2023\/07\/over-ons-foto.jpg&#8220; alt=&#8220;Uber uns &#8211; Recogtech&#8220; title_text=&#8220;over-ons-foto&#8220; _builder_version=&#8220;4.25.2&#8243; _module_preset=&#8220;default&#8220; global_colors_info=&#8220;{}&#8220;][\/et_pb_image][\/et_pb_column][\/et_pb_row][et_pb_row column_structure=&#8220;1_2,1_2&#8243; _builder_version=&#8220;4.21.0&#8243; _module_preset=&#8220;default&#8220; global_colors_info=&#8220;{}&#8220;][et_pb_column type=&#8220;1_2&#8243; _builder_version=&#8220;4.21.0&#8243; _module_preset=&#8220;default&#8220; global_colors_info=&#8220;{}&#8220;][et_pb_text _builder_version=&#8220;4.25.1&#8243; _module_preset=&#8220;default&#8220; header_2_font_size=&#8220;36px&#8220; global_colors_info=&#8220;{}&#8220;]<\/p>\n<h2>Integration mit Palm-ID Pro und Palm-ID Card<\/h2>\n<p style=\"font-weight: 400;\">CardAccess hat jetzt eine Integration mit der Palm-ID Pro und Palm-ID Card von Recogtech, dem innovativsten niederl\u00e4ndische Anbieter von fortschrittlichen biometrischen L\u00f6sungen. Diese Zusammenarbeit erm\u00f6glicht es den Benutzern, ihre Sicherheitsma\u00dfnahmen durch die Kombination von fortschrittlicher Handfl\u00e4chenerkennungstechnologie mit robuster Zutrittskontrolle zu verst\u00e4rken.<\/p>\n<p style=\"font-weight: 400;\">Die Palm-ID Pro und Palm-ID Card bieten fortschrittliche Handfl\u00e4chenerkennungstechnologie, die eine sichere und schnelle Verifizierung erm\u00f6glicht. Durch die Nutzung der einzigartigen Eigenschaften des Venenmusters in der Handfl\u00e4che k\u00f6nnen die Palm-ID-Produkte Einzelpersonen schnell, genau und zuverl\u00e4ssig identifizieren, wodurch die Risiken von Identit\u00e4tsbetrug und unbefugtem Zutritt zu Einrichtungen erheblich verringert werden.<\/p>\n<p>[\/et_pb_text][\/et_pb_column][et_pb_column type=&#8220;1_2&#8243; _builder_version=&#8220;4.21.0&#8243; _module_preset=&#8220;default&#8220; global_colors_info=&#8220;{}&#8220;][et_pb_text _builder_version=&#8220;4.25.1&#8243; _module_preset=&#8220;default&#8220; header_2_font_size=&#8220;36px&#8220; global_colors_info=&#8220;{}&#8220;]<\/p>\n<h2>Bessere Sicherheits\u00fcberwachung<\/h2>\n<p style=\"font-weight: 400;\">Mit den integrierten Palm-ID- und CardAccess-L\u00f6sungen k\u00f6nnen Benutzer biometrische Daten einfach erfassen und verwalten, Zugriffsrechte konfigurieren und detaillierte Berichte erstellen. Dies erm\u00f6glicht es Organisationen, Sicherheitsereignisse besser zu \u00fcberwachen, schnell auf Vorf\u00e4lle zu reagieren und die Einhaltung von Vorschriften zu verbessern.<\/p>\n<div>\u00a0<\/div>\n<p>[\/et_pb_text][\/et_pb_column][\/et_pb_row][\/et_pb_section][et_pb_section fb_built=&#8220;1&#8243; _builder_version=&#8220;4.22.0&#8243; _module_preset=&#8220;default&#8220; background_color=&#8220;rgba(0,38,100,0.15)&#8220; locked=&#8220;off&#8220; global_colors_info=&#8220;{}&#8220;][et_pb_row _builder_version=&#8220;4.22.0&#8243; _module_preset=&#8220;default&#8220; global_colors_info=&#8220;{}&#8220;][et_pb_column type=&#8220;4_4&#8243; _builder_version=&#8220;4.22.0&#8243; _module_preset=&#8220;default&#8220; global_colors_info=&#8220;{}&#8220;][et_pb_blurb use_icon=&#8220;on&#8220; font_icon=&#8220;&#xf10e;||fa||900&#8243; content_max_width=&#8220;800px&#8220; _builder_version=&#8220;4.25.1&#8243; _module_preset=&#8220;default&#8220; body_font=&#8220;|700|||||||&#8220; body_text_color=&#8220;#002664&#8243; body_font_size=&#8220;20px&#8220; body_line_height=&#8220;1.6em&#8220; text_orientation=&#8220;center&#8220; module_alignment=&#8220;center&#8220; global_colors_info=&#8220;{}&#8220;]<\/p>\n<p style=\"font-weight: 400;\"><em><strong>&#8222;Die Integration unserer Palm-ID-Produkte mit den CardAccess-T\u00fcrsteuerungen bietet eine leistungsstarke L\u00f6sung f\u00fcr Organisationen, die ihre Sicherheitsinfrastruktur st\u00e4rken m\u00f6chten&#8220;, sagte Eduard de Knegt, Technischer Direktor bei Recogtech. &#8222;Durch diese Zusammenarbeit k\u00f6nnen wir unsere fortschrittlichen biometrischen L\u00f6sungen einem breiteren Publikum pr\u00e4sentieren und Kunden bei der Implementierung robuster und zuverl\u00e4ssiger Sicherheitssysteme unterst\u00fctzen.&#8220;<\/strong><\/em><\/p>\n<p>[\/et_pb_blurb][\/et_pb_column][\/et_pb_row][\/et_pb_section][et_pb_section fb_built=&#8220;1&#8243; _builder_version=&#8220;4.21.0&#8243; _module_preset=&#8220;default&#8220; global_colors_info=&#8220;{}&#8220;][et_pb_row column_structure=&#8220;1_2,1_2&#8243; _builder_version=&#8220;4.21.0&#8243; _module_preset=&#8220;default&#8220; global_colors_info=&#8220;{}&#8220;][et_pb_column type=&#8220;1_2&#8243; _builder_version=&#8220;4.21.0&#8243; _module_preset=&#8220;default&#8220; global_colors_info=&#8220;{}&#8220;][et_pb_text _builder_version=&#8220;4.25.1&#8243; _module_preset=&#8220;default&#8220; header_2_font_size=&#8220;36px&#8220; global_colors_info=&#8220;{}&#8220;]<\/p>\n<h2>Weltweit direkt verf\u00fcgbar<\/h2>\n<div><em>Der Palm-ID Pro und die Palm-ID Card sind ab sofort \u00fcber das globale Netzwerk von Recogtech und die Vertriebskan\u00e4le von ARAS Security erh\u00e4ltlich. Weitere Informationen finden Sie auf den Websites von <a href=\"https:\/\/www.cardaccess.nl\">CardAccess<\/a> und <a href=\"https:\/\/www.recogtech.com\/\">Recogtech<\/a>.<\/em><\/div>\n<p>[\/et_pb_text][et_pb_button button_url=&#8220;@ET-DC@eyJkeW5hbWljIjp0cnVlLCJjb250ZW50IjoicG9zdF9saW5rX3VybF9wYWdlIiwic2V0dGluZ3MiOnsicG9zdF9pZCI6IjM2MTQ0NCJ9fQ==@&#8220; button_text=&#8220;Kontakt aufnehmen&#8220; _builder_version=&#8220;4.23.1&#8243; _dynamic_attributes=&#8220;button_url&#8220; _module_preset=&#8220;default&#8220; custom_button=&#8220;on&#8220; button_font=&#8220;|700|||||||&#8220; global_colors_info=&#8220;{}&#8220;][\/et_pb_button][\/et_pb_column][et_pb_column type=&#8220;1_2&#8243; _builder_version=&#8220;4.21.0&#8243; _module_preset=&#8220;default&#8220; global_colors_info=&#8220;{}&#8220;][et_pb_image src=&#8220;https:\/\/recogtech.com\/wp-content\/uploads\/2023\/05\/palm-id-entree.jpg&#8220; title_text=&#8220;palm-id-entree&#8220; _builder_version=&#8220;4.22.1&#8243; _module_preset=&#8220;default&#8220; global_colors_info=&#8220;{}&#8220;][\/et_pb_image][\/et_pb_column][\/et_pb_row][\/et_pb_section]<\/p>\n","protected":false},"excerpt":{"rendered":"<p>Integration: CardAccess.\u00dcber CardAccess \u00a0CardAccess bietet hochwertige, ma\u00dfgeschneiderte Zutrittskontrollen mit optimaler Zuverl\u00e4ssigkeit, wie es in unserer Branche zu erwarten ist. Dank kontinuierlicher Innovation ist CardAccess eine bew\u00e4hrte Langzeitl\u00f6sung, au\u00dfergew\u00f6hnlich langlebig und mit einer einzigartigen 10-Jahres-Garantie ausgestattet. Das CardAccess-Zutrittskontrollsystem ist modular erweiterbar und bietet umfassende Integrationsm\u00f6glichkeiten mit andere Sicherheitssystemen. CardAccess ist Teil von ARAS Security, einem Distributor [&hellip;]<\/p>\n","protected":false},"author":2,"featured_media":0,"parent":0,"menu_order":0,"comment_status":"closed","ping_status":"closed","template":"","meta":{"_et_pb_use_builder":"on","_et_pb_old_content":"","_et_gb_content_width":"","footnotes":""},"class_list":["post-364480","page","type-page","status-publish","hentry"],"yoast_head":"<!-- This site is optimized with the Yoast SEO plugin v27.5 - https:\/\/yoast.com\/product\/yoast-seo-wordpress\/ -->\n<title>Integration CardAccess | Biometrische Sicherheit<\/title>\n<meta name=\"description\" content=\"CardAccess bietet hochwertige, ma\u00dfgeschneiderte Zutrittskontrollen mit optimaler Zuverl\u00e4ssigkeit, wie es in unserer Branche zu erwarten ist.\" \/>\n<meta name=\"robots\" content=\"index, follow, max-snippet:-1, max-image-preview:large, max-video-preview:-1\" \/>\n<link rel=\"canonical\" href=\"https:\/\/recogtech.com\/de\/integration-cardaccess\/\" \/>\n<meta property=\"og:locale\" content=\"de_DE\" \/>\n<meta property=\"og:type\" content=\"article\" \/>\n<meta property=\"og:title\" content=\"Integration CardAccess | Biometrische Sicherheit\" \/>\n<meta property=\"og:description\" content=\"CardAccess bietet hochwertige, ma\u00dfgeschneiderte Zutrittskontrollen mit optimaler Zuverl\u00e4ssigkeit, wie es in unserer Branche zu erwarten ist.\" \/>\n<meta property=\"og:url\" content=\"https:\/\/recogtech.com\/de\/integration-cardaccess\/\" \/>\n<meta property=\"og:site_name\" content=\"Recogtech - Biometrische beveiliging\" \/>\n<meta property=\"article:modified_time\" content=\"2025-01-28T11:07:57+00:00\" \/>\n<meta property=\"og:image\" content=\"https:\/\/recogtech.com\/wp-content\/uploads\/2024\/08\/card-access-640x336.jpg\" \/>\n<meta name=\"twitter:card\" content=\"summary_large_image\" \/>\n<meta name=\"twitter:label1\" content=\"Gesch\u00e4tzte Lesezeit\" \/>\n\t<meta name=\"twitter:data1\" content=\"2\u00a0Minuten\" \/>\n<script type=\"application\/ld+json\" class=\"yoast-schema-graph\">{\"@context\":\"https:\\\/\\\/schema.org\",\"@graph\":[{\"@type\":\"WebPage\",\"@id\":\"https:\\\/\\\/recogtech.com\\\/de\\\/integration-cardaccess\\\/\",\"url\":\"https:\\\/\\\/recogtech.com\\\/de\\\/integration-cardaccess\\\/\",\"name\":\"Integration CardAccess | Biometrische Sicherheit\",\"isPartOf\":{\"@id\":\"https:\\\/\\\/recogtech.com\\\/de\\\/#website\"},\"datePublished\":\"2024-06-13T10:33:00+00:00\",\"dateModified\":\"2025-01-28T11:07:57+00:00\",\"description\":\"CardAccess bietet hochwertige, ma\u00dfgeschneiderte Zutrittskontrollen mit optimaler Zuverl\u00e4ssigkeit, wie es in unserer Branche zu erwarten ist.\",\"breadcrumb\":{\"@id\":\"https:\\\/\\\/recogtech.com\\\/de\\\/integration-cardaccess\\\/#breadcrumb\"},\"inLanguage\":\"de\",\"potentialAction\":[{\"@type\":\"ReadAction\",\"target\":[\"https:\\\/\\\/recogtech.com\\\/de\\\/integration-cardaccess\\\/\"]}]},{\"@type\":\"BreadcrumbList\",\"@id\":\"https:\\\/\\\/recogtech.com\\\/de\\\/integration-cardaccess\\\/#breadcrumb\",\"itemListElement\":[{\"@type\":\"ListItem\",\"position\":1,\"name\":\"Home\",\"item\":\"https:\\\/\\\/recogtech.com\\\/de\\\/\"},{\"@type\":\"ListItem\",\"position\":2,\"name\":\"Integration: CardAccess\"}]},{\"@type\":\"WebSite\",\"@id\":\"https:\\\/\\\/recogtech.com\\\/de\\\/#website\",\"url\":\"https:\\\/\\\/recogtech.com\\\/de\\\/\",\"name\":\"Recogtech - Biometrische beveiliging\",\"description\":\"High-end Biometric Security\",\"publisher\":{\"@id\":\"https:\\\/\\\/recogtech.com\\\/de\\\/#organization\"},\"potentialAction\":[{\"@type\":\"SearchAction\",\"target\":{\"@type\":\"EntryPoint\",\"urlTemplate\":\"https:\\\/\\\/recogtech.com\\\/de\\\/?s={search_term_string}\"},\"query-input\":{\"@type\":\"PropertyValueSpecification\",\"valueRequired\":true,\"valueName\":\"search_term_string\"}}],\"inLanguage\":\"de\"},{\"@type\":\"Organization\",\"@id\":\"https:\\\/\\\/recogtech.com\\\/de\\\/#organization\",\"name\":\"Recogtech B.V.\",\"url\":\"https:\\\/\\\/recogtech.com\\\/de\\\/\",\"logo\":{\"@type\":\"ImageObject\",\"inLanguage\":\"de\",\"@id\":\"https:\\\/\\\/recogtech.com\\\/de\\\/#\\\/schema\\\/logo\\\/image\\\/\",\"url\":\"https:\\\/\\\/recogtech.com\\\/wp-content\\\/uploads\\\/2023\\\/05\\\/recogtech-weblogo-blauw-rood.png\",\"contentUrl\":\"https:\\\/\\\/recogtech.com\\\/wp-content\\\/uploads\\\/2023\\\/05\\\/recogtech-weblogo-blauw-rood.png\",\"width\":600,\"height\":111,\"caption\":\"Recogtech B.V.\"},\"image\":{\"@id\":\"https:\\\/\\\/recogtech.com\\\/de\\\/#\\\/schema\\\/logo\\\/image\\\/\"}}]}<\/script>\n<!-- \/ Yoast SEO plugin. -->","yoast_head_json":{"title":"Integration CardAccess | Biometrische Sicherheit","description":"CardAccess bietet hochwertige, ma\u00dfgeschneiderte Zutrittskontrollen mit optimaler Zuverl\u00e4ssigkeit, wie es in unserer Branche zu erwarten ist.","robots":{"index":"index","follow":"follow","max-snippet":"max-snippet:-1","max-image-preview":"max-image-preview:large","max-video-preview":"max-video-preview:-1"},"canonical":"https:\/\/recogtech.com\/de\/integration-cardaccess\/","og_locale":"de_DE","og_type":"article","og_title":"Integration CardAccess | Biometrische Sicherheit","og_description":"CardAccess bietet hochwertige, ma\u00dfgeschneiderte Zutrittskontrollen mit optimaler Zuverl\u00e4ssigkeit, wie es in unserer Branche zu erwarten ist.","og_url":"https:\/\/recogtech.com\/de\/integration-cardaccess\/","og_site_name":"Recogtech - Biometrische beveiliging","article_modified_time":"2025-01-28T11:07:57+00:00","og_image":[{"url":"https:\/\/recogtech.com\/wp-content\/uploads\/2024\/08\/card-access-640x336.jpg","type":"","width":"","height":""}],"twitter_card":"summary_large_image","twitter_misc":{"Gesch\u00e4tzte Lesezeit":"2\u00a0Minuten"},"schema":{"@context":"https:\/\/schema.org","@graph":[{"@type":"WebPage","@id":"https:\/\/recogtech.com\/de\/integration-cardaccess\/","url":"https:\/\/recogtech.com\/de\/integration-cardaccess\/","name":"Integration CardAccess | Biometrische Sicherheit","isPartOf":{"@id":"https:\/\/recogtech.com\/de\/#website"},"datePublished":"2024-06-13T10:33:00+00:00","dateModified":"2025-01-28T11:07:57+00:00","description":"CardAccess bietet hochwertige, ma\u00dfgeschneiderte Zutrittskontrollen mit optimaler Zuverl\u00e4ssigkeit, wie es in unserer Branche zu erwarten ist.","breadcrumb":{"@id":"https:\/\/recogtech.com\/de\/integration-cardaccess\/#breadcrumb"},"inLanguage":"de","potentialAction":[{"@type":"ReadAction","target":["https:\/\/recogtech.com\/de\/integration-cardaccess\/"]}]},{"@type":"BreadcrumbList","@id":"https:\/\/recogtech.com\/de\/integration-cardaccess\/#breadcrumb","itemListElement":[{"@type":"ListItem","position":1,"name":"Home","item":"https:\/\/recogtech.com\/de\/"},{"@type":"ListItem","position":2,"name":"Integration: CardAccess"}]},{"@type":"WebSite","@id":"https:\/\/recogtech.com\/de\/#website","url":"https:\/\/recogtech.com\/de\/","name":"Recogtech - Biometrische beveiliging","description":"High-end Biometric Security","publisher":{"@id":"https:\/\/recogtech.com\/de\/#organization"},"potentialAction":[{"@type":"SearchAction","target":{"@type":"EntryPoint","urlTemplate":"https:\/\/recogtech.com\/de\/?s={search_term_string}"},"query-input":{"@type":"PropertyValueSpecification","valueRequired":true,"valueName":"search_term_string"}}],"inLanguage":"de"},{"@type":"Organization","@id":"https:\/\/recogtech.com\/de\/#organization","name":"Recogtech B.V.","url":"https:\/\/recogtech.com\/de\/","logo":{"@type":"ImageObject","inLanguage":"de","@id":"https:\/\/recogtech.com\/de\/#\/schema\/logo\/image\/","url":"https:\/\/recogtech.com\/wp-content\/uploads\/2023\/05\/recogtech-weblogo-blauw-rood.png","contentUrl":"https:\/\/recogtech.com\/wp-content\/uploads\/2023\/05\/recogtech-weblogo-blauw-rood.png","width":600,"height":111,"caption":"Recogtech B.V."},"image":{"@id":"https:\/\/recogtech.com\/de\/#\/schema\/logo\/image\/"}}]}},"_links":{"self":[{"href":"https:\/\/recogtech.com\/de\/wp-json\/wp\/v2\/pages\/364480","targetHints":{"allow":["GET"]}}],"collection":[{"href":"https:\/\/recogtech.com\/de\/wp-json\/wp\/v2\/pages"}],"about":[{"href":"https:\/\/recogtech.com\/de\/wp-json\/wp\/v2\/types\/page"}],"author":[{"embeddable":true,"href":"https:\/\/recogtech.com\/de\/wp-json\/wp\/v2\/users\/2"}],"replies":[{"embeddable":true,"href":"https:\/\/recogtech.com\/de\/wp-json\/wp\/v2\/comments?post=364480"}],"version-history":[{"count":8,"href":"https:\/\/recogtech.com\/de\/wp-json\/wp\/v2\/pages\/364480\/revisions"}],"predecessor-version":[{"id":364674,"href":"https:\/\/recogtech.com\/de\/wp-json\/wp\/v2\/pages\/364480\/revisions\/364674"}],"wp:attachment":[{"href":"https:\/\/recogtech.com\/de\/wp-json\/wp\/v2\/media?parent=364480"}],"curies":[{"name":"wp","href":"https:\/\/api.w.org\/{rel}","templated":true}]}}