{"id":362949,"date":"2023-11-27T15:41:25","date_gmt":"2023-11-27T14:41:25","guid":{"rendered":"https:\/\/recogtech.com\/broschuere-erhalten\/"},"modified":"2023-12-04T16:10:33","modified_gmt":"2023-12-04T15:10:33","slug":"broschuere-erhalten","status":"publish","type":"page","link":"https:\/\/recogtech.com\/de\/broschuere-erhalten\/","title":{"rendered":"Brosch\u00fcre erhalten"},"content":{"rendered":"<p>[et_pb_section fb_built=&#8220;1&#8243; next_background_color=&#8220;#ffffff&#8220; admin_label=&#8220;section&#8220; module_class=&#8220;dh-valign-center-section&#8220; _builder_version=&#8220;4.21.0&#8243; background_enable_color=&#8220;off&#8220; use_background_color_gradient=&#8220;on&#8220; background_color_gradient_direction=&#8220;105deg&#8220; background_color_gradient_stops=&#8220;rgba(0,38,100,0.8) 0%|rgba(0,38,100,0.8) 50%|rgba(220,222,230,0) 50%|rgba(255,255,255,0) 99%&#8220; background_color_gradient_overlays_image=&#8220;on&#8220; background_image=&#8220;https:\/\/recogtech.com\/wp-content\/uploads\/2023\/05\/header-insights-en-footer-kleur.jpg&#8220; height=&#8220;300px&#8220; height_tablet=&#8220;300px&#8220; height_phone=&#8220;240px&#8220; height_last_edited=&#8220;on|phone&#8220; custom_padding=&#8220;0px||0px||false|false&#8220; bottom_divider_style=&#8220;slant2&#8243; bottom_divider_height=&#8220;75px&#8220; bottom_divider_flip=&#8220;horizontal&#8220; locked=&#8220;off&#8220; global_colors_info=&#8220;{}&#8220;][et_pb_row admin_label=&#8220;row&#8220; _builder_version=&#8220;4.21.0&#8243; background_size=&#8220;initial&#8220; background_position=&#8220;top_left&#8220; background_repeat=&#8220;repeat&#8220; custom_padding=&#8220;0px||0px||false|false&#8220; global_colors_info=&#8220;{}&#8220;][et_pb_column type=&#8220;4_4&#8243; _builder_version=&#8220;4.16&#8243; custom_padding=&#8220;|||&#8220; global_colors_info=&#8220;{}&#8220; custom_padding__hover=&#8220;|||&#8220;][et_pb_text _builder_version=&#8220;4.21.0&#8243; _module_preset=&#8220;default&#8220; header_text_color=&#8220;#FFFFFF&#8220; header_font_size=&#8220;60px&#8220; header_font_size_tablet=&#8220;56px&#8220; header_font_size_phone=&#8220;42px&#8220; header_font_size_last_edited=&#8220;on|phone&#8220; global_colors_info=&#8220;{}&#8220;]<\/p>\n<h1>Unsere Brosch\u00fcre erhalten<span style=\"color: #e70000;\">.<\/span><\/h1>\n<p>[\/et_pb_text][\/et_pb_column][\/et_pb_row][\/et_pb_section][et_pb_section fb_built=&#8220;1&#8243; _builder_version=&#8220;4.22.0&#8243; _module_preset=&#8220;default&#8220; global_colors_info=&#8220;{}&#8220;][et_pb_row _builder_version=&#8220;4.22.0&#8243; _module_preset=&#8220;default&#8220; max_width=&#8220;960px&#8220; module_alignment=&#8220;center&#8220; global_colors_info=&#8220;{}&#8220;][et_pb_column type=&#8220;4_4&#8243; _builder_version=&#8220;4.22.0&#8243; _module_preset=&#8220;default&#8220; global_colors_info=&#8220;{}&#8220;][et_pb_divider divider_weight=&#8220;3px&#8220; _builder_version=&#8220;4.22.0&#8243; _module_preset=&#8220;default&#8220; global_colors_info=&#8220;{}&#8220;][\/et_pb_divider][et_pb_text _builder_version=&#8220;4.22.0&#8243; _module_preset=&#8220;default&#8220; global_colors_info=&#8220;{}&#8220;]<\/p>\n<p><strong>Suchen Sie eine sichere Zugangsl\u00f6sung f\u00fcr Ihren Standort? Interessieren Sie sich f\u00fcr eine Demonstration? Hinterlassen Sie bitte Ihre Daten unten und laden Sie unsere Brosch\u00fcre sofort herunter.<\/strong><\/p>\n<p>[\/et_pb_text][dsm_contact_form_7 cf7_library=&#8220;362941&#8243; show_validation=&#8220;on&#8220; label_bottom_spacing=&#8220;0px&#8220; input_background_color=&#8220;rgba(0,38,100,0.15)&#8220; _builder_version=&#8220;4.23.1&#8243; _module_preset=&#8220;default&#8220; labels_font=&#8220;|700|||||||&#8220; labels_text_color=&#8220;#002664&#8243; input_textarea_select_font_size=&#8220;16px&#8220; custom_button_one=&#8220;on&#8220; button_one_text_color=&#8220;#FFFFFF&#8220; button_one_font=&#8220;|700|||||||&#8220; button_one_use_icon=&#8220;off&#8220; hover_enabled=&#8220;0&#8243; border_color_all_error_validation=&#8220;#E70000&#8243; global_colors_info=&#8220;{}&#8220; sticky_enabled=&#8220;0&#8243;][\/dsm_contact_form_7][\/et_pb_column][\/et_pb_row][\/et_pb_section]<\/p>\n","protected":false},"excerpt":{"rendered":"<p>Unsere Brosch\u00fcre erhalten.Suchen Sie eine sichere Zugangsl\u00f6sung f\u00fcr Ihren Standort? Interessieren Sie sich f\u00fcr eine Demonstration? Hinterlassen Sie bitte Ihre Daten unten und laden Sie unsere Brosch\u00fcre sofort herunter.<div class=\"et_pb_with_border et_pb_module dsm_contact_form_7 dsm_contact_form_7_0\">\n\t\t\t\t\n\t\t\t\t\n\t\t\t\t\n\t\t\t\t\n\t\t\t\t\n\t\t\t\t\n\t\t\t\t<div class=\"et_pb_module_inner\">\n\t\t\t\t\t<div class=\"\">\n\t\t\t\t\n<div class=\"wpcf7 no-js\" id=\"wpcf7-f362941-o1\" lang=\"en-US\" dir=\"ltr\" data-wpcf7-id=\"362941\">\n<div class=\"screen-reader-response\"><p role=\"status\" aria-live=\"polite\" aria-atomic=\"true\"><\/p> <ul><\/ul><\/div>\n<form action=\"\/de\/wp-json\/wp\/v2\/pages\/362949#wpcf7-f362941-o1\" method=\"post\" class=\"wpcf7-form init\" aria-label=\"Contact form\" novalidate=\"novalidate\" data-status=\"init\">\n<fieldset class=\"hidden-fields-container\"><input type=\"hidden\" name=\"_wpcf7\" value=\"362941\" \/><input type=\"hidden\" name=\"_wpcf7_version\" value=\"6.1.5\" \/><input type=\"hidden\" name=\"_wpcf7_locale\" value=\"en_US\" \/><input type=\"hidden\" name=\"_wpcf7_unit_tag\" value=\"wpcf7-f362941-o1\" \/><input type=\"hidden\" name=\"_wpcf7_container_post\" value=\"0\" \/><input type=\"hidden\" name=\"_wpcf7_posted_data_hash\" value=\"\" \/><input type=\"hidden\" name=\"_wpcf7_recaptcha_response\" value=\"\" \/>\n<\/fieldset>\n<p><label> Ihr Name (*)<br \/>\n<span class=\"wpcf7-form-control-wrap\" data-name=\"your-name\"><input size=\"40\" maxlength=\"400\" class=\"wpcf7-form-control wpcf7-text wpcf7-validates-as-required\" aria-required=\"true\" aria-invalid=\"false\" value=\"\" type=\"text\" name=\"your-name\" \/><\/span> <\/label>\n<\/p>\n<p><label> Name der Firma<br \/>\n<span class=\"wpcf7-form-control-wrap\" data-name=\"your-company\"><input size=\"40\" maxlength=\"400\" class=\"wpcf7-form-control wpcf7-text\" aria-invalid=\"false\" value=\"\" type=\"text\" name=\"your-company\" \/><\/span> <\/label>\n<\/p>\n<p><label> E-Mail-Addresse (*)<br \/>\n<span class=\"wpcf7-form-control-wrap\" data-name=\"your-email\"><input size=\"40\" maxlength=\"400\" class=\"wpcf7-form-control wpcf7-email wpcf7-validates-as-required wpcf7-text wpcf7-validates-as-email\" aria-required=\"true\" aria-invalid=\"false\" value=\"\" type=\"email\" name=\"your-email\" \/><\/span> <\/label>\n<\/p>\n<p><label> Telefon (*)<br \/>\n<span class=\"wpcf7-form-control-wrap\" data-name=\"your-phone\"><input size=\"40\" maxlength=\"400\" class=\"wpcf7-form-control wpcf7-tel wpcf7-validates-as-required wpcf7-text wpcf7-validates-as-tel\" aria-required=\"true\" aria-invalid=\"false\" value=\"\" type=\"tel\" name=\"your-phone\" \/><\/span> <\/label>\n<\/p>\n<p><button class=\"wpcf7-form-control wpcf7-submit has-spinner et_pb_button et_pb_bg_layout_light\" type=\"submit\" value=\"Herunterladen\">Herunterladen<\/button>\n<\/p><div class=\"wpcf7-response-output\" aria-hidden=\"true\"><\/div>\n<\/form>\n<\/div>\n\n\t\t\t<\/div>\n\t\t\t\t<\/div>\n\t\t\t<\/div><\/p>\n","protected":false},"author":2,"featured_media":0,"parent":0,"menu_order":0,"comment_status":"closed","ping_status":"closed","template":"","meta":{"_et_pb_use_builder":"on","_et_pb_old_content":"","_et_gb_content_width":"","footnotes":""},"class_list":["post-362949","page","type-page","status-publish","hentry"],"yoast_head":"<!-- This site is optimized with the Yoast SEO plugin v27.4 - https:\/\/yoast.com\/product\/yoast-seo-wordpress\/ -->\n<title>Unsere Brosch\u00fcre erhalten | Recogtech<\/title>\n<meta name=\"description\" content=\"M\u00f6chten Sie mehr \u00fcber die biometrischen High-End-Produkte von Recogtech erfahren? Dann laden Sie jetzt die Brosch\u00fcre auf unserer Website herunter.\" \/>\n<meta name=\"robots\" content=\"index, follow, max-snippet:-1, max-image-preview:large, max-video-preview:-1\" \/>\n<link rel=\"canonical\" href=\"https:\/\/recogtech.com\/de\/broschuere-erhalten\/\" \/>\n<meta property=\"og:locale\" content=\"de_DE\" \/>\n<meta property=\"og:type\" content=\"article\" \/>\n<meta property=\"og:title\" content=\"Unsere Brosch\u00fcre erhalten | Recogtech\" \/>\n<meta property=\"og:description\" content=\"M\u00f6chten Sie mehr \u00fcber die biometrischen High-End-Produkte von Recogtech erfahren? Dann laden Sie jetzt die Brosch\u00fcre auf unserer Website herunter.\" \/>\n<meta property=\"og:url\" content=\"https:\/\/recogtech.com\/de\/broschuere-erhalten\/\" \/>\n<meta property=\"og:site_name\" content=\"Recogtech - Biometrische beveiliging\" \/>\n<meta property=\"article:modified_time\" content=\"2023-12-04T15:10:33+00:00\" \/>\n<meta name=\"twitter:card\" content=\"summary_large_image\" \/>\n<meta name=\"twitter:label1\" content=\"Gesch\u00e4tzte Lesezeit\" \/>\n\t<meta name=\"twitter:data1\" content=\"1\u00a0Minute\" \/>\n<script type=\"application\/ld+json\" class=\"yoast-schema-graph\">{\"@context\":\"https:\\\/\\\/schema.org\",\"@graph\":[{\"@type\":\"WebPage\",\"@id\":\"https:\\\/\\\/recogtech.com\\\/de\\\/broschuere-erhalten\\\/\",\"url\":\"https:\\\/\\\/recogtech.com\\\/de\\\/broschuere-erhalten\\\/\",\"name\":\"Unsere Brosch\u00fcre erhalten | Recogtech\",\"isPartOf\":{\"@id\":\"https:\\\/\\\/recogtech.com\\\/de\\\/#website\"},\"datePublished\":\"2023-11-27T14:41:25+00:00\",\"dateModified\":\"2023-12-04T15:10:33+00:00\",\"description\":\"M\u00f6chten Sie mehr \u00fcber die biometrischen High-End-Produkte von Recogtech erfahren? Dann laden Sie jetzt die Brosch\u00fcre auf unserer Website herunter.\",\"breadcrumb\":{\"@id\":\"https:\\\/\\\/recogtech.com\\\/de\\\/broschuere-erhalten\\\/#breadcrumb\"},\"inLanguage\":\"de\",\"potentialAction\":[{\"@type\":\"ReadAction\",\"target\":[\"https:\\\/\\\/recogtech.com\\\/de\\\/broschuere-erhalten\\\/\"]}]},{\"@type\":\"BreadcrumbList\",\"@id\":\"https:\\\/\\\/recogtech.com\\\/de\\\/broschuere-erhalten\\\/#breadcrumb\",\"itemListElement\":[{\"@type\":\"ListItem\",\"position\":1,\"name\":\"Home\",\"item\":\"https:\\\/\\\/recogtech.com\\\/de\\\/\"},{\"@type\":\"ListItem\",\"position\":2,\"name\":\"Brosch\u00fcre erhalten\"}]},{\"@type\":\"WebSite\",\"@id\":\"https:\\\/\\\/recogtech.com\\\/de\\\/#website\",\"url\":\"https:\\\/\\\/recogtech.com\\\/de\\\/\",\"name\":\"Recogtech - Biometrische beveiliging\",\"description\":\"High-end Biometric Security\",\"publisher\":{\"@id\":\"https:\\\/\\\/recogtech.com\\\/de\\\/#organization\"},\"potentialAction\":[{\"@type\":\"SearchAction\",\"target\":{\"@type\":\"EntryPoint\",\"urlTemplate\":\"https:\\\/\\\/recogtech.com\\\/de\\\/?s={search_term_string}\"},\"query-input\":{\"@type\":\"PropertyValueSpecification\",\"valueRequired\":true,\"valueName\":\"search_term_string\"}}],\"inLanguage\":\"de\"},{\"@type\":\"Organization\",\"@id\":\"https:\\\/\\\/recogtech.com\\\/de\\\/#organization\",\"name\":\"Recogtech B.V.\",\"url\":\"https:\\\/\\\/recogtech.com\\\/de\\\/\",\"logo\":{\"@type\":\"ImageObject\",\"inLanguage\":\"de\",\"@id\":\"https:\\\/\\\/recogtech.com\\\/de\\\/#\\\/schema\\\/logo\\\/image\\\/\",\"url\":\"https:\\\/\\\/recogtech.com\\\/wp-content\\\/uploads\\\/2023\\\/05\\\/recogtech-weblogo-blauw-rood.png\",\"contentUrl\":\"https:\\\/\\\/recogtech.com\\\/wp-content\\\/uploads\\\/2023\\\/05\\\/recogtech-weblogo-blauw-rood.png\",\"width\":600,\"height\":111,\"caption\":\"Recogtech B.V.\"},\"image\":{\"@id\":\"https:\\\/\\\/recogtech.com\\\/de\\\/#\\\/schema\\\/logo\\\/image\\\/\"}}]}<\/script>\n<!-- \/ Yoast SEO plugin. -->","yoast_head_json":{"title":"Unsere Brosch\u00fcre erhalten | Recogtech","description":"M\u00f6chten Sie mehr \u00fcber die biometrischen High-End-Produkte von Recogtech erfahren? Dann laden Sie jetzt die Brosch\u00fcre auf unserer Website herunter.","robots":{"index":"index","follow":"follow","max-snippet":"max-snippet:-1","max-image-preview":"max-image-preview:large","max-video-preview":"max-video-preview:-1"},"canonical":"https:\/\/recogtech.com\/de\/broschuere-erhalten\/","og_locale":"de_DE","og_type":"article","og_title":"Unsere Brosch\u00fcre erhalten | Recogtech","og_description":"M\u00f6chten Sie mehr \u00fcber die biometrischen High-End-Produkte von Recogtech erfahren? Dann laden Sie jetzt die Brosch\u00fcre auf unserer Website herunter.","og_url":"https:\/\/recogtech.com\/de\/broschuere-erhalten\/","og_site_name":"Recogtech - Biometrische beveiliging","article_modified_time":"2023-12-04T15:10:33+00:00","twitter_card":"summary_large_image","twitter_misc":{"Gesch\u00e4tzte Lesezeit":"1\u00a0Minute"},"schema":{"@context":"https:\/\/schema.org","@graph":[{"@type":"WebPage","@id":"https:\/\/recogtech.com\/de\/broschuere-erhalten\/","url":"https:\/\/recogtech.com\/de\/broschuere-erhalten\/","name":"Unsere Brosch\u00fcre erhalten | Recogtech","isPartOf":{"@id":"https:\/\/recogtech.com\/de\/#website"},"datePublished":"2023-11-27T14:41:25+00:00","dateModified":"2023-12-04T15:10:33+00:00","description":"M\u00f6chten Sie mehr \u00fcber die biometrischen High-End-Produkte von Recogtech erfahren? Dann laden Sie jetzt die Brosch\u00fcre auf unserer Website herunter.","breadcrumb":{"@id":"https:\/\/recogtech.com\/de\/broschuere-erhalten\/#breadcrumb"},"inLanguage":"de","potentialAction":[{"@type":"ReadAction","target":["https:\/\/recogtech.com\/de\/broschuere-erhalten\/"]}]},{"@type":"BreadcrumbList","@id":"https:\/\/recogtech.com\/de\/broschuere-erhalten\/#breadcrumb","itemListElement":[{"@type":"ListItem","position":1,"name":"Home","item":"https:\/\/recogtech.com\/de\/"},{"@type":"ListItem","position":2,"name":"Brosch\u00fcre erhalten"}]},{"@type":"WebSite","@id":"https:\/\/recogtech.com\/de\/#website","url":"https:\/\/recogtech.com\/de\/","name":"Recogtech - Biometrische beveiliging","description":"High-end Biometric Security","publisher":{"@id":"https:\/\/recogtech.com\/de\/#organization"},"potentialAction":[{"@type":"SearchAction","target":{"@type":"EntryPoint","urlTemplate":"https:\/\/recogtech.com\/de\/?s={search_term_string}"},"query-input":{"@type":"PropertyValueSpecification","valueRequired":true,"valueName":"search_term_string"}}],"inLanguage":"de"},{"@type":"Organization","@id":"https:\/\/recogtech.com\/de\/#organization","name":"Recogtech B.V.","url":"https:\/\/recogtech.com\/de\/","logo":{"@type":"ImageObject","inLanguage":"de","@id":"https:\/\/recogtech.com\/de\/#\/schema\/logo\/image\/","url":"https:\/\/recogtech.com\/wp-content\/uploads\/2023\/05\/recogtech-weblogo-blauw-rood.png","contentUrl":"https:\/\/recogtech.com\/wp-content\/uploads\/2023\/05\/recogtech-weblogo-blauw-rood.png","width":600,"height":111,"caption":"Recogtech B.V."},"image":{"@id":"https:\/\/recogtech.com\/de\/#\/schema\/logo\/image\/"}}]}},"_links":{"self":[{"href":"https:\/\/recogtech.com\/de\/wp-json\/wp\/v2\/pages\/362949","targetHints":{"allow":["GET"]}}],"collection":[{"href":"https:\/\/recogtech.com\/de\/wp-json\/wp\/v2\/pages"}],"about":[{"href":"https:\/\/recogtech.com\/de\/wp-json\/wp\/v2\/types\/page"}],"author":[{"embeddable":true,"href":"https:\/\/recogtech.com\/de\/wp-json\/wp\/v2\/users\/2"}],"replies":[{"embeddable":true,"href":"https:\/\/recogtech.com\/de\/wp-json\/wp\/v2\/comments?post=362949"}],"version-history":[{"count":0,"href":"https:\/\/recogtech.com\/de\/wp-json\/wp\/v2\/pages\/362949\/revisions"}],"wp:attachment":[{"href":"https:\/\/recogtech.com\/de\/wp-json\/wp\/v2\/media?parent=362949"}],"curies":[{"name":"wp","href":"https:\/\/api.w.org\/{rel}","templated":true}]}}