{"id":362925,"date":"2023-11-27T15:10:51","date_gmt":"2023-11-27T14:10:51","guid":{"rendered":"https:\/\/recogtech.com\/zubehoer\/"},"modified":"2023-12-07T16:13:20","modified_gmt":"2023-12-07T15:13:20","slug":"zubehor","status":"publish","type":"page","link":"https:\/\/recogtech.com\/de\/zubehor\/","title":{"rendered":"Zubeh\u00f6r"},"content":{"rendered":"<p>[et_pb_section fb_built=&#8220;1&#8243; next_background_color=&#8220;#ffffff&#8220; admin_label=&#8220;section&#8220; module_class=&#8220;dh-valign-center-section&#8220; _builder_version=&#8220;4.21.0&#8243; background_enable_color=&#8220;off&#8220; use_background_color_gradient=&#8220;on&#8220; background_color_gradient_direction=&#8220;105deg&#8220; background_color_gradient_stops=&#8220;rgba(0,38,100,0.8) 0%|rgba(0,38,100,0.8) 50%|rgba(220,222,230,0) 50%|rgba(255,255,255,0) 99%&#8220; background_color_gradient_overlays_image=&#8220;on&#8220; background_image=&#8220;https:\/\/recogtech.com\/wp-content\/uploads\/2023\/06\/sfeer-palm-id-03.jpg&#8220; height=&#8220;300px&#8220; height_tablet=&#8220;300px&#8220; height_phone=&#8220;240px&#8220; height_last_edited=&#8220;on|phone&#8220; custom_padding=&#8220;0px||0px||false|false&#8220; bottom_divider_style=&#8220;slant2&#8243; bottom_divider_height=&#8220;75px&#8220; bottom_divider_flip=&#8220;horizontal&#8220; locked=&#8220;off&#8220; global_colors_info=&#8220;{}&#8220;][et_pb_row admin_label=&#8220;row&#8220; _builder_version=&#8220;4.21.0&#8243; background_size=&#8220;initial&#8220; background_position=&#8220;top_left&#8220; background_repeat=&#8220;repeat&#8220; custom_padding=&#8220;0px||0px||false|false&#8220; global_colors_info=&#8220;{}&#8220;][et_pb_column type=&#8220;4_4&#8243; _builder_version=&#8220;4.16&#8243; custom_padding=&#8220;|||&#8220; global_colors_info=&#8220;{}&#8220; custom_padding__hover=&#8220;|||&#8220;][et_pb_text _builder_version=&#8220;4.21.0&#8243; _module_preset=&#8220;default&#8220; header_text_color=&#8220;#FFFFFF&#8220; header_font_size=&#8220;60px&#8220; header_font_size_tablet=&#8220;56px&#8220; header_font_size_phone=&#8220;42px&#8220; header_font_size_last_edited=&#8220;on|phone&#8220; global_colors_info=&#8220;{}&#8220;]<\/p>\n<h1>Zubeh\u00f6r<span style=\"color: #e70000;\">.<\/span><\/h1>\n<p>[\/et_pb_text][\/et_pb_column][\/et_pb_row][\/et_pb_section][et_pb_section fb_built=&#8220;1&#8243; _builder_version=&#8220;4.21.0&#8243; _module_preset=&#8220;default&#8220; global_colors_info=&#8220;{}&#8220;][et_pb_row column_structure=&#8220;1_3,1_3,1_3&#8243; _builder_version=&#8220;4.21.0&#8243; _module_preset=&#8220;default&#8220; global_colors_info=&#8220;{}&#8220;][et_pb_column type=&#8220;1_3&#8243; _builder_version=&#8220;4.21.0&#8243; _module_preset=&#8220;default&#8220; global_colors_info=&#8220;{}&#8220;][et_pb_image src=&#8220;https:\/\/recogtech.com\/wp-content\/uploads\/2023\/12\/wandhouders.jpg&#8220; alt=&#8220;Accessoires &#8211; Wandhouder Recogtech&#8220; title_text=&#8220;wandhouders&#8220; _builder_version=&#8220;4.23.1&#8243; _module_preset=&#8220;default&#8220; hover_enabled=&#8220;0&#8243; global_colors_info=&#8220;{}&#8220; sticky_enabled=&#8220;0&#8243;][\/et_pb_image][et_pb_text _builder_version=&#8220;4.22.1&#8243; _module_preset=&#8220;default&#8220; global_colors_info=&#8220;{}&#8220;]<\/p>\n<h2>Montageeinheit: flach und schr\u00e4g<\/h2>\n<p style=\"font-weight: 400;\"><span>Der Palm-ID Pro Scanner ist standardm\u00e4\u00dfig als Einbaueinheit erh\u00e4ltlich. Gibt es keine M\u00f6glichkeit f\u00fcr Einbau? Dann k\u00f6nnen Sie den Scanner auch mit dieser Montageeinheit an der Wand montieren. Die Montageeinheit ist in einer flachen Version und in einer schr\u00e4gen Version erh\u00e4ltlich, f\u00fcr den Fall, dass Sie den Scanner etwas tiefer positionieren m\u00f6chten.<\/span><\/p>\n<p><strong>kompatibel mit:<\/strong><br \/>\u00a0 &#8211; Palm-ID<br \/>\u00a0 &#8211; Palm-ID Pro<\/p>\n<p>[\/et_pb_text][et_pb_image src=&#8220;https:\/\/recogtech.com\/wp-content\/uploads\/2023\/11\/programmeerstration.jpg&#8220; alt=&#8220;Zubeh\u00f6r &#8211; Kartenprogrammierstation &#8211; Recogtech&#8220; title_text=&#8220;Lese- &amp; Programmierstation&#8220; _builder_version=&#8220;4.23.1&#8243; _module_preset=&#8220;default&#8220; global_colors_info=&#8220;{}&#8220;][\/et_pb_image][et_pb_text _builder_version=&#8220;4.22.1&#8243; _module_preset=&#8220;default&#8220; global_colors_info=&#8220;{}&#8220;]<\/p>\n<h2>Lese- &#038; Programmierstation<\/h2>\n<p style=\"font-weight: 400;\"><span>Sie verwenden dieses Ger\u00e4t in Kombination mit einem PC und der mitgelieferten Programmiersoftware, um die biometrische Anwendung und die erforderlichen  Schl\u00fcssel auf die Benutzerkarte zu schreiben. Die Templates k\u00f6nnen dann auf den Benutzerkarten registriert werden.<\/span><\/p>\n<p><strong>kompatibel mit:<\/strong><br \/>\u00a0 &#8211; Palm-ID Card<\/p>\n<p>[\/et_pb_text][\/et_pb_column][et_pb_column type=&#8220;1_3&#8243; _builder_version=&#8220;4.21.0&#8243; _module_preset=&#8220;default&#8220; global_colors_info=&#8220;{}&#8220;][et_pb_image src=&#8220;https:\/\/recogtech.com\/wp-content\/uploads\/2023\/06\/palm-id-registratiekit-groen-rechts.jpg&#8220; alt=&#8220;Zubeh\u00f6r &#8211; Palm-ID Card &#8211; Recogtech&#8220; title_text=&#8220;palm-id-registratiekit-groen-rechts&#8220; _builder_version=&#8220;4.23.1&#8243; _module_preset=&#8220;default&#8220; global_colors_info=&#8220;{}&#8220;][\/et_pb_image][et_pb_text _builder_version=&#8220;4.22.1&#8243; _module_preset=&#8220;default&#8220; global_colors_info=&#8220;{}&#8220;]<\/p>\n<h2>Palm-ID Card Registrierungseinheit<\/h2>\n<p style=\"font-weight: 400;\"><span>Um das Venenmuster neuer Benutzer zu lesen und zu speichern, k\u00f6nnen Sie eine separate Palm-ID Card Registrierungseinheit verwenden. Diese Einheit funktioniert komplett eigenst\u00e4ndig. Das Ger\u00e4t ist sehr stabil und leicht zu transportieren, sodass Sie Ihre Mitarbeiter einfach an mehreren Stellen registrieren k\u00f6nnen.<\/p>\n<p><strong>kompatibel mit:<\/strong><br \/>\u00a0 &#8211; Palm-ID<br \/>\u00a0 &#8211; Palm-ID Pro<br \/>\u00a0 &#8211; Palm-ID Card<\/span><\/p>\n<p>[\/et_pb_text][\/et_pb_column][et_pb_column type=&#8220;1_3&#8243; _builder_version=&#8220;4.21.0&#8243; _module_preset=&#8220;default&#8220; global_colors_info=&#8220;{}&#8220;][et_pb_image src=&#8220;https:\/\/recogtech.com\/wp-content\/uploads\/2023\/11\/cards-recogtech.jpg&#8220; alt=&#8220;Programmierkarten &#8211; Palm ID Karte &#8211; Recogtech&#8220; title_text=&#8220;cards-recogtech&#8220; _builder_version=&#8220;4.23.1&#8243; _module_preset=&#8220;default&#8220; global_colors_info=&#8220;{}&#8220;][\/et_pb_image][et_pb_text _builder_version=&#8220;4.22.1&#8243; _module_preset=&#8220;default&#8220; global_colors_info=&#8220;{}&#8220;]<\/p>\n<h2>Programmierkarten<\/h2>\n<p style=\"font-weight: 400;\"><span>Mit dem mitgelieferten Master, Learn und Delete Programmierkarten k\u00f6nnen Sie das System konfigurieren und Personen einfach registrieren. Das Venenmuster (Template) wird mit der \u201cLearn Card\u201d auf die Benutzerkarte geschrieben. Mit der \u201cDelete Card\u201d entfernen Sie das verschl\u00fcsselte Bild (Template) von der Benutzerkarte. Die \u201cMaster Card\u201d wird nur zum Zur\u00fccksetzen des Systems verwendet, wenn Sie beispielsweise wichtige \u00c4nderungen vornehmen oder eine neue \u201cLearn- und Delete Card\u201d erstellen m\u00f6chten.<\/span><\/p>\n<p><strong>kompatibel mit:<\/strong><br \/>\u00a0 &#8211; Palm-ID Card<\/p>\n<p>[\/et_pb_text][\/et_pb_column][\/et_pb_row][\/et_pb_section][et_pb_section fb_built=&#8220;1&#8243; _builder_version=&#8220;4.21.0&#8243; _module_preset=&#8220;default&#8220; background_color=&#8220;rgba(0,38,100,0.15)&#8220; locked=&#8220;off&#8220; global_colors_info=&#8220;{}&#8220;][et_pb_row column_structure=&#8220;1_2,1_2&#8243; _builder_version=&#8220;4.21.0&#8243; _module_preset=&#8220;default&#8220; global_colors_info=&#8220;{}&#8220;][et_pb_column type=&#8220;1_2&#8243; _builder_version=&#8220;4.21.0&#8243; _module_preset=&#8220;default&#8220; global_colors_info=&#8220;{}&#8220;][et_pb_text _builder_version=&#8220;4.22.1&#8243; _module_preset=&#8220;default&#8220; header_2_font_size=&#8220;36px&#8220; global_colors_info=&#8220;{}&#8220;]<\/p>\n<h2>Garantie, Support und Updates<\/h2>\n<p style=\"font-weight: 400;\">Wir bieten Pakete zur Erweiterung der Garantie, Support und Updates, aber es ist auch m\u00f6glich einen Full Service Vertrag abzuschlie\u00dfen.<\/p>\n<p>[\/et_pb_text][et_pb_button button_url=&#8220;@ET-DC@eyJkeW5hbWljIjp0cnVlLCJjb250ZW50IjoicG9zdF9saW5rX3VybF9wYWdlIiwic2V0dGluZ3MiOnsicG9zdF9pZCI6IjM2MTQ0NCJ9fQ==@&#8220; button_text=&#8220;Mehr Informationen? Nehmen Sie Kontakt auf.&#8220; _builder_version=&#8220;4.23.1&#8243; _dynamic_attributes=&#8220;button_url&#8220; _module_preset=&#8220;default&#8220; custom_button=&#8220;on&#8220; button_bg_color=&#8220;#E70000&#8243; button_border_color=&#8220;#E70000&#8243; button_font=&#8220;|700|||||||&#8220; locked=&#8220;off&#8220; global_colors_info=&#8220;{}&#8220; button_bg_color__hover_enabled=&#8220;on|hover&#8220; button_bg_color__hover=&#8220;#999999&#8243; button_bg_enable_color__hover=&#8220;on&#8220; button_border_color__hover_enabled=&#8220;on|hover&#8220; button_border_color__hover=&#8220;#999999&#8243;][\/et_pb_button][\/et_pb_column][et_pb_column type=&#8220;1_2&#8243; _builder_version=&#8220;4.21.0&#8243; _module_preset=&#8220;default&#8220; global_colors_info=&#8220;{}&#8220;][et_pb_image src=&#8220;https:\/\/recogtech.com\/wp-content\/uploads\/2023\/06\/sfeer-palm-id-14.jpg&#8220; alt=&#8220;Zubeh\u00f6r &#8211; Recogtech&#8220; title_text=&#8220;sfeer-palm-id-14&#8243; _builder_version=&#8220;4.23.1&#8243; _module_preset=&#8220;default&#8220; global_colors_info=&#8220;{}&#8220;][\/et_pb_image][\/et_pb_column][\/et_pb_row][\/et_pb_section]<\/p>\n","protected":false},"excerpt":{"rendered":"<p>Zubeh\u00f6r.Montageeinheit: flach und schr\u00e4g Der Palm-ID Pro Scanner ist standardm\u00e4\u00dfig als Einbaueinheit erh\u00e4ltlich. Gibt es keine M\u00f6glichkeit f\u00fcr Einbau? Dann k\u00f6nnen Sie den Scanner auch mit dieser Montageeinheit an der Wand montieren. Die Montageeinheit ist in einer flachen Version und in einer schr\u00e4gen Version erh\u00e4ltlich, f\u00fcr den Fall, dass Sie den Scanner etwas tiefer positionieren [&hellip;]<\/p>\n","protected":false},"author":2,"featured_media":0,"parent":0,"menu_order":0,"comment_status":"closed","ping_status":"closed","template":"","meta":{"_et_pb_use_builder":"on","_et_pb_old_content":"","_et_gb_content_width":"","footnotes":""},"class_list":["post-362925","page","type-page","status-publish","hentry"],"yoast_head":"<!-- This site is optimized with the Yoast SEO plugin v27.5 - https:\/\/yoast.com\/product\/yoast-seo-wordpress\/ -->\n<title>Zubeh\u00f6r | Recogtech | Palm-ID<\/title>\n<meta name=\"description\" content=\"Die Palm ID-Modelle von Recogtech k\u00f6nnen mit verschiedenem Zubeh\u00f6r geliefert werden. Sehen Sie sich alle Optionen und M\u00f6glichkeiten direkt an.\" \/>\n<meta name=\"robots\" content=\"index, follow, max-snippet:-1, max-image-preview:large, max-video-preview:-1\" \/>\n<link rel=\"canonical\" href=\"https:\/\/recogtech.com\/de\/zubehor\/\" \/>\n<meta property=\"og:locale\" content=\"de_DE\" \/>\n<meta property=\"og:type\" content=\"article\" \/>\n<meta property=\"og:title\" content=\"Zubeh\u00f6r | Recogtech | Palm-ID\" \/>\n<meta property=\"og:description\" content=\"Die Palm ID-Modelle von Recogtech k\u00f6nnen mit verschiedenem Zubeh\u00f6r geliefert werden. Sehen Sie sich alle Optionen und M\u00f6glichkeiten direkt an.\" \/>\n<meta property=\"og:url\" content=\"https:\/\/recogtech.com\/de\/zubehor\/\" \/>\n<meta property=\"og:site_name\" content=\"Recogtech - Biometrische beveiliging\" \/>\n<meta property=\"article:modified_time\" content=\"2023-12-07T15:13:20+00:00\" \/>\n<meta name=\"twitter:card\" content=\"summary_large_image\" \/>\n<meta name=\"twitter:label1\" content=\"Gesch\u00e4tzte Lesezeit\" \/>\n\t<meta name=\"twitter:data1\" content=\"2\u00a0Minuten\" \/>\n<script type=\"application\/ld+json\" class=\"yoast-schema-graph\">{\"@context\":\"https:\\\/\\\/schema.org\",\"@graph\":[{\"@type\":\"WebPage\",\"@id\":\"https:\\\/\\\/recogtech.com\\\/de\\\/zubehor\\\/\",\"url\":\"https:\\\/\\\/recogtech.com\\\/de\\\/zubehor\\\/\",\"name\":\"Zubeh\u00f6r | Recogtech | Palm-ID\",\"isPartOf\":{\"@id\":\"https:\\\/\\\/recogtech.com\\\/de\\\/#website\"},\"datePublished\":\"2023-11-27T14:10:51+00:00\",\"dateModified\":\"2023-12-07T15:13:20+00:00\",\"description\":\"Die Palm ID-Modelle von Recogtech k\u00f6nnen mit verschiedenem Zubeh\u00f6r geliefert werden. Sehen Sie sich alle Optionen und M\u00f6glichkeiten direkt an.\",\"breadcrumb\":{\"@id\":\"https:\\\/\\\/recogtech.com\\\/de\\\/zubehor\\\/#breadcrumb\"},\"inLanguage\":\"de\",\"potentialAction\":[{\"@type\":\"ReadAction\",\"target\":[\"https:\\\/\\\/recogtech.com\\\/de\\\/zubehor\\\/\"]}]},{\"@type\":\"BreadcrumbList\",\"@id\":\"https:\\\/\\\/recogtech.com\\\/de\\\/zubehor\\\/#breadcrumb\",\"itemListElement\":[{\"@type\":\"ListItem\",\"position\":1,\"name\":\"Home\",\"item\":\"https:\\\/\\\/recogtech.com\\\/de\\\/\"},{\"@type\":\"ListItem\",\"position\":2,\"name\":\"Zubeh\u00f6r\"}]},{\"@type\":\"WebSite\",\"@id\":\"https:\\\/\\\/recogtech.com\\\/de\\\/#website\",\"url\":\"https:\\\/\\\/recogtech.com\\\/de\\\/\",\"name\":\"Recogtech - Biometrische beveiliging\",\"description\":\"High-end Biometric Security\",\"publisher\":{\"@id\":\"https:\\\/\\\/recogtech.com\\\/de\\\/#organization\"},\"potentialAction\":[{\"@type\":\"SearchAction\",\"target\":{\"@type\":\"EntryPoint\",\"urlTemplate\":\"https:\\\/\\\/recogtech.com\\\/de\\\/?s={search_term_string}\"},\"query-input\":{\"@type\":\"PropertyValueSpecification\",\"valueRequired\":true,\"valueName\":\"search_term_string\"}}],\"inLanguage\":\"de\"},{\"@type\":\"Organization\",\"@id\":\"https:\\\/\\\/recogtech.com\\\/de\\\/#organization\",\"name\":\"Recogtech B.V.\",\"url\":\"https:\\\/\\\/recogtech.com\\\/de\\\/\",\"logo\":{\"@type\":\"ImageObject\",\"inLanguage\":\"de\",\"@id\":\"https:\\\/\\\/recogtech.com\\\/de\\\/#\\\/schema\\\/logo\\\/image\\\/\",\"url\":\"https:\\\/\\\/recogtech.com\\\/wp-content\\\/uploads\\\/2023\\\/05\\\/recogtech-weblogo-blauw-rood.png\",\"contentUrl\":\"https:\\\/\\\/recogtech.com\\\/wp-content\\\/uploads\\\/2023\\\/05\\\/recogtech-weblogo-blauw-rood.png\",\"width\":600,\"height\":111,\"caption\":\"Recogtech B.V.\"},\"image\":{\"@id\":\"https:\\\/\\\/recogtech.com\\\/de\\\/#\\\/schema\\\/logo\\\/image\\\/\"}}]}<\/script>\n<!-- \/ Yoast SEO plugin. -->","yoast_head_json":{"title":"Zubeh\u00f6r | Recogtech | Palm-ID","description":"Die Palm ID-Modelle von Recogtech k\u00f6nnen mit verschiedenem Zubeh\u00f6r geliefert werden. Sehen Sie sich alle Optionen und M\u00f6glichkeiten direkt an.","robots":{"index":"index","follow":"follow","max-snippet":"max-snippet:-1","max-image-preview":"max-image-preview:large","max-video-preview":"max-video-preview:-1"},"canonical":"https:\/\/recogtech.com\/de\/zubehor\/","og_locale":"de_DE","og_type":"article","og_title":"Zubeh\u00f6r | Recogtech | Palm-ID","og_description":"Die Palm ID-Modelle von Recogtech k\u00f6nnen mit verschiedenem Zubeh\u00f6r geliefert werden. Sehen Sie sich alle Optionen und M\u00f6glichkeiten direkt an.","og_url":"https:\/\/recogtech.com\/de\/zubehor\/","og_site_name":"Recogtech - Biometrische beveiliging","article_modified_time":"2023-12-07T15:13:20+00:00","twitter_card":"summary_large_image","twitter_misc":{"Gesch\u00e4tzte Lesezeit":"2\u00a0Minuten"},"schema":{"@context":"https:\/\/schema.org","@graph":[{"@type":"WebPage","@id":"https:\/\/recogtech.com\/de\/zubehor\/","url":"https:\/\/recogtech.com\/de\/zubehor\/","name":"Zubeh\u00f6r | Recogtech | Palm-ID","isPartOf":{"@id":"https:\/\/recogtech.com\/de\/#website"},"datePublished":"2023-11-27T14:10:51+00:00","dateModified":"2023-12-07T15:13:20+00:00","description":"Die Palm ID-Modelle von Recogtech k\u00f6nnen mit verschiedenem Zubeh\u00f6r geliefert werden. Sehen Sie sich alle Optionen und M\u00f6glichkeiten direkt an.","breadcrumb":{"@id":"https:\/\/recogtech.com\/de\/zubehor\/#breadcrumb"},"inLanguage":"de","potentialAction":[{"@type":"ReadAction","target":["https:\/\/recogtech.com\/de\/zubehor\/"]}]},{"@type":"BreadcrumbList","@id":"https:\/\/recogtech.com\/de\/zubehor\/#breadcrumb","itemListElement":[{"@type":"ListItem","position":1,"name":"Home","item":"https:\/\/recogtech.com\/de\/"},{"@type":"ListItem","position":2,"name":"Zubeh\u00f6r"}]},{"@type":"WebSite","@id":"https:\/\/recogtech.com\/de\/#website","url":"https:\/\/recogtech.com\/de\/","name":"Recogtech - Biometrische beveiliging","description":"High-end Biometric Security","publisher":{"@id":"https:\/\/recogtech.com\/de\/#organization"},"potentialAction":[{"@type":"SearchAction","target":{"@type":"EntryPoint","urlTemplate":"https:\/\/recogtech.com\/de\/?s={search_term_string}"},"query-input":{"@type":"PropertyValueSpecification","valueRequired":true,"valueName":"search_term_string"}}],"inLanguage":"de"},{"@type":"Organization","@id":"https:\/\/recogtech.com\/de\/#organization","name":"Recogtech B.V.","url":"https:\/\/recogtech.com\/de\/","logo":{"@type":"ImageObject","inLanguage":"de","@id":"https:\/\/recogtech.com\/de\/#\/schema\/logo\/image\/","url":"https:\/\/recogtech.com\/wp-content\/uploads\/2023\/05\/recogtech-weblogo-blauw-rood.png","contentUrl":"https:\/\/recogtech.com\/wp-content\/uploads\/2023\/05\/recogtech-weblogo-blauw-rood.png","width":600,"height":111,"caption":"Recogtech B.V."},"image":{"@id":"https:\/\/recogtech.com\/de\/#\/schema\/logo\/image\/"}}]}},"_links":{"self":[{"href":"https:\/\/recogtech.com\/de\/wp-json\/wp\/v2\/pages\/362925","targetHints":{"allow":["GET"]}}],"collection":[{"href":"https:\/\/recogtech.com\/de\/wp-json\/wp\/v2\/pages"}],"about":[{"href":"https:\/\/recogtech.com\/de\/wp-json\/wp\/v2\/types\/page"}],"author":[{"embeddable":true,"href":"https:\/\/recogtech.com\/de\/wp-json\/wp\/v2\/users\/2"}],"replies":[{"embeddable":true,"href":"https:\/\/recogtech.com\/de\/wp-json\/wp\/v2\/comments?post=362925"}],"version-history":[{"count":0,"href":"https:\/\/recogtech.com\/de\/wp-json\/wp\/v2\/pages\/362925\/revisions"}],"wp:attachment":[{"href":"https:\/\/recogtech.com\/de\/wp-json\/wp\/v2\/media?parent=362925"}],"curies":[{"name":"wp","href":"https:\/\/api.w.org\/{rel}","templated":true}]}}