{"id":362754,"date":"2023-11-14T11:44:58","date_gmt":"2023-11-14T10:44:58","guid":{"rendered":"https:\/\/recogtech.com\/datenschutzerklaerung\/"},"modified":"2023-11-28T09:15:04","modified_gmt":"2023-11-28T08:15:04","slug":"datenschutzerklaerung","status":"publish","type":"page","link":"https:\/\/recogtech.com\/de\/datenschutzerklaerung\/","title":{"rendered":"Datenschutzerkl\u00e4rung"},"content":{"rendered":"<p>[et_pb_section fb_built=&#8220;1&#8243; next_background_color=&#8220;#ffffff&#8220; admin_label=&#8220;section&#8220; module_class=&#8220;dh-valign-center-section&#8220; _builder_version=&#8220;4.21.0&#8243; background_enable_color=&#8220;off&#8220; use_background_color_gradient=&#8220;on&#8220; background_color_gradient_direction=&#8220;105deg&#8220; background_color_gradient_stops=&#8220;rgba(0,38,100,0.8) 0%|rgba(0,38,100,0.8) 50%|rgba(220,222,230,0) 50%|rgba(255,255,255,0) 99%&#8220; background_color_gradient_overlays_image=&#8220;on&#8220; background_image=&#8220;https:\/\/recogtech.com\/wp-content\/uploads\/2023\/06\/sfeer-palm-id-03.jpg&#8220; height=&#8220;300px&#8220; height_tablet=&#8220;300px&#8220; height_phone=&#8220;240px&#8220; height_last_edited=&#8220;on|phone&#8220; custom_padding=&#8220;0px||0px||false|false&#8220; bottom_divider_style=&#8220;slant2&#8243; bottom_divider_height=&#8220;75px&#8220; bottom_divider_flip=&#8220;horizontal&#8220; locked=&#8220;off&#8220; global_colors_info=&#8220;{}&#8220;][et_pb_row admin_label=&#8220;row&#8220; _builder_version=&#8220;4.21.0&#8243; background_size=&#8220;initial&#8220; background_position=&#8220;top_left&#8220; background_repeat=&#8220;repeat&#8220; custom_padding=&#8220;0px||0px||false|false&#8220; global_colors_info=&#8220;{}&#8220;][et_pb_column type=&#8220;4_4&#8243; _builder_version=&#8220;4.16&#8243; custom_padding=&#8220;|||&#8220; global_colors_info=&#8220;{}&#8220; custom_padding__hover=&#8220;|||&#8220;][et_pb_text _builder_version=&#8220;4.23.1&#8243; _module_preset=&#8220;default&#8220; header_text_color=&#8220;#FFFFFF&#8220; header_font_size=&#8220;60px&#8220; header_font_size_tablet=&#8220;56px&#8220; header_font_size_phone=&#8220;42px&#8220; header_font_size_last_edited=&#8220;on|phone&#8220; global_colors_info=&#8220;{}&#8220;]<\/p>\n<h1>Datenschutzerkl\u00e4rung<span style=\"color: #e70000;\">.<\/span><\/h1>\n<p>[\/et_pb_text][\/et_pb_column][\/et_pb_row][\/et_pb_section][et_pb_section fb_built=&#8220;1&#8243; _builder_version=&#8220;4.21.0&#8243; _module_preset=&#8220;default&#8220; global_colors_info=&#8220;{}&#8220;][et_pb_row _builder_version=&#8220;4.23.1&#8243; _module_preset=&#8220;default&#8220; global_colors_info=&#8220;{}&#8220;][et_pb_column type=&#8220;4_4&#8243; _builder_version=&#8220;4.21.0&#8243; _module_preset=&#8220;default&#8220; global_colors_info=&#8220;{}&#8220;][et_pb_text _builder_version=&#8220;4.23.1&#8243; _module_preset=&#8220;default&#8220; global_colors_info=&#8220;{}&#8220;]<\/p>\n<p><strong>Recogtech, mit Sitz an der Molenstraat 20, 3927 AC Renswoude in den Niederlanden, ist f\u00fcr die Verarbeitung personenbezogener Daten gem\u00e4\u00df dieser Datenschutzerkl\u00e4rung verantwortlich.<\/strong><\/p>\n<p>Kontaktdaten:<br \/>Molenstraat 20\u00a0<br \/>3927 AC Renswoude<br \/>Niederlande<br \/>+31 318 578528<br \/>www.recogtech.com<\/p>\n<h3>Erfassung und Verarbeitung personenbezogener Daten<\/h3>\n<p>Wir weisen Sie als (potentiellen) Kunden, Lieferanten oder Interessenten darauf hin, dass die von Ihnen mittels eines Besuchs unserer Website, telefonischen Kontakts und\/oder anderweitiger Korrespondenz freiwillig erteilten unternehmens- und personenbezogenen Daten von uns registriert werden. F\u00fcr Kunden bzw. Lieferanten gilt, dass diese Daten f\u00fcr uns notendig sind, um ihnen interessante Angebote unterbreiten zu k\u00f6nnen und\/oder eventuelle Vertr\u00e4ge mit ihnen schlie\u00dfen und erf\u00fcllen zu k\u00f6nnen. F\u00fcr Interessenten gilt, dass diese Daten von Belang sind, damit wir ihnen Neuigkeiten aus dem Markt, \u00fcber unser Unternehmen oder unsere Produkte zusenden k\u00f6nnen, zum Beispiel mittels unseres Newsletters.\u00a0<\/p>\n<p>Sie sind nicht dazu verpflichtet, uns Ihre personenbezogenen Daten mitzuteilen. Wenn Sie uns jedoch keine oder unzureichende Daten erteilen, ist es m\u00f6glich, dass wir Ihre Dienstleistungen nicht erbringen bzw. nutzen und\/oder Ihre Produkte nicht liefern bzw. empfangen k\u00f6nnen.<\/p>\n<p>Zur Speicherung Ihrer personenbezogenen Daten verf\u00fcgen wir \u00fcber einen eigenen Server und verwalten wir die Daten selbst.<\/p>\n<h3>Direct Marketing<\/h3>\n<p>Wenn Sie uns \u00fcber unsere Website oder telefonisch oder per E-Mail Ihre Zustimmung dazu erteilt haben, k\u00f6nnen wir die von Ihnen ereilten personenbezogenen Daten verwenden, um Sie in Zukunft pers\u00f6nlich per E-Mail \u00fcber Informationen zu bestehenden und neuen Produkten sowie \u00fcber Entwicklungen in der Branche auf dem Laufenden zu halten. Jedes Mal, wenn Sie eine Werbemail von uns erhalten, wird Ihnen die M\u00f6glichkeit geboten, uns wissen zu lassen, dies nicht mehr zu wollen, und k\u00f6nnen Sie den in jeder Mail enthaltenen Abmeldelink verwenden.\u00a0\u00a0<\/p>\n<h3>Automatische Entscheidungsprozesse<\/h3>\n<p>Recogtech\u00a0trifft keine Entscheidungen \u00fcber Angelegenheiten, die (erhebliche) Folgen f\u00fcr Personen haben k\u00f6nnen, mittels automatischer Entscheidungsprozesse. Dabei geht es um Entscheidungen, die ohne menschliches Eingreifen (zum Beispiel durch einen Mitarbeiter von Recogtech) von Computerprogrammen oder -systemen getroffen werden.\u00a0Aufbewahrungsfrist f\u00fcr personenbezogene Daten<br \/>Recogtech speichert Ihre personenbezogenen Daten nicht l\u00e4nger als unbedingt zur Erf\u00fcllung der Zwecke, f\u00fcr die Ihre Daten erhoben werden, notwendig. Die L\u00e4nge der Aufbewahrungsfrist ist von der Beziehung, die wir mit Ihnen haben, abh\u00e4ngig und liegt zwischen ein und sieben Jahren ab dem letzten Kontakt. Zur Realisierung befolgen wir die eigens dazu eingerichteten Verfahren.\u00a0<\/p>\n<h3>Weitergabe personenbezogener Daten an Dritte<\/h3>\n<p>Recogtech verkauft Ihre Daten nicht an Dritte und erteilt sie Dritten nur, sofern dies zur Erf\u00fcllung des mit Ihnen geschlossenen Vertrags oder zur Erf\u00fcllung einer gesetzlichen Verpflichtung notwendig ist. Mit Unternehmen, die Ihre Daten in unserem Auftrag verarbeiten, schlie\u00dfen wir einen Datenverarbeitungsvertrag, um sicherzustellen, dass Ihnen dort dasselbe Ma\u00df an Schutz und Vertraulichkeit geboten wird. Die Verantwortung f\u00fcr diese Verarbeitung verbleibt bei Recogtech.<\/p>\n<h3>Cookies oder vergleichbare von uns verwendete Methoden<\/h3>\n<p>Recogtech verwendet funktionsbezogene Cookies, Cookies zu Analysezwecken und Tracking-Cookies. Ein Cookie ist eine kleine Textdatei, die bei Ihrem ersten Besuch dieser Website im Browser Ihres Computers, Tablets oder Smartphones gespeichert wird. Recogtech verwendet Cookies mit rein technischen Funktionen, die bewirken, dass die Website wie vorgesehen funktioniert und dass beispielsweise Ihre bevorzugten Einstellungen gespeichert werden. Au\u00dfer f\u00fcr die ordnungsgem\u00e4\u00dfe Funktion der Website werden die Cookies verwendet, um die Website optimieren zu k\u00f6nnen.\u00a0<\/p>\n<p>Zus\u00e4tzlich werden Cookies gesetzt, die Ihr Surfverhalten erfassen, sodass wir Ihnen benutzerspezifische Inhalte anbieten und diese auf Ihre Vorz\u00fcge abstimmen k\u00f6nnen. Bei Ihrem ersten Besuch unserer Website wurden Sie bereits \u00fcber diese Cookies informiert und um Ihre Zustimmung zum Setzen dieser Cookies gebeten. Sie k\u00f6nnen Cookies abstellen, indem Sie die Einstellungen in Ihrem Internetbrowser so \u00e4ndern, dass keine Cookies mehr gespeichert werden. Au\u00dferdem k\u00f6nnen Sie auch alle bereits gespeicherten Informationen \u00fcber die Einstellungen Ihres Browsers l\u00f6schen. Es ist jedoch m\u00f6glich, dass bestimmte Teile dann nicht mehr wiedergegeben werden und\/oder dass die Website nicht mehr richtig funktioniert.<\/p>\n<p>Eine n\u00e4here Erl\u00e4uterung finden Sie hier:\u00a0<a href=\"https:\/\/veiliginternetten.nl\/thema\/privacy\/cookies-wat-zijn-het-en-wat-doe-ik-ermee\/\" target=\"_blank\" rel=\"noopener\">https:\/\/veiliginternetten.nl\/thema\/privacy\/cookies-wat-zijn-het-en-wat-doe-ik-ermee\/<\/a><\/p>\n<h3>Daten einsehen, \u00e4ndern oder l\u00f6schen<\/h3>\n<p>Sie haben das Recht, ihre personenbezogenen Daten einzusehen, zu berichtigen oder zu l\u00f6schen bzw. l\u00f6schen zu lassen. Sie haben auch das Recht, eine eventuelle Zustimmung zur Verarbeitung Ihrer Daten zur\u00fcckzunehmen oder Einwand gegen die Verarbeitung Ihrer personenbezogenen Daten durch Recogtech zu erheben. Au\u00dferdem haben Sie Recht auf Daten\u00fcbertragbarkeit. Das bedeutet, dass Sie uns darum ersuchen k\u00f6nnen, die von uns gespeicherten Daten zu Ihrer Person Ihnen selbst oder einem anderen, von Ihnen genannten Dienstleistungsanbieter in einer Computerdatei zuzusenden. Antr\u00e4ge auf Einsichtnahme, Berichtigung, L\u00f6schung oder \u00dcbertragung Ihrer personenbezogenen Daten, eine Zur\u00fccknahme Ihrer Zustimmung oder Einw\u00e4nde gegen die Verarbeitung Ihrer personenbezogenen Daten senden Sie bitte an\u00a0<a href=\"mailto:info@recogtech.com\">info@recogtech.com<\/a><\/p>\n<p>Um sicherzustellen, dass ein Antrag auf Einsichtnahme von Ihnen gestellt wurde, f\u00fcgen Sie dem Antrag bitte eine Kopie Ihres Ausweises bei. Machen Sie zum Schutz Ihrer Privatsph\u00e4re Ihr Passfoto, den maschinenlesbaren Bereich (die Zeilen mit Zeichen im unteren Bereich des Dokuments), Ihre BSN- (Sozialversicherungsnummer) und Ausweisnummer in dieser Kopie schwarz.<\/p>\n<p>Wir reagieren so schnell wie m\u00f6glich und in jedem Fall innerhalb von vier Arbeitswochen auf Ihren Antrag. Wir weisen Sie au\u00dferdem darauf hin, dass sie eine Beschwerde bei der hierf\u00fcr zust\u00e4ndigen niederl\u00e4ndischen Aufsichtsbeh\u00f6rde, der Autoriteit Persoonsgegevens, einreichen k\u00f6nnen.\u00a0<\/p>\n<p>Verwenden Sie dazu den folgenden Link:\u00a0<a href=\"https:\/\/autoriteitpersoonsgegevens.nl\/nl\/zelf-doen\/gebruik-uw-privacyrechten\/klacht-melden-bij-de-ap\" target=\"_blank\" rel=\"noopener\">https:\/\/autoriteitpersoonsgegevens.nl\/nl\/zelf-doen\/gebruik-uw-privacyrechten\/klacht-melden-bij-de-ap<\/a><\/p>\n<h3>Unsere Ma\u00dfnahmen zum Schutz personenbezogener Daten<\/h3>\n<p>Recogtech\u00a0nimmt den Schutz Ihrer Daten ernst und hat der niederl\u00e4ndischen Datenschutzverordnung entsprechend angemessene Ma\u00dfnahmen zur Vorbeugung gegen Missbrauch, Verlust, unerlaubten Zugriff, unerw\u00fcnschte Ver\u00f6ffentlichung und unerlaubte \u00c4nderung getroffen. Mithilfe einer Datenschutz-Folgenabsch\u00e4tzung (DPIA) haben wir Verfahren zur Verhinderung von Datenlecks eingerichtet. Wenn Sie den Eindruck haben, dass Ihre Daten nicht ausreichend gesch\u00fctzt sind, oder Anzeichen f\u00fcr Missbrauch entdeckt haben, wenden Sie sich bitte an unseren Kundendienst oder an <a href=\"mailto:info@recogtech.com\">info@recogtech.com<\/a><\/p>\n<p>&nbsp;<\/p>\n<p>[\/et_pb_text][\/et_pb_column][\/et_pb_row][\/et_pb_section]<\/p>\n","protected":false},"excerpt":{"rendered":"<p>Datenschutzerkl\u00e4rung.Recogtech, mit Sitz an der Molenstraat 20, 3927 AC Renswoude in den Niederlanden, ist f\u00fcr die Verarbeitung personenbezogener Daten gem\u00e4\u00df dieser Datenschutzerkl\u00e4rung verantwortlich. Kontaktdaten:Molenstraat 20\u00a03927 AC RenswoudeNiederlande+31 318 578528www.recogtech.com Erfassung und Verarbeitung personenbezogener Daten Wir weisen Sie als (potentiellen) Kunden, Lieferanten oder Interessenten darauf hin, dass die von Ihnen mittels eines Besuchs unserer Website, telefonischen [&hellip;]<\/p>\n","protected":false},"author":2,"featured_media":0,"parent":0,"menu_order":0,"comment_status":"closed","ping_status":"closed","template":"","meta":{"_et_pb_use_builder":"on","_et_pb_old_content":"","_et_gb_content_width":"","footnotes":""},"class_list":["post-362754","page","type-page","status-publish","hentry"],"yoast_head":"<!-- This site is optimized with the Yoast SEO plugin v27.3 - https:\/\/yoast.com\/product\/yoast-seo-wordpress\/ -->\n<title>Datenschutzerkl\u00e4rung | Recogtech<\/title>\n<meta name=\"description\" content=\"Recogtech B.V. mit Sitz in der Molenstraat 18, 3927 AC Renswoude, Niederlande, ist f\u00fcr die Verarbeitung der in dieser Datenschutzerkl\u00e4rung genannten personenbezogenen Daten verantwortlich.\" \/>\n<meta name=\"robots\" content=\"noindex, nofollow\" \/>\n<meta property=\"og:locale\" content=\"de_DE\" \/>\n<meta property=\"og:type\" content=\"article\" \/>\n<meta property=\"og:title\" content=\"Datenschutzerkl\u00e4rung | Recogtech\" \/>\n<meta property=\"og:description\" content=\"Recogtech B.V. mit Sitz in der Molenstraat 18, 3927 AC Renswoude, Niederlande, ist f\u00fcr die Verarbeitung der in dieser Datenschutzerkl\u00e4rung genannten personenbezogenen Daten verantwortlich.\" \/>\n<meta property=\"og:url\" content=\"https:\/\/recogtech.com\/de\/datenschutzerklaerung\/\" \/>\n<meta property=\"og:site_name\" content=\"Recogtech - Biometrische beveiliging\" \/>\n<meta property=\"article:modified_time\" content=\"2023-11-28T08:15:04+00:00\" \/>\n<meta name=\"twitter:card\" content=\"summary_large_image\" \/>\n<meta name=\"twitter:label1\" content=\"Gesch\u00e4tzte Lesezeit\" \/>\n\t<meta name=\"twitter:data1\" content=\"6\u00a0Minuten\" \/>\n<script type=\"application\/ld+json\" class=\"yoast-schema-graph\">{\"@context\":\"https:\\\/\\\/schema.org\",\"@graph\":[{\"@type\":\"WebPage\",\"@id\":\"https:\\\/\\\/recogtech.com\\\/de\\\/datenschutzerklaerung\\\/\",\"url\":\"https:\\\/\\\/recogtech.com\\\/de\\\/datenschutzerklaerung\\\/\",\"name\":\"Datenschutzerkl\u00e4rung | Recogtech\",\"isPartOf\":{\"@id\":\"https:\\\/\\\/recogtech.com\\\/de\\\/#website\"},\"datePublished\":\"2023-11-14T10:44:58+00:00\",\"dateModified\":\"2023-11-28T08:15:04+00:00\",\"description\":\"Recogtech B.V. mit Sitz in der Molenstraat 18, 3927 AC Renswoude, Niederlande, ist f\u00fcr die Verarbeitung der in dieser Datenschutzerkl\u00e4rung genannten personenbezogenen Daten verantwortlich.\",\"breadcrumb\":{\"@id\":\"https:\\\/\\\/recogtech.com\\\/de\\\/datenschutzerklaerung\\\/#breadcrumb\"},\"inLanguage\":\"de\",\"potentialAction\":[{\"@type\":\"ReadAction\",\"target\":[\"https:\\\/\\\/recogtech.com\\\/de\\\/datenschutzerklaerung\\\/\"]}]},{\"@type\":\"BreadcrumbList\",\"@id\":\"https:\\\/\\\/recogtech.com\\\/de\\\/datenschutzerklaerung\\\/#breadcrumb\",\"itemListElement\":[{\"@type\":\"ListItem\",\"position\":1,\"name\":\"Home\",\"item\":\"https:\\\/\\\/recogtech.com\\\/de\\\/\"},{\"@type\":\"ListItem\",\"position\":2,\"name\":\"Datenschutzerkl\u00e4rung\"}]},{\"@type\":\"WebSite\",\"@id\":\"https:\\\/\\\/recogtech.com\\\/de\\\/#website\",\"url\":\"https:\\\/\\\/recogtech.com\\\/de\\\/\",\"name\":\"Recogtech - Biometrische beveiliging\",\"description\":\"High-end Biometric Security\",\"publisher\":{\"@id\":\"https:\\\/\\\/recogtech.com\\\/de\\\/#organization\"},\"potentialAction\":[{\"@type\":\"SearchAction\",\"target\":{\"@type\":\"EntryPoint\",\"urlTemplate\":\"https:\\\/\\\/recogtech.com\\\/de\\\/?s={search_term_string}\"},\"query-input\":{\"@type\":\"PropertyValueSpecification\",\"valueRequired\":true,\"valueName\":\"search_term_string\"}}],\"inLanguage\":\"de\"},{\"@type\":\"Organization\",\"@id\":\"https:\\\/\\\/recogtech.com\\\/de\\\/#organization\",\"name\":\"Recogtech B.V.\",\"url\":\"https:\\\/\\\/recogtech.com\\\/de\\\/\",\"logo\":{\"@type\":\"ImageObject\",\"inLanguage\":\"de\",\"@id\":\"https:\\\/\\\/recogtech.com\\\/de\\\/#\\\/schema\\\/logo\\\/image\\\/\",\"url\":\"https:\\\/\\\/recogtech.com\\\/wp-content\\\/uploads\\\/2023\\\/05\\\/recogtech-weblogo-blauw-rood.png\",\"contentUrl\":\"https:\\\/\\\/recogtech.com\\\/wp-content\\\/uploads\\\/2023\\\/05\\\/recogtech-weblogo-blauw-rood.png\",\"width\":600,\"height\":111,\"caption\":\"Recogtech B.V.\"},\"image\":{\"@id\":\"https:\\\/\\\/recogtech.com\\\/de\\\/#\\\/schema\\\/logo\\\/image\\\/\"}}]}<\/script>\n<!-- \/ Yoast SEO plugin. -->","yoast_head_json":{"title":"Datenschutzerkl\u00e4rung | Recogtech","description":"Recogtech B.V. mit Sitz in der Molenstraat 18, 3927 AC Renswoude, Niederlande, ist f\u00fcr die Verarbeitung der in dieser Datenschutzerkl\u00e4rung genannten personenbezogenen Daten verantwortlich.","robots":{"index":"noindex","follow":"nofollow"},"og_locale":"de_DE","og_type":"article","og_title":"Datenschutzerkl\u00e4rung | Recogtech","og_description":"Recogtech B.V. mit Sitz in der Molenstraat 18, 3927 AC Renswoude, Niederlande, ist f\u00fcr die Verarbeitung der in dieser Datenschutzerkl\u00e4rung genannten personenbezogenen Daten verantwortlich.","og_url":"https:\/\/recogtech.com\/de\/datenschutzerklaerung\/","og_site_name":"Recogtech - Biometrische beveiliging","article_modified_time":"2023-11-28T08:15:04+00:00","twitter_card":"summary_large_image","twitter_misc":{"Gesch\u00e4tzte Lesezeit":"6\u00a0Minuten"},"schema":{"@context":"https:\/\/schema.org","@graph":[{"@type":"WebPage","@id":"https:\/\/recogtech.com\/de\/datenschutzerklaerung\/","url":"https:\/\/recogtech.com\/de\/datenschutzerklaerung\/","name":"Datenschutzerkl\u00e4rung | Recogtech","isPartOf":{"@id":"https:\/\/recogtech.com\/de\/#website"},"datePublished":"2023-11-14T10:44:58+00:00","dateModified":"2023-11-28T08:15:04+00:00","description":"Recogtech B.V. mit Sitz in der Molenstraat 18, 3927 AC Renswoude, Niederlande, ist f\u00fcr die Verarbeitung der in dieser Datenschutzerkl\u00e4rung genannten personenbezogenen Daten verantwortlich.","breadcrumb":{"@id":"https:\/\/recogtech.com\/de\/datenschutzerklaerung\/#breadcrumb"},"inLanguage":"de","potentialAction":[{"@type":"ReadAction","target":["https:\/\/recogtech.com\/de\/datenschutzerklaerung\/"]}]},{"@type":"BreadcrumbList","@id":"https:\/\/recogtech.com\/de\/datenschutzerklaerung\/#breadcrumb","itemListElement":[{"@type":"ListItem","position":1,"name":"Home","item":"https:\/\/recogtech.com\/de\/"},{"@type":"ListItem","position":2,"name":"Datenschutzerkl\u00e4rung"}]},{"@type":"WebSite","@id":"https:\/\/recogtech.com\/de\/#website","url":"https:\/\/recogtech.com\/de\/","name":"Recogtech - Biometrische beveiliging","description":"High-end Biometric Security","publisher":{"@id":"https:\/\/recogtech.com\/de\/#organization"},"potentialAction":[{"@type":"SearchAction","target":{"@type":"EntryPoint","urlTemplate":"https:\/\/recogtech.com\/de\/?s={search_term_string}"},"query-input":{"@type":"PropertyValueSpecification","valueRequired":true,"valueName":"search_term_string"}}],"inLanguage":"de"},{"@type":"Organization","@id":"https:\/\/recogtech.com\/de\/#organization","name":"Recogtech B.V.","url":"https:\/\/recogtech.com\/de\/","logo":{"@type":"ImageObject","inLanguage":"de","@id":"https:\/\/recogtech.com\/de\/#\/schema\/logo\/image\/","url":"https:\/\/recogtech.com\/wp-content\/uploads\/2023\/05\/recogtech-weblogo-blauw-rood.png","contentUrl":"https:\/\/recogtech.com\/wp-content\/uploads\/2023\/05\/recogtech-weblogo-blauw-rood.png","width":600,"height":111,"caption":"Recogtech B.V."},"image":{"@id":"https:\/\/recogtech.com\/de\/#\/schema\/logo\/image\/"}}]}},"_links":{"self":[{"href":"https:\/\/recogtech.com\/de\/wp-json\/wp\/v2\/pages\/362754","targetHints":{"allow":["GET"]}}],"collection":[{"href":"https:\/\/recogtech.com\/de\/wp-json\/wp\/v2\/pages"}],"about":[{"href":"https:\/\/recogtech.com\/de\/wp-json\/wp\/v2\/types\/page"}],"author":[{"embeddable":true,"href":"https:\/\/recogtech.com\/de\/wp-json\/wp\/v2\/users\/2"}],"replies":[{"embeddable":true,"href":"https:\/\/recogtech.com\/de\/wp-json\/wp\/v2\/comments?post=362754"}],"version-history":[{"count":0,"href":"https:\/\/recogtech.com\/de\/wp-json\/wp\/v2\/pages\/362754\/revisions"}],"wp:attachment":[{"href":"https:\/\/recogtech.com\/de\/wp-json\/wp\/v2\/media?parent=362754"}],"curies":[{"name":"wp","href":"https:\/\/api.w.org\/{rel}","templated":true}]}}