{"id":362748,"date":"2023-06-23T14:53:46","date_gmt":"2023-06-23T12:53:46","guid":{"rendered":"https:\/\/recogtech.com\/kontakt\/"},"modified":"2024-11-27T13:20:20","modified_gmt":"2024-11-27T12:20:20","slug":"kontakt","status":"publish","type":"page","link":"https:\/\/recogtech.com\/de\/kontakt\/","title":{"rendered":"Kontakt"},"content":{"rendered":"<p>[et_pb_section fb_built=&#8220;1&#8243; next_background_color=&#8220;#ffffff&#8220; admin_label=&#8220;section&#8220; module_class=&#8220;dh-valign-center-section&#8220; _builder_version=&#8220;4.21.0&#8243; background_enable_color=&#8220;off&#8220; use_background_color_gradient=&#8220;on&#8220; background_color_gradient_direction=&#8220;105deg&#8220; background_color_gradient_stops=&#8220;rgba(0,38,100,0.8) 0%|rgba(0,38,100,0.8) 50%|rgba(220,222,230,0) 50%|rgba(255,255,255,0) 99%&#8220; background_color_gradient_overlays_image=&#8220;on&#8220; background_image=&#8220;https:\/\/recogtech.com\/wp-content\/uploads\/2023\/05\/header-insights-en-footer-kleur.jpg&#8220; height=&#8220;300px&#8220; height_tablet=&#8220;300px&#8220; height_phone=&#8220;240px&#8220; height_last_edited=&#8220;on|phone&#8220; custom_padding=&#8220;0px||0px||false|false&#8220; bottom_divider_style=&#8220;slant2&#8243; bottom_divider_height=&#8220;75px&#8220; bottom_divider_flip=&#8220;horizontal&#8220; locked=&#8220;off&#8220; global_colors_info=&#8220;{}&#8220;][et_pb_row admin_label=&#8220;row&#8220; _builder_version=&#8220;4.21.0&#8243; background_size=&#8220;initial&#8220; background_position=&#8220;top_left&#8220; background_repeat=&#8220;repeat&#8220; custom_padding=&#8220;0px||0px||false|false&#8220; global_colors_info=&#8220;{}&#8220;][et_pb_column type=&#8220;4_4&#8243; _builder_version=&#8220;4.16&#8243; custom_padding=&#8220;|||&#8220; global_colors_info=&#8220;{}&#8220; custom_padding__hover=&#8220;|||&#8220;][et_pb_text _builder_version=&#8220;4.21.0&#8243; _module_preset=&#8220;default&#8220; header_text_color=&#8220;#FFFFFF&#8220; header_font_size=&#8220;60px&#8220; header_font_size_tablet=&#8220;56px&#8220; header_font_size_phone=&#8220;42px&#8220; header_font_size_last_edited=&#8220;on|phone&#8220; global_colors_info=&#8220;{}&#8220;]<\/p>\n<h1>Kontakt<span style=\"color: #e70000;\">.<\/span><\/h1>\n<p>[\/et_pb_text][\/et_pb_column][\/et_pb_row][\/et_pb_section][et_pb_section fb_built=&#8220;1&#8243; _builder_version=&#8220;4.22.0&#8243; _module_preset=&#8220;default&#8220; global_colors_info=&#8220;{}&#8220;][et_pb_row column_structure=&#8220;1_3,1_3,1_3&#8243; _builder_version=&#8220;4.22.0&#8243; _module_preset=&#8220;default&#8220; global_colors_info=&#8220;{}&#8220;][et_pb_column type=&#8220;1_3&#8243; _builder_version=&#8220;4.22.0&#8243; _module_preset=&#8220;default&#8220; global_colors_info=&#8220;{}&#8220;][et_pb_blurb title=&#8220;Besucheradresse&#8220; use_icon=&#8220;on&#8220; font_icon=&#8220;&#xe081;||divi||400&#8243; icon_placement=&#8220;left&#8220; _builder_version=&#8220;4.22.0&#8243; _module_preset=&#8220;default&#8220; global_colors_info=&#8220;{}&#8220;]<\/p>\n<p>Molenstraat 18<br \/>3927 AC Renswoude<br \/><a href=\"https:\/\/www.google.com\/maps\/place\/Recogtech+B.V.\/@52.076487,5.536237,17z\/data=!3m1!4b1!4m5!3m4!1s0x47c64e16962ffa03:0xb61b3a75a217cc72!8m2!3d52.076487!4d5.536237\" target=\"_blank\" rel=\"noopener\">Auf Karte anzeigen<\/a><\/p>\n<p>[\/et_pb_blurb][\/et_pb_column][et_pb_column type=&#8220;1_3&#8243; _builder_version=&#8220;4.22.0&#8243; _module_preset=&#8220;default&#8220; global_colors_info=&#8220;{}&#8220;][et_pb_blurb title=&#8220;Postanschrift&#8220; use_icon=&#8220;on&#8220; font_icon=&#8220;&#xf2b6;||fa||400&#8243; icon_placement=&#8220;left&#8220; _builder_version=&#8220;4.22.0&#8243; _module_preset=&#8220;default&#8220; global_colors_info=&#8220;{}&#8220;]<\/p>\n<p style=\"font-weight: 400;\">Postfach 11<br \/>3927 ZL\u00a0Renswoude<br \/>Niederlande<\/p>\n<p>[\/et_pb_blurb][\/et_pb_column][et_pb_column type=&#8220;1_3&#8243; _builder_version=&#8220;4.22.0&#8243; _module_preset=&#8220;default&#8220; global_colors_info=&#8220;{}&#8220;][et_pb_blurb title=&#8220;Rufen Sie uns an oder mailen Sie uns.&#8220; use_icon=&#8220;on&#8220; font_icon=&#8220;&#xf1e4;||fa||900&#8243; icon_placement=&#8220;left&#8220; _builder_version=&#8220;4.22.0&#8243; _module_preset=&#8220;default&#8220; global_colors_info=&#8220;{}&#8220;]<\/p>\n<p><a href=\"tel:+31318578525\">+31 (0) 318-578525<\/a><br \/><a href=\"mailto:info@recogtech.com\">info@recogtech.com<\/a><\/p>\n<p>[\/et_pb_blurb][\/et_pb_column][\/et_pb_row][et_pb_row column_structure=&#8220;1_3,1_3,1_3&#8243; _builder_version=&#8220;4.23.1&#8243; _module_preset=&#8220;default&#8220; global_colors_info=&#8220;{}&#8220;][et_pb_column type=&#8220;1_3&#8243; disabled_on=&#8220;on|on|on&#8220; _builder_version=&#8220;4.23.1&#8243; _module_preset=&#8220;default&#8220; disabled=&#8220;on&#8220; global_colors_info=&#8220;{}&#8220;][et_pb_image src=&#8220;https:\/\/recogtech.com\/wp-content\/uploads\/2023\/08\/judith-elfes-2022.jpg&#8220; title_text=&#8220;judith-elfes-2022&#8243; _builder_version=&#8220;4.23.1&#8243; _module_preset=&#8220;default&#8220; global_colors_info=&#8220;{}&#8220;][\/et_pb_image][et_pb_blurb title=&#8220;Marlot Hulshof&#8220; use_icon=&#8220;on&#8220; font_icon=&#8220;&#xf007;||fa||900&#8243; icon_placement=&#8220;left&#8220; _builder_version=&#8220;4.23.1&#8243; _module_preset=&#8220;default&#8220; global_colors_info=&#8220;{}&#8220;]<\/p>\n<p>Office<br \/><a href=\"mailto:J.Elfes@recogtech.com\">M.Hulshof@recogtech.com<\/a><\/p>\n<p>[\/et_pb_blurb][\/et_pb_column][et_pb_column type=&#8220;1_3&#8243; _builder_version=&#8220;4.22.0&#8243; _module_preset=&#8220;default&#8220; global_colors_info=&#8220;{}&#8220;][et_pb_image src=&#8220;https:\/\/recogtech.com\/wp-content\/uploads\/2023\/08\/peter-vos-2022.jpg&#8220; alt=&#8220;Peter Vos &#8211; Recogtech&#8220; title_text=&#8220;peter-vos-2022&#8243; _builder_version=&#8220;4.23.1&#8243; _module_preset=&#8220;default&#8220; global_colors_info=&#8220;{}&#8220;][\/et_pb_image][et_pb_blurb title=&#8220;Peter Vos&#8220; use_icon=&#8220;on&#8220; font_icon=&#8220;&#xf007;||fa||900&#8243; icon_placement=&#8220;left&#8220; _builder_version=&#8220;4.27.4&#8243; _module_preset=&#8220;default&#8220; hover_enabled=&#8220;0&#8243; global_colors_info=&#8220;{}&#8220; sticky_enabled=&#8220;0&#8243;]<\/p>\n<p>Sales<br \/><a href=\"mailto:info@recogtech.com\">info@recogtech.com<\/a><\/p>\n<p>[\/et_pb_blurb][\/et_pb_column][et_pb_column type=&#8220;1_3&#8243; _builder_version=&#8220;4.22.0&#8243; _module_preset=&#8220;default&#8220; global_colors_info=&#8220;{}&#8220;][et_pb_image src=&#8220;https:\/\/recogtech.com\/wp-content\/uploads\/2023\/08\/eduard-de-knegt-2022.jpg&#8220; alt=&#8220;Eduard de Knegt &#8211; Recogtech&#8220; title_text=&#8220;eduard-de-knegt-2022&#8243; _builder_version=&#8220;4.23.1&#8243; _module_preset=&#8220;default&#8220; global_colors_info=&#8220;{}&#8220;][\/et_pb_image][et_pb_blurb title=&#8220;Eduard de Knegt&#8220; use_icon=&#8220;on&#8220; font_icon=&#8220;&#xf007;||fa||900&#8243; icon_placement=&#8220;left&#8220; _builder_version=&#8220;4.22.0&#8243; _module_preset=&#8220;default&#8220; global_colors_info=&#8220;{}&#8220;]<\/p>\n<p>Research &amp; Development<br \/><a href=\"mailto:E.deKnegt@recogtech.com\">E.deKnegt@recogtech.com<\/a><\/p>\n<p>[\/et_pb_blurb][\/et_pb_column][\/et_pb_row][et_pb_row _builder_version=&#8220;4.22.0&#8243; _module_preset=&#8220;default&#8220; max_width=&#8220;960px&#8220; module_alignment=&#8220;center&#8220; global_colors_info=&#8220;{}&#8220;][et_pb_column type=&#8220;4_4&#8243; _builder_version=&#8220;4.22.0&#8243; _module_preset=&#8220;default&#8220; global_colors_info=&#8220;{}&#8220;][et_pb_divider divider_weight=&#8220;3px&#8220; _builder_version=&#8220;4.22.0&#8243; _module_preset=&#8220;default&#8220; global_colors_info=&#8220;{}&#8220;][\/et_pb_divider][et_pb_text _builder_version=&#8220;4.22.0&#8243; _module_preset=&#8220;default&#8220; global_colors_info=&#8220;{}&#8220;]<\/p>\n<div><strong><span lang=\"DE\">M\u00f6chten Sie unsere Brosch\u00fcre anfordern? Sie interessieren sich f\u00fcr eine Demonstration? Wenn Sie unten Ihre Daten hinterlassen, werden wir uns so schnell wie m\u00f6glich mit Ihnen in Verbindung setzen.<\/span><\/strong><\/div>\n<p>[\/et_pb_text][dsm_contact_form_7 cf7_library=&#8220;362900&#8243; show_validation=&#8220;on&#8220; label_bottom_spacing=&#8220;0px&#8220; input_background_color=&#8220;rgba(0,38,100,0.15)&#8220; _builder_version=&#8220;4.23.4&#8243; _module_preset=&#8220;default&#8220; labels_font=&#8220;|700|||||||&#8220; labels_text_color=&#8220;#002664&#8243; input_textarea_select_font_size=&#8220;16px&#8220; custom_button_one=&#8220;on&#8220; button_one_text_color=&#8220;#FFFFFF&#8220; button_one_font=&#8220;|700|||||||&#8220; button_one_use_icon=&#8220;off&#8220; border_color_all_error_validation=&#8220;#E70000&#8243; global_colors_info=&#8220;{}&#8220;][\/dsm_contact_form_7][\/et_pb_column][\/et_pb_row][\/et_pb_section]<\/p>\n","protected":false},"excerpt":{"rendered":"<p>Kontakt.Molenstraat 183927 AC RenswoudeAuf Karte anzeigenPostfach 113927 ZL\u00a0RenswoudeNiederlande+31 (0) 318-578525info@recogtech.comOfficeM.Hulshof@recogtech.comSalesinfo@recogtech.comResearch &amp; DevelopmentE.deKnegt@recogtech.comM\u00f6chten Sie unsere Brosch\u00fcre anfordern? Sie interessieren sich f\u00fcr eine Demonstration? Wenn Sie unten Ihre Daten hinterlassen, werden wir uns so schnell wie m\u00f6glich mit Ihnen in Verbindung setzen.<div class=\"et_pb_with_border et_pb_module dsm_contact_form_7 dsm_contact_form_7_0\">\n\t\t\t\t\n\t\t\t\t\n\t\t\t\t\n\t\t\t\t\n\t\t\t\t\n\t\t\t\t\n\t\t\t\t<div class=\"et_pb_module_inner\">\n\t\t\t\t\t<div class=\"\">\n\t\t\t\t\n<div class=\"wpcf7 no-js\" id=\"wpcf7-f362900-o1\" lang=\"en-US\" dir=\"ltr\" data-wpcf7-id=\"362900\">\n<div class=\"screen-reader-response\"><p role=\"status\" aria-live=\"polite\" aria-atomic=\"true\"><\/p> <ul><\/ul><\/div>\n<form action=\"\/de\/wp-json\/wp\/v2\/pages\/362748#wpcf7-f362900-o1\" method=\"post\" class=\"wpcf7-form init\" aria-label=\"Contact form\" novalidate=\"novalidate\" data-status=\"init\">\n<fieldset class=\"hidden-fields-container\"><input type=\"hidden\" name=\"_wpcf7\" value=\"362900\" \/><input type=\"hidden\" name=\"_wpcf7_version\" value=\"6.1.5\" \/><input type=\"hidden\" name=\"_wpcf7_locale\" value=\"en_US\" \/><input type=\"hidden\" name=\"_wpcf7_unit_tag\" value=\"wpcf7-f362900-o1\" \/><input type=\"hidden\" name=\"_wpcf7_container_post\" value=\"0\" \/><input type=\"hidden\" name=\"_wpcf7_posted_data_hash\" value=\"\" \/><input type=\"hidden\" name=\"_wpcf7_recaptcha_response\" value=\"\" \/>\n<\/fieldset>\n<p><label> Ihr Name (*)<br \/>\n<span class=\"wpcf7-form-control-wrap\" data-name=\"your-name\"><input size=\"40\" maxlength=\"400\" class=\"wpcf7-form-control wpcf7-text wpcf7-validates-as-required\" aria-required=\"true\" aria-invalid=\"false\" value=\"\" type=\"text\" name=\"your-name\" \/><\/span> <\/label>\n<\/p>\n<p><label> Name der Firma<br \/>\n<span class=\"wpcf7-form-control-wrap\" data-name=\"your-company\"><input size=\"40\" maxlength=\"400\" class=\"wpcf7-form-control wpcf7-text\" aria-invalid=\"false\" value=\"\" type=\"text\" name=\"your-company\" \/><\/span> <\/label>\n<\/p>\n<p><label> E-Mail-Addresse (*)<br \/>\n<span class=\"wpcf7-form-control-wrap\" data-name=\"your-email\"><input size=\"40\" maxlength=\"400\" class=\"wpcf7-form-control wpcf7-email wpcf7-validates-as-required wpcf7-text wpcf7-validates-as-email\" aria-required=\"true\" aria-invalid=\"false\" value=\"\" type=\"email\" name=\"your-email\" \/><\/span> <\/label>\n<\/p>\n<p><label> Telefon (*)<br \/>\n<span class=\"wpcf7-form-control-wrap\" data-name=\"your-phone\"><input size=\"40\" maxlength=\"400\" class=\"wpcf7-form-control wpcf7-tel wpcf7-validates-as-required wpcf7-text wpcf7-validates-as-tel\" aria-required=\"true\" aria-invalid=\"false\" value=\"\" type=\"tel\" name=\"your-phone\" \/><\/span> <\/label>\n<\/p>\n<p><label> Betreff (*) <\/label><br \/>\n<span class=\"wpcf7-form-control-wrap\" data-name=\"your-subject\"><span class=\"wpcf7-form-control wpcf7-checkbox wpcf7-validates-as-required\"><span class=\"wpcf7-list-item first\"><label><input type=\"checkbox\" name=\"your-subject[]\" value=\"Ich interessiere mich f\u00fcr Palm-ID produkte\" \/><span class=\"wpcf7-list-item-label\">Ich interessiere mich f\u00fcr Palm-ID produkte<\/span><\/label><\/span><span class=\"wpcf7-list-item\"><label><input type=\"checkbox\" name=\"your-subject[]\" value=\"Ich interessiere mich f\u00fcr biometrische Sicherheit\" \/><span class=\"wpcf7-list-item-label\">Ich interessiere mich f\u00fcr biometrische Sicherheit<\/span><\/label><\/span><span class=\"wpcf7-list-item last\"><label><input type=\"checkbox\" name=\"your-subject[]\" value=\"Ich habe eine andere Frage\" \/><span class=\"wpcf7-list-item-label\">Ich habe eine andere Frage<\/span><\/label><\/span><\/span><\/span>\n<\/p>\n<p><label> Nachricht (*)<br \/>\n<span class=\"wpcf7-form-control-wrap\" data-name=\"your-message\"><textarea cols=\"40\" rows=\"10\" maxlength=\"2000\" class=\"wpcf7-form-control wpcf7-textarea\" aria-invalid=\"false\" name=\"your-message\"><\/textarea><\/span> <\/label>\n<\/p>\n<p><button class=\"wpcf7-form-control wpcf7-submit has-spinner et_pb_button et_pb_bg_layout_light\" type=\"submit\" value=\"Versenden\">Versenden<\/button>\n<\/p><div class=\"wpcf7-response-output\" aria-hidden=\"true\"><\/div>\n<\/form>\n<\/div>\n\n\t\t\t<\/div>\n\t\t\t\t<\/div>\n\t\t\t<\/div><\/p>\n","protected":false},"author":2,"featured_media":0,"parent":0,"menu_order":0,"comment_status":"closed","ping_status":"closed","template":"","meta":{"_et_pb_use_builder":"on","_et_pb_old_content":"","_et_gb_content_width":"","footnotes":""},"class_list":["post-362748","page","type-page","status-publish","hentry"],"yoast_head":"<!-- This site is optimized with the Yoast SEO plugin v27.4 - https:\/\/yoast.com\/product\/yoast-seo-wordpress\/ -->\n<title>Kontaktiere Sie uns| Recogtech<\/title>\n<meta name=\"description\" content=\"Interessieren Sie sich f\u00fcr die M\u00f6glichkeiten der biometrischen Sicherheit? Nehmen Sie Kontakt auf und erfahren Sie mehr \u00fcber die M\u00f6glichkeiten\" \/>\n<meta name=\"robots\" content=\"index, follow, max-snippet:-1, max-image-preview:large, max-video-preview:-1\" \/>\n<link rel=\"canonical\" href=\"https:\/\/recogtech.com\/de\/kontakt\/\" \/>\n<meta property=\"og:locale\" content=\"de_DE\" \/>\n<meta property=\"og:type\" content=\"article\" \/>\n<meta property=\"og:title\" content=\"Kontaktiere Sie uns| Recogtech\" \/>\n<meta property=\"og:description\" content=\"Interessieren Sie sich f\u00fcr die M\u00f6glichkeiten der biometrischen Sicherheit? Nehmen Sie Kontakt auf und erfahren Sie mehr \u00fcber die M\u00f6glichkeiten\" \/>\n<meta property=\"og:url\" content=\"https:\/\/recogtech.com\/de\/kontakt\/\" \/>\n<meta property=\"og:site_name\" content=\"Recogtech - Biometrische beveiliging\" \/>\n<meta property=\"article:modified_time\" content=\"2024-11-27T12:20:20+00:00\" \/>\n<meta name=\"twitter:card\" content=\"summary_large_image\" \/>\n<meta name=\"twitter:label1\" content=\"Gesch\u00e4tzte Lesezeit\" \/>\n\t<meta name=\"twitter:data1\" content=\"1\u00a0Minute\" \/>\n<script type=\"application\/ld+json\" class=\"yoast-schema-graph\">{\"@context\":\"https:\\\/\\\/schema.org\",\"@graph\":[{\"@type\":\"WebPage\",\"@id\":\"https:\\\/\\\/recogtech.com\\\/de\\\/kontakt\\\/\",\"url\":\"https:\\\/\\\/recogtech.com\\\/de\\\/kontakt\\\/\",\"name\":\"Kontaktiere Sie uns| Recogtech\",\"isPartOf\":{\"@id\":\"https:\\\/\\\/recogtech.com\\\/de\\\/#website\"},\"datePublished\":\"2023-06-23T12:53:46+00:00\",\"dateModified\":\"2024-11-27T12:20:20+00:00\",\"description\":\"Interessieren Sie sich f\u00fcr die M\u00f6glichkeiten der biometrischen Sicherheit? Nehmen Sie Kontakt auf und erfahren Sie mehr \u00fcber die M\u00f6glichkeiten\",\"breadcrumb\":{\"@id\":\"https:\\\/\\\/recogtech.com\\\/de\\\/kontakt\\\/#breadcrumb\"},\"inLanguage\":\"de\",\"potentialAction\":[{\"@type\":\"ReadAction\",\"target\":[\"https:\\\/\\\/recogtech.com\\\/de\\\/kontakt\\\/\"]}]},{\"@type\":\"BreadcrumbList\",\"@id\":\"https:\\\/\\\/recogtech.com\\\/de\\\/kontakt\\\/#breadcrumb\",\"itemListElement\":[{\"@type\":\"ListItem\",\"position\":1,\"name\":\"Home\",\"item\":\"https:\\\/\\\/recogtech.com\\\/de\\\/\"},{\"@type\":\"ListItem\",\"position\":2,\"name\":\"Kontakt\"}]},{\"@type\":\"WebSite\",\"@id\":\"https:\\\/\\\/recogtech.com\\\/de\\\/#website\",\"url\":\"https:\\\/\\\/recogtech.com\\\/de\\\/\",\"name\":\"Recogtech - Biometrische beveiliging\",\"description\":\"High-end Biometric Security\",\"publisher\":{\"@id\":\"https:\\\/\\\/recogtech.com\\\/de\\\/#organization\"},\"potentialAction\":[{\"@type\":\"SearchAction\",\"target\":{\"@type\":\"EntryPoint\",\"urlTemplate\":\"https:\\\/\\\/recogtech.com\\\/de\\\/?s={search_term_string}\"},\"query-input\":{\"@type\":\"PropertyValueSpecification\",\"valueRequired\":true,\"valueName\":\"search_term_string\"}}],\"inLanguage\":\"de\"},{\"@type\":\"Organization\",\"@id\":\"https:\\\/\\\/recogtech.com\\\/de\\\/#organization\",\"name\":\"Recogtech B.V.\",\"url\":\"https:\\\/\\\/recogtech.com\\\/de\\\/\",\"logo\":{\"@type\":\"ImageObject\",\"inLanguage\":\"de\",\"@id\":\"https:\\\/\\\/recogtech.com\\\/de\\\/#\\\/schema\\\/logo\\\/image\\\/\",\"url\":\"https:\\\/\\\/recogtech.com\\\/wp-content\\\/uploads\\\/2023\\\/05\\\/recogtech-weblogo-blauw-rood.png\",\"contentUrl\":\"https:\\\/\\\/recogtech.com\\\/wp-content\\\/uploads\\\/2023\\\/05\\\/recogtech-weblogo-blauw-rood.png\",\"width\":600,\"height\":111,\"caption\":\"Recogtech B.V.\"},\"image\":{\"@id\":\"https:\\\/\\\/recogtech.com\\\/de\\\/#\\\/schema\\\/logo\\\/image\\\/\"}}]}<\/script>\n<!-- \/ Yoast SEO plugin. -->","yoast_head_json":{"title":"Kontaktiere Sie uns| Recogtech","description":"Interessieren Sie sich f\u00fcr die M\u00f6glichkeiten der biometrischen Sicherheit? Nehmen Sie Kontakt auf und erfahren Sie mehr \u00fcber die M\u00f6glichkeiten","robots":{"index":"index","follow":"follow","max-snippet":"max-snippet:-1","max-image-preview":"max-image-preview:large","max-video-preview":"max-video-preview:-1"},"canonical":"https:\/\/recogtech.com\/de\/kontakt\/","og_locale":"de_DE","og_type":"article","og_title":"Kontaktiere Sie uns| Recogtech","og_description":"Interessieren Sie sich f\u00fcr die M\u00f6glichkeiten der biometrischen Sicherheit? Nehmen Sie Kontakt auf und erfahren Sie mehr \u00fcber die M\u00f6glichkeiten","og_url":"https:\/\/recogtech.com\/de\/kontakt\/","og_site_name":"Recogtech - Biometrische beveiliging","article_modified_time":"2024-11-27T12:20:20+00:00","twitter_card":"summary_large_image","twitter_misc":{"Gesch\u00e4tzte Lesezeit":"1\u00a0Minute"},"schema":{"@context":"https:\/\/schema.org","@graph":[{"@type":"WebPage","@id":"https:\/\/recogtech.com\/de\/kontakt\/","url":"https:\/\/recogtech.com\/de\/kontakt\/","name":"Kontaktiere Sie uns| Recogtech","isPartOf":{"@id":"https:\/\/recogtech.com\/de\/#website"},"datePublished":"2023-06-23T12:53:46+00:00","dateModified":"2024-11-27T12:20:20+00:00","description":"Interessieren Sie sich f\u00fcr die M\u00f6glichkeiten der biometrischen Sicherheit? Nehmen Sie Kontakt auf und erfahren Sie mehr \u00fcber die M\u00f6glichkeiten","breadcrumb":{"@id":"https:\/\/recogtech.com\/de\/kontakt\/#breadcrumb"},"inLanguage":"de","potentialAction":[{"@type":"ReadAction","target":["https:\/\/recogtech.com\/de\/kontakt\/"]}]},{"@type":"BreadcrumbList","@id":"https:\/\/recogtech.com\/de\/kontakt\/#breadcrumb","itemListElement":[{"@type":"ListItem","position":1,"name":"Home","item":"https:\/\/recogtech.com\/de\/"},{"@type":"ListItem","position":2,"name":"Kontakt"}]},{"@type":"WebSite","@id":"https:\/\/recogtech.com\/de\/#website","url":"https:\/\/recogtech.com\/de\/","name":"Recogtech - Biometrische beveiliging","description":"High-end Biometric Security","publisher":{"@id":"https:\/\/recogtech.com\/de\/#organization"},"potentialAction":[{"@type":"SearchAction","target":{"@type":"EntryPoint","urlTemplate":"https:\/\/recogtech.com\/de\/?s={search_term_string}"},"query-input":{"@type":"PropertyValueSpecification","valueRequired":true,"valueName":"search_term_string"}}],"inLanguage":"de"},{"@type":"Organization","@id":"https:\/\/recogtech.com\/de\/#organization","name":"Recogtech B.V.","url":"https:\/\/recogtech.com\/de\/","logo":{"@type":"ImageObject","inLanguage":"de","@id":"https:\/\/recogtech.com\/de\/#\/schema\/logo\/image\/","url":"https:\/\/recogtech.com\/wp-content\/uploads\/2023\/05\/recogtech-weblogo-blauw-rood.png","contentUrl":"https:\/\/recogtech.com\/wp-content\/uploads\/2023\/05\/recogtech-weblogo-blauw-rood.png","width":600,"height":111,"caption":"Recogtech B.V."},"image":{"@id":"https:\/\/recogtech.com\/de\/#\/schema\/logo\/image\/"}}]}},"_links":{"self":[{"href":"https:\/\/recogtech.com\/de\/wp-json\/wp\/v2\/pages\/362748","targetHints":{"allow":["GET"]}}],"collection":[{"href":"https:\/\/recogtech.com\/de\/wp-json\/wp\/v2\/pages"}],"about":[{"href":"https:\/\/recogtech.com\/de\/wp-json\/wp\/v2\/types\/page"}],"author":[{"embeddable":true,"href":"https:\/\/recogtech.com\/de\/wp-json\/wp\/v2\/users\/2"}],"replies":[{"embeddable":true,"href":"https:\/\/recogtech.com\/de\/wp-json\/wp\/v2\/comments?post=362748"}],"version-history":[{"count":6,"href":"https:\/\/recogtech.com\/de\/wp-json\/wp\/v2\/pages\/362748\/revisions"}],"predecessor-version":[{"id":364845,"href":"https:\/\/recogtech.com\/de\/wp-json\/wp\/v2\/pages\/362748\/revisions\/364845"}],"wp:attachment":[{"href":"https:\/\/recogtech.com\/de\/wp-json\/wp\/v2\/media?parent=362748"}],"curies":[{"name":"wp","href":"https:\/\/api.w.org\/{rel}","templated":true}]}}