{"id":362745,"date":"2023-07-04T20:27:39","date_gmt":"2023-07-04T18:27:39","guid":{"rendered":"https:\/\/recogtech.com\/ueber-uns\/"},"modified":"2024-02-19T16:07:08","modified_gmt":"2024-02-19T15:07:08","slug":"uber-uns","status":"publish","type":"page","link":"https:\/\/recogtech.com\/de\/uber-uns\/","title":{"rendered":"\u00dcber uns"},"content":{"rendered":"<p>[et_pb_section fb_built=&#8220;1&#8243; next_background_color=&#8220;#ffffff&#8220; admin_label=&#8220;section&#8220; module_class=&#8220;dh-valign-center-section&#8220; _builder_version=&#8220;4.21.0&#8243; background_enable_color=&#8220;off&#8220; use_background_color_gradient=&#8220;on&#8220; background_color_gradient_direction=&#8220;105deg&#8220; background_color_gradient_stops=&#8220;rgba(0,38,100,0.8) 0%|rgba(0,38,100,0.8) 50%|rgba(220,222,230,0) 50%|rgba(255,255,255,0) 99%&#8220; background_color_gradient_overlays_image=&#8220;on&#8220; background_image=&#8220;https:\/\/recogtech.com\/wp-content\/uploads\/2023\/06\/sfeer-palm-id-03.jpg&#8220; height=&#8220;300px&#8220; height_tablet=&#8220;300px&#8220; height_phone=&#8220;240px&#8220; height_last_edited=&#8220;on|phone&#8220; custom_padding=&#8220;0px||0px||false|false&#8220; bottom_divider_style=&#8220;slant2&#8243; bottom_divider_height=&#8220;75px&#8220; bottom_divider_flip=&#8220;horizontal&#8220; locked=&#8220;off&#8220; global_colors_info=&#8220;{}&#8220;][et_pb_row admin_label=&#8220;row&#8220; _builder_version=&#8220;4.21.0&#8243; background_size=&#8220;initial&#8220; background_position=&#8220;top_left&#8220; background_repeat=&#8220;repeat&#8220; custom_padding=&#8220;0px||0px||false|false&#8220; global_colors_info=&#8220;{}&#8220;][et_pb_column type=&#8220;4_4&#8243; _builder_version=&#8220;4.16&#8243; custom_padding=&#8220;|||&#8220; global_colors_info=&#8220;{}&#8220; custom_padding__hover=&#8220;|||&#8220;][et_pb_text _builder_version=&#8220;4.21.0&#8243; _module_preset=&#8220;default&#8220; header_text_color=&#8220;#FFFFFF&#8220; header_font_size=&#8220;60px&#8220; header_font_size_tablet=&#8220;56px&#8220; header_font_size_phone=&#8220;42px&#8220; header_font_size_last_edited=&#8220;on|phone&#8220; global_colors_info=&#8220;{}&#8220;]<\/p>\n<h1><span lang=\"DE\">\u00dcber uns<\/span><span style=\"color: #e70000;\">.<\/span><\/h1>\n<p>[\/et_pb_text][\/et_pb_column][\/et_pb_row][\/et_pb_section][et_pb_section fb_built=&#8220;1&#8243; _builder_version=&#8220;4.21.0&#8243; _module_preset=&#8220;default&#8220; global_colors_info=&#8220;{}&#8220;][et_pb_row column_structure=&#8220;1_2,1_2&#8243; _builder_version=&#8220;4.21.0&#8243; _module_preset=&#8220;default&#8220; global_colors_info=&#8220;{}&#8220;][et_pb_column type=&#8220;1_2&#8243; _builder_version=&#8220;4.21.0&#8243; _module_preset=&#8220;default&#8220; global_colors_info=&#8220;{}&#8220;][et_pb_text _builder_version=&#8220;4.22.1&#8243; _module_preset=&#8220;default&#8220; global_colors_info=&#8220;{}&#8220;]<\/p>\n<div><strong><span lang=\"DE\">Recogtech hat sich auf die faszinierende Welt der Handvenenmustererkennung spezialisiert und wir verwenden die bew\u00e4hrte PalmSecure\u2122-Technologie von Fujitsu. Wir k\u00f6nnen mit Stolz behaupten, dass sich Recogtech auf nationaler und internationaler Ebene einen soliden Ruf im Bereich der biometrischen Zutrittskontrolle aufgebaut hat.<\/span><\/strong><\/div>\n<p style=\"font-weight: 400;\">Recogtech ist bestrebt, innovative und zuverl\u00e4ssige Sicherheitsl\u00f6sungen anzubieten, die den h\u00f6chsten Standards entsprechen. Schauen Sie sich an, wie wir Ihre Sicherheitsbed\u00fcrfnisse erf\u00fcllen und Ihren Seelenfrieden vergr\u00f6\u00dfern k\u00f6nnen.\u201c<\/p>\n<p>[\/et_pb_text][\/et_pb_column][et_pb_column type=&#8220;1_2&#8243; _builder_version=&#8220;4.21.0&#8243; _module_preset=&#8220;default&#8220; global_colors_info=&#8220;{}&#8220;][et_pb_image src=&#8220;https:\/\/recogtech.com\/wp-content\/uploads\/2023\/07\/header-over-ons.jpg&#8220; alt=&#8220;Uber uns &#8211; Recogtech&#8220; title_text=&#8220;header-over-ons&#8220; _builder_version=&#8220;4.24.0&#8243; _module_preset=&#8220;default&#8220; global_colors_info=&#8220;{}&#8220;][\/et_pb_image][\/et_pb_column][\/et_pb_row][\/et_pb_section][et_pb_section fb_built=&#8220;1&#8243; _builder_version=&#8220;4.21.0&#8243; _module_preset=&#8220;default&#8220; background_color=&#8220;rgba(0,38,100,0.15)&#8220; locked=&#8220;off&#8220; global_colors_info=&#8220;{}&#8220;][et_pb_row column_structure=&#8220;1_2,1_2&#8243; _builder_version=&#8220;4.21.0&#8243; _module_preset=&#8220;default&#8220; global_colors_info=&#8220;{}&#8220;][et_pb_column type=&#8220;1_2&#8243; _builder_version=&#8220;4.21.0&#8243; _module_preset=&#8220;default&#8220; global_colors_info=&#8220;{}&#8220;][et_pb_text _builder_version=&#8220;4.22.1&#8243; _module_preset=&#8220;default&#8220; header_2_font_size=&#8220;36px&#8220; global_colors_info=&#8220;{}&#8220;]<\/p>\n<h2><span lang=\"DE\">Autorit\u00e4t auf dem Gebiet der biometrischen Sicherheit<\/span><\/h2>\n<p style=\"font-weight: 400;\">Recogtech war das erste Unternehmen weltweit, das den Scanner von Fujitsu, den PalmSecure<sup>TM<\/sup>, erfolgreich f\u00fcr eine effektive Zutrittskontrolle basierend auf Handvenenmustern einsetzte. Recogtech entwickelt und produziert seine Produkte in den Niederlanden und ist seit Jahren eine etablierte Autorit\u00e4t auf dem Gebiet der biometrischen Sicherheit.<\/p>\n<p>[\/et_pb_text][\/et_pb_column][et_pb_column type=&#8220;1_2&#8243; _builder_version=&#8220;4.21.0&#8243; _module_preset=&#8220;default&#8220; global_colors_info=&#8220;{}&#8220;][et_pb_text _builder_version=&#8220;4.22.1&#8243; _module_preset=&#8220;default&#8220; header_2_font_size=&#8220;36px&#8220; global_colors_info=&#8220;{}&#8220;]<\/p>\n<h2><span lang=\"DE\">Bew\u00e4hrte Technologie f\u00fcr kritische Benutzer<\/span><\/h2>\n<p style=\"font-weight: 400;\">Ob Zutrittskontrolle in Hochsicherheitseinrichtungen, Finanzinstituten, Beh\u00f6rden oder Gesundheitseinrichtungen &#8211; wir verstehen, dass keine Fehler toleriert werden. Deshalb haben wir uns darauf konzentriert, eine technologische L\u00f6sung zu liefern, die Pr\u00e4zision und Sicherheit kombiniert. Unsere Palm-ID-Technologie mit au\u00dfergew\u00f6hnlich niedriger FAR (False Acceptance Rate) und FRR (False Rejection Rate) bietet selbst kritischen Benutzern un\u00fcbertroffene Zuverl\u00e4ssigkeit.<\/p>\n<p>[\/et_pb_text][\/et_pb_column][\/et_pb_row][\/et_pb_section][et_pb_section fb_built=&#8220;1&#8243; disabled_on=&#8220;off|off|off&#8220; _builder_version=&#8220;4.24.0&#8243; _module_preset=&#8220;default&#8220; global_colors_info=&#8220;{}&#8220;][et_pb_row column_structure=&#8220;1_2,1_2&#8243; _builder_version=&#8220;4.21.0&#8243; _module_preset=&#8220;default&#8220; global_colors_info=&#8220;{}&#8220;][et_pb_column type=&#8220;1_2&#8243; _builder_version=&#8220;4.21.0&#8243; _module_preset=&#8220;default&#8220; global_colors_info=&#8220;{}&#8220;][et_pb_image src=&#8220;https:\/\/recogtech.com\/wp-content\/uploads\/2024\/02\/Intersec-award.jpg&#8220; alt=&#8220;Intersec Award &#8211; Recogtech&#8220; title_text=&#8220;Intersec-award&#8220; _builder_version=&#8220;4.24.0&#8243; _module_preset=&#8220;default&#8220; global_colors_info=&#8220;{}&#8220;][\/et_pb_image][\/et_pb_column][et_pb_column type=&#8220;1_2&#8243; _builder_version=&#8220;4.21.0&#8243; _module_preset=&#8220;default&#8220; global_colors_info=&#8220;{}&#8220;][et_pb_text _builder_version=&#8220;4.21.0&#8243; _module_preset=&#8220;default&#8220; header_2_font_size=&#8220;36px&#8220; global_colors_info=&#8220;{}&#8220;]<\/p>\n<h2>Gewinner Intersec Award 2024<\/h2>\n<p style=\"font-weight: 400;\">Der Palm-ID Card von Recogtech wurde auf der Intersec Expo in Dubai mit dem Preis ausgezeichnet <strong>&#8218;Highly Commended&#8216;<\/strong>.<\/p>\n<p>Intersec Dubai ist eine f\u00fchrende internationale Messe mit mehr als 1.100 Ausstellern aus \u00fcber 60 L\u00e4ndern und zieht mehr als 43.000 Besucher aus aller Welt an. Recogtech gewann diese Auszeichnung in der Kategorie <strong>&#8218;Outstanding Commercial Security Solutions\u2019<\/strong>. \u00a0<\/p>\n<p>[\/et_pb_text][et_pb_button button_url=&#8220;@ET-DC@eyJkeW5hbWljIjp0cnVlLCJjb250ZW50IjoicG9zdF9saW5rX3VybF9wYWdlIiwic2V0dGluZ3MiOnsicG9zdF9pZCI6IjM2MTQ0NCJ9fQ==@&#8220; button_text=&#8220;Kontakt aufnehmen&#8220; _builder_version=&#8220;4.23.1&#8243; _dynamic_attributes=&#8220;button_url&#8220; _module_preset=&#8220;default&#8220; custom_button=&#8220;on&#8220; button_font=&#8220;|700|||||||&#8220; global_colors_info=&#8220;{}&#8220;][\/et_pb_button][\/et_pb_column][\/et_pb_row][\/et_pb_section][et_pb_section fb_built=&#8220;1&#8243; _builder_version=&#8220;4.21.0&#8243; _module_preset=&#8220;default&#8220; global_colors_info=&#8220;{}&#8220;][et_pb_row column_structure=&#8220;1_2,1_2&#8243; _builder_version=&#8220;4.21.0&#8243; _module_preset=&#8220;default&#8220; global_colors_info=&#8220;{}&#8220;][et_pb_column type=&#8220;1_2&#8243; _builder_version=&#8220;4.21.0&#8243; _module_preset=&#8220;default&#8220; global_colors_info=&#8220;{}&#8220;][et_pb_text _builder_version=&#8220;4.21.0&#8243; _module_preset=&#8220;default&#8220; header_2_font_size=&#8220;36px&#8220; global_colors_info=&#8220;{}&#8220;]<\/p>\n<h2><span lang=\"DE\">Gewinner des SSA Award<\/span><\/h2>\n<p style=\"font-weight: 400;\">Recogtech wurde bereits 2011 mit dem renommierten SSA Award in der Kategorie \u201eL\u00f6sungen f\u00fcr Beh\u00f6rden\u201c ausgezeichnet. Diese Auszeichnung wurde im Rahmen der renommierten SSA-Messe (Safety &amp; Security Amsterdam), der f\u00fchrenden niederl\u00e4ndischen Veranstaltung f\u00fcr Sicherheit und Schutz, verliehen. Seit seiner Gr\u00fcndung hat sich Recogtech stets als ma\u00dfgeblicher Akteur auf dem Gebiet der biometrischen Sicherheit hervorgetan.<\/p>\n<p style=\"font-weight: 400;\">Dar\u00fcber hinaus hat die niederl\u00e4ndische Handelskammer (KvK) Recogtech zu einem der innovativsten Unternehmen in den Niederlanden ernannt. Diese doppelte Anerkennung spiegelt unser anhaltendes Engagement f\u00fcr bahnbrechende Innovationen und hochwertige L\u00f6sungen auf dem Gebiet der biometrischen Technologie wider. Bei Recogtech streben wir kontinuierlich danach, den Standard zu setzen und an der Spitze der Branche zu stehen, indem wir auf den reichen Erfahrungen unserer Vergangenheit in Bezug auf Leistung und Innovation aufbauen.<\/p>\n<p>[\/et_pb_text][et_pb_button button_url=&#8220;@ET-DC@eyJkeW5hbWljIjp0cnVlLCJjb250ZW50IjoicG9zdF9saW5rX3VybF9wYWdlIiwic2V0dGluZ3MiOnsicG9zdF9pZCI6IjM2MTQ0NCJ9fQ==@&#8220; button_text=&#8220;Kontakt aufnehmen&#8220; _builder_version=&#8220;4.23.1&#8243; _dynamic_attributes=&#8220;button_url&#8220; _module_preset=&#8220;default&#8220; custom_button=&#8220;on&#8220; button_font=&#8220;|700|||||||&#8220; global_colors_info=&#8220;{}&#8220;][\/et_pb_button][\/et_pb_column][et_pb_column type=&#8220;1_2&#8243; _builder_version=&#8220;4.21.0&#8243; _module_preset=&#8220;default&#8220; global_colors_info=&#8220;{}&#8220;][et_pb_image src=&#8220;https:\/\/recogtech.com\/wp-content\/uploads\/2023\/07\/over-ons-foto.jpg&#8220; alt=&#8220;\u00dcber Recogtech &#8211; Recogtech&#8220; title_text=&#8220;over-ons-foto&#8220; _builder_version=&#8220;4.23.1&#8243; _module_preset=&#8220;default&#8220; global_colors_info=&#8220;{}&#8220;][\/et_pb_image][\/et_pb_column][\/et_pb_row][\/et_pb_section]<\/p>\n","protected":false},"excerpt":{"rendered":"<p>\u00dcber uns.Recogtech hat sich auf die faszinierende Welt der Handvenenmustererkennung spezialisiert und wir verwenden die bew\u00e4hrte PalmSecure\u2122-Technologie von Fujitsu. Wir k\u00f6nnen mit Stolz behaupten, dass sich Recogtech auf nationaler und internationaler Ebene einen soliden Ruf im Bereich der biometrischen Zutrittskontrolle aufgebaut hat. Recogtech ist bestrebt, innovative und zuverl\u00e4ssige Sicherheitsl\u00f6sungen anzubieten, die den h\u00f6chsten Standards entsprechen. [&hellip;]<\/p>\n","protected":false},"author":2,"featured_media":0,"parent":0,"menu_order":0,"comment_status":"closed","ping_status":"closed","template":"","meta":{"_et_pb_use_builder":"on","_et_pb_old_content":"","_et_gb_content_width":"","footnotes":""},"class_list":["post-362745","page","type-page","status-publish","hentry"],"yoast_head":"<!-- This site is optimized with the Yoast SEO plugin v27.5 - https:\/\/yoast.com\/product\/yoast-seo-wordpress\/ -->\n<title>\u00dcber Recogtech | Kontakt<\/title>\n<meta name=\"description\" content=\"Das niederl\u00e4ndische Unternehmen Recogtech ist der Spezialist f\u00fcr biometrische Sicherheit. Unsere Mission: sicherer Zugang ohne Probleme.\" \/>\n<meta name=\"robots\" content=\"index, follow, max-snippet:-1, max-image-preview:large, max-video-preview:-1\" \/>\n<link rel=\"canonical\" href=\"https:\/\/recogtech.com\/de\/uber-uns\/\" \/>\n<meta property=\"og:locale\" content=\"de_DE\" \/>\n<meta property=\"og:type\" content=\"article\" \/>\n<meta property=\"og:title\" content=\"\u00dcber Recogtech | Kontakt\" \/>\n<meta property=\"og:description\" content=\"Das niederl\u00e4ndische Unternehmen Recogtech ist der Spezialist f\u00fcr biometrische Sicherheit. Unsere Mission: sicherer Zugang ohne Probleme.\" \/>\n<meta property=\"og:url\" content=\"https:\/\/recogtech.com\/de\/uber-uns\/\" \/>\n<meta property=\"og:site_name\" content=\"Recogtech - Biometrische beveiliging\" \/>\n<meta property=\"article:modified_time\" content=\"2024-02-19T15:07:08+00:00\" \/>\n<meta name=\"twitter:card\" content=\"summary_large_image\" \/>\n<meta name=\"twitter:label1\" content=\"Gesch\u00e4tzte Lesezeit\" \/>\n\t<meta name=\"twitter:data1\" content=\"2\u00a0Minuten\" \/>\n<script type=\"application\/ld+json\" class=\"yoast-schema-graph\">{\"@context\":\"https:\\\/\\\/schema.org\",\"@graph\":[{\"@type\":\"WebPage\",\"@id\":\"https:\\\/\\\/recogtech.com\\\/de\\\/uber-uns\\\/\",\"url\":\"https:\\\/\\\/recogtech.com\\\/de\\\/uber-uns\\\/\",\"name\":\"\u00dcber Recogtech | Kontakt\",\"isPartOf\":{\"@id\":\"https:\\\/\\\/recogtech.com\\\/de\\\/#website\"},\"datePublished\":\"2023-07-04T18:27:39+00:00\",\"dateModified\":\"2024-02-19T15:07:08+00:00\",\"description\":\"Das niederl\u00e4ndische Unternehmen Recogtech ist der Spezialist f\u00fcr biometrische Sicherheit. Unsere Mission: sicherer Zugang ohne Probleme.\",\"breadcrumb\":{\"@id\":\"https:\\\/\\\/recogtech.com\\\/de\\\/uber-uns\\\/#breadcrumb\"},\"inLanguage\":\"de\",\"potentialAction\":[{\"@type\":\"ReadAction\",\"target\":[\"https:\\\/\\\/recogtech.com\\\/de\\\/uber-uns\\\/\"]}]},{\"@type\":\"BreadcrumbList\",\"@id\":\"https:\\\/\\\/recogtech.com\\\/de\\\/uber-uns\\\/#breadcrumb\",\"itemListElement\":[{\"@type\":\"ListItem\",\"position\":1,\"name\":\"Home\",\"item\":\"https:\\\/\\\/recogtech.com\\\/de\\\/\"},{\"@type\":\"ListItem\",\"position\":2,\"name\":\"\u00dcber uns\"}]},{\"@type\":\"WebSite\",\"@id\":\"https:\\\/\\\/recogtech.com\\\/de\\\/#website\",\"url\":\"https:\\\/\\\/recogtech.com\\\/de\\\/\",\"name\":\"Recogtech - Biometrische beveiliging\",\"description\":\"High-end Biometric Security\",\"publisher\":{\"@id\":\"https:\\\/\\\/recogtech.com\\\/de\\\/#organization\"},\"potentialAction\":[{\"@type\":\"SearchAction\",\"target\":{\"@type\":\"EntryPoint\",\"urlTemplate\":\"https:\\\/\\\/recogtech.com\\\/de\\\/?s={search_term_string}\"},\"query-input\":{\"@type\":\"PropertyValueSpecification\",\"valueRequired\":true,\"valueName\":\"search_term_string\"}}],\"inLanguage\":\"de\"},{\"@type\":\"Organization\",\"@id\":\"https:\\\/\\\/recogtech.com\\\/de\\\/#organization\",\"name\":\"Recogtech B.V.\",\"url\":\"https:\\\/\\\/recogtech.com\\\/de\\\/\",\"logo\":{\"@type\":\"ImageObject\",\"inLanguage\":\"de\",\"@id\":\"https:\\\/\\\/recogtech.com\\\/de\\\/#\\\/schema\\\/logo\\\/image\\\/\",\"url\":\"https:\\\/\\\/recogtech.com\\\/wp-content\\\/uploads\\\/2023\\\/05\\\/recogtech-weblogo-blauw-rood.png\",\"contentUrl\":\"https:\\\/\\\/recogtech.com\\\/wp-content\\\/uploads\\\/2023\\\/05\\\/recogtech-weblogo-blauw-rood.png\",\"width\":600,\"height\":111,\"caption\":\"Recogtech B.V.\"},\"image\":{\"@id\":\"https:\\\/\\\/recogtech.com\\\/de\\\/#\\\/schema\\\/logo\\\/image\\\/\"}}]}<\/script>\n<!-- \/ Yoast SEO plugin. -->","yoast_head_json":{"title":"\u00dcber Recogtech | Kontakt","description":"Das niederl\u00e4ndische Unternehmen Recogtech ist der Spezialist f\u00fcr biometrische Sicherheit. Unsere Mission: sicherer Zugang ohne Probleme.","robots":{"index":"index","follow":"follow","max-snippet":"max-snippet:-1","max-image-preview":"max-image-preview:large","max-video-preview":"max-video-preview:-1"},"canonical":"https:\/\/recogtech.com\/de\/uber-uns\/","og_locale":"de_DE","og_type":"article","og_title":"\u00dcber Recogtech | Kontakt","og_description":"Das niederl\u00e4ndische Unternehmen Recogtech ist der Spezialist f\u00fcr biometrische Sicherheit. Unsere Mission: sicherer Zugang ohne Probleme.","og_url":"https:\/\/recogtech.com\/de\/uber-uns\/","og_site_name":"Recogtech - Biometrische beveiliging","article_modified_time":"2024-02-19T15:07:08+00:00","twitter_card":"summary_large_image","twitter_misc":{"Gesch\u00e4tzte Lesezeit":"2\u00a0Minuten"},"schema":{"@context":"https:\/\/schema.org","@graph":[{"@type":"WebPage","@id":"https:\/\/recogtech.com\/de\/uber-uns\/","url":"https:\/\/recogtech.com\/de\/uber-uns\/","name":"\u00dcber Recogtech | Kontakt","isPartOf":{"@id":"https:\/\/recogtech.com\/de\/#website"},"datePublished":"2023-07-04T18:27:39+00:00","dateModified":"2024-02-19T15:07:08+00:00","description":"Das niederl\u00e4ndische Unternehmen Recogtech ist der Spezialist f\u00fcr biometrische Sicherheit. Unsere Mission: sicherer Zugang ohne Probleme.","breadcrumb":{"@id":"https:\/\/recogtech.com\/de\/uber-uns\/#breadcrumb"},"inLanguage":"de","potentialAction":[{"@type":"ReadAction","target":["https:\/\/recogtech.com\/de\/uber-uns\/"]}]},{"@type":"BreadcrumbList","@id":"https:\/\/recogtech.com\/de\/uber-uns\/#breadcrumb","itemListElement":[{"@type":"ListItem","position":1,"name":"Home","item":"https:\/\/recogtech.com\/de\/"},{"@type":"ListItem","position":2,"name":"\u00dcber uns"}]},{"@type":"WebSite","@id":"https:\/\/recogtech.com\/de\/#website","url":"https:\/\/recogtech.com\/de\/","name":"Recogtech - Biometrische beveiliging","description":"High-end Biometric Security","publisher":{"@id":"https:\/\/recogtech.com\/de\/#organization"},"potentialAction":[{"@type":"SearchAction","target":{"@type":"EntryPoint","urlTemplate":"https:\/\/recogtech.com\/de\/?s={search_term_string}"},"query-input":{"@type":"PropertyValueSpecification","valueRequired":true,"valueName":"search_term_string"}}],"inLanguage":"de"},{"@type":"Organization","@id":"https:\/\/recogtech.com\/de\/#organization","name":"Recogtech B.V.","url":"https:\/\/recogtech.com\/de\/","logo":{"@type":"ImageObject","inLanguage":"de","@id":"https:\/\/recogtech.com\/de\/#\/schema\/logo\/image\/","url":"https:\/\/recogtech.com\/wp-content\/uploads\/2023\/05\/recogtech-weblogo-blauw-rood.png","contentUrl":"https:\/\/recogtech.com\/wp-content\/uploads\/2023\/05\/recogtech-weblogo-blauw-rood.png","width":600,"height":111,"caption":"Recogtech B.V."},"image":{"@id":"https:\/\/recogtech.com\/de\/#\/schema\/logo\/image\/"}}]}},"_links":{"self":[{"href":"https:\/\/recogtech.com\/de\/wp-json\/wp\/v2\/pages\/362745","targetHints":{"allow":["GET"]}}],"collection":[{"href":"https:\/\/recogtech.com\/de\/wp-json\/wp\/v2\/pages"}],"about":[{"href":"https:\/\/recogtech.com\/de\/wp-json\/wp\/v2\/types\/page"}],"author":[{"embeddable":true,"href":"https:\/\/recogtech.com\/de\/wp-json\/wp\/v2\/users\/2"}],"replies":[{"embeddable":true,"href":"https:\/\/recogtech.com\/de\/wp-json\/wp\/v2\/comments?post=362745"}],"version-history":[{"count":11,"href":"https:\/\/recogtech.com\/de\/wp-json\/wp\/v2\/pages\/362745\/revisions"}],"predecessor-version":[{"id":364178,"href":"https:\/\/recogtech.com\/de\/wp-json\/wp\/v2\/pages\/362745\/revisions\/364178"}],"wp:attachment":[{"href":"https:\/\/recogtech.com\/de\/wp-json\/wp\/v2\/media?parent=362745"}],"curies":[{"name":"wp","href":"https:\/\/api.w.org\/{rel}","templated":true}]}}