{"id":362742,"date":"2023-10-26T10:28:41","date_gmt":"2023-10-26T08:28:41","guid":{"rendered":"https:\/\/recogtech.com\/integration-paxton\/"},"modified":"2023-12-14T14:01:43","modified_gmt":"2023-12-14T13:01:43","slug":"integration-paxton","status":"publish","type":"page","link":"https:\/\/recogtech.com\/de\/integration-paxton\/","title":{"rendered":"Integration Paxton"},"content":{"rendered":"<p>[et_pb_section fb_built=&#8220;1&#8243; next_background_color=&#8220;#ffffff&#8220; admin_label=&#8220;section&#8220; module_class=&#8220;dh-valign-center-section&#8220; _builder_version=&#8220;4.22.1&#8243; background_enable_color=&#8220;off&#8220; use_background_color_gradient=&#8220;on&#8220; background_color_gradient_direction=&#8220;105deg&#8220; background_color_gradient_stops=&#8220;rgba(0,38,100,0.8) 0%|rgba(0,38,100,0.8) 50%|rgba(220,222,230,0) 50%|rgba(255,255,255,0) 99%&#8220; background_color_gradient_overlays_image=&#8220;on&#8220; background_image=&#8220;https:\/\/recogtech.com\/wp-content\/uploads\/2023\/05\/sector-kantoor-1920.jpg&#8220; height=&#8220;300px&#8220; height_tablet=&#8220;300px&#8220; height_phone=&#8220;240px&#8220; height_last_edited=&#8220;on|phone&#8220; custom_padding=&#8220;0px||0px||false|false&#8220; bottom_divider_style=&#8220;slant2&#8243; bottom_divider_height=&#8220;75px&#8220; bottom_divider_flip=&#8220;horizontal&#8220; locked=&#8220;off&#8220; global_colors_info=&#8220;{}&#8220;][et_pb_row admin_label=&#8220;row&#8220; _builder_version=&#8220;4.21.0&#8243; background_size=&#8220;initial&#8220; background_position=&#8220;top_left&#8220; background_repeat=&#8220;repeat&#8220; custom_padding=&#8220;0px||0px||false|false&#8220; global_colors_info=&#8220;{}&#8220;][et_pb_column type=&#8220;4_4&#8243; _builder_version=&#8220;4.16&#8243; custom_padding=&#8220;|||&#8220; global_colors_info=&#8220;{}&#8220; custom_padding__hover=&#8220;|||&#8220;][et_pb_text _builder_version=&#8220;4.22.1&#8243; _module_preset=&#8220;default&#8220; header_text_color=&#8220;#FFFFFF&#8220; header_font_size=&#8220;60px&#8220; header_font_size_tablet=&#8220;56px&#8220; header_font_size_phone=&#8220;42px&#8220; header_font_size_last_edited=&#8220;on|phone&#8220; global_colors_info=&#8220;{}&#8220;]<\/p>\n<h1>Integration: Paxton<span style=\"color: #e70000;\">.<\/span><\/h1>\n<p>[\/et_pb_text][\/et_pb_column][\/et_pb_row][\/et_pb_section][et_pb_section fb_built=&#8220;1&#8243; _builder_version=&#8220;4.21.0&#8243; _module_preset=&#8220;default&#8220; global_colors_info=&#8220;{}&#8220;][et_pb_row column_structure=&#8220;1_2,1_2&#8243; _builder_version=&#8220;4.21.0&#8243; _module_preset=&#8220;default&#8220; global_colors_info=&#8220;{}&#8220;][et_pb_column type=&#8220;1_2&#8243; _builder_version=&#8220;4.21.0&#8243; _module_preset=&#8220;default&#8220; global_colors_info=&#8220;{}&#8220;][et_pb_text _builder_version=&#8220;4.22.1&#8243; _module_preset=&#8220;default&#8220; header_2_font_size=&#8220;36px&#8220; global_colors_info=&#8220;{}&#8220;]<\/p>\n<h2><span lang=\"DE\">\u00dcber Paxton<\/span><\/h2>\n<div><span lang=\"DE\">Paxton ist ein f\u00fchrender Partner f\u00fcr Zugangskontrollsysteme und bietet Unternehmen jeder Gr\u00f6\u00dfe und in jeder Branche innovative und zuverl\u00e4ssige Sicherheitsl\u00f6sungen. Sie bieten fortschrittliche Technologien wie biometrische Identifizierung, Smartcards und cloudbasierte Sicherheitssysteme an, die f\u00fcr eine einfache Implementierung und Benutzerfreundlichkeit entwickelt wurden.<\/span><\/div>\n<p>[\/et_pb_text][et_pb_button button_url=&#8220;@ET-DC@eyJkeW5hbWljIjp0cnVlLCJjb250ZW50IjoicG9zdF9saW5rX3VybF9wYWdlIiwic2V0dGluZ3MiOnsicG9zdF9pZCI6IjM2MTQ0NCJ9fQ==@&#8220; button_text=&#8220;Kontakt aufnehmen&#8220; _builder_version=&#8220;4.23.1&#8243; _dynamic_attributes=&#8220;button_url&#8220; _module_preset=&#8220;default&#8220; custom_button=&#8220;on&#8220; button_font=&#8220;|700|||||||&#8220; global_colors_info=&#8220;{}&#8220;][\/et_pb_button][\/et_pb_column][et_pb_column type=&#8220;1_2&#8243; _builder_version=&#8220;4.21.0&#8243; _module_preset=&#8220;default&#8220; global_colors_info=&#8220;{}&#8220;][et_pb_image src=&#8220;https:\/\/recogtech.com\/wp-content\/uploads\/2023\/10\/paxton.jpg&#8220; alt=&#8220;Integration Paxton und Recogtech &#8211; Recogtech.com&#8220; title_text=&#8220;paxton&#8220; _builder_version=&#8220;4.22.1&#8243; _module_preset=&#8220;default&#8220; global_colors_info=&#8220;{}&#8220;][\/et_pb_image][\/et_pb_column][\/et_pb_row][et_pb_row column_structure=&#8220;1_2,1_2&#8243; _builder_version=&#8220;4.21.0&#8243; _module_preset=&#8220;default&#8220; global_colors_info=&#8220;{}&#8220;][et_pb_column type=&#8220;1_2&#8243; _builder_version=&#8220;4.21.0&#8243; _module_preset=&#8220;default&#8220; global_colors_info=&#8220;{}&#8220;][et_pb_text _builder_version=&#8220;4.22.1&#8243; _module_preset=&#8220;default&#8220; header_2_font_size=&#8220;36px&#8220; global_colors_info=&#8220;{}&#8220;]<\/p>\n<h2><span lang=\"DE\">Vielf\u00e4ltige Zugangskontrollm\u00f6glichkeiten<\/span><\/h2>\n<div>\n<p style=\"font-weight: 400;\">Die Venenmustererkennung der Handfl\u00e4che, eine Technologie, die als die sicherste Form der Biometrie bekannt ist, kann ab heute in einem viel gr\u00f6\u00dferen Ma\u00dfstab eingesetzt werden. Dies ist das Ergebnis der Zusammenarbeit von <strong>Paxton<\/strong> und Recogtech, das sich auf biometrische Sicherheit spezialisiert hat. Im Rahmen dieser Zusammenarbeit wurden die von Recogtech entwickelte Palm-ID Pro und Palm-ID Card in Net2, Paxtons Zugangskontrollsystem, integriert.\u00a0<\/p>\n<p><span style=\"font-weight: 400;\">Dadurch k\u00f6nnen Paxton-Kunden auf der ganzen Welt diese beiden Technologien (basierend auf der Venenmustererkennung der Handfl\u00e4che) in Kombination mit Net2 verwenden.\u00a0Die Technologie von Recogtech wurde von Paxtons Zugangskontroll-Experten ausgiebig getestet und validiert, dies f\u00fchrte zu dieser \u201eIntegrationspartnerschaft\u201c.<\/span><\/p>\n<\/div>\n<div>\u00a0<\/div>\n<p>[\/et_pb_text][\/et_pb_column][et_pb_column type=&#8220;1_2&#8243; _builder_version=&#8220;4.21.0&#8243; _module_preset=&#8220;default&#8220; global_colors_info=&#8220;{}&#8220;][et_pb_text _builder_version=&#8220;4.22.1&#8243; _module_preset=&#8220;default&#8220; header_2_font_size=&#8220;36px&#8220; global_colors_info=&#8220;{}&#8220;]<\/p>\n<h2><span lang=\"DE\">Palm-ID Pro und Palm-ID Card<\/span><\/h2>\n<p style=\"font-weight: 400;\">Die Palm-ID Pro und die Palm-ID Card k\u00f6nnen beide in Paxton Net2 integriert werden. Palm-ID basiert auf PalmSecure\u2122, einem von Fujitsu entwickelten hochzuverl\u00e4ssigen Sicherheitssensor zur Erkennung von Handvenenmustern.<\/p>\n<p style=\"font-weight: 400;\">Die Benutzerregistrierung ist jetzt vollst\u00e4ndig in Net2 integriert. \u201eDer Palm-ID ist ein hochwertiges Sicherheitsprodukt\u201c, erkl\u00e4rt Peter Vos, Sales Manager von Recogtech. \u201eEs arbeitet extrem schnell, hat eine niedrige\u00a0False Acceptance Rate\u00a0(FAR) und funktioniert auch gut bei gro\u00dfen Benutzergruppen.\u201c Der Palm-ID Card wurde speziell im Hinblick auf die Einhaltung der DSGVO\/GDPR-Richtlinien entwickelt und kann nicht aus dem Netzwerk heraus gehackt werden.<\/p>\n<p>[\/et_pb_text][\/et_pb_column][\/et_pb_row][\/et_pb_section][et_pb_section fb_built=&#8220;1&#8243; _builder_version=&#8220;4.22.0&#8243; _module_preset=&#8220;default&#8220; background_color=&#8220;rgba(0,38,100,0.15)&#8220; locked=&#8220;off&#8220; global_colors_info=&#8220;{}&#8220;][et_pb_row _builder_version=&#8220;4.22.0&#8243; _module_preset=&#8220;default&#8220; global_colors_info=&#8220;{}&#8220;][et_pb_column type=&#8220;4_4&#8243; _builder_version=&#8220;4.22.0&#8243; _module_preset=&#8220;default&#8220; global_colors_info=&#8220;{}&#8220;][et_pb_blurb use_icon=&#8220;on&#8220; font_icon=&#8220;&#xf10e;||fa||900&#8243; content_max_width=&#8220;800px&#8220; _builder_version=&#8220;4.22.1&#8243; _module_preset=&#8220;default&#8220; body_font=&#8220;|700|||||||&#8220; body_text_color=&#8220;#002664&#8243; body_font_size=&#8220;20px&#8220; body_line_height=&#8220;1.6em&#8220; text_orientation=&#8220;center&#8220; module_alignment=&#8220;center&#8220; global_colors_info=&#8220;{}&#8220;]<\/p>\n<p style=\"font-weight: 400;\"><em><strong>\u201c<span lang=\"DE\">Die Technologie von Recogtech ist eine sch\u00f6ne Erg\u00e4nzung unseres \u00d6kosystems, weil wir damit eine sehr sichere und skalierbare Option f\u00fcr die biometrische Zutrittskontrolle anbieten k\u00f6nnen\u201c, sagt Randy van de Ven, Produktadministrator &amp; Technischer Support Benelux. \u201eAu\u00dferdem sind wir beeindruckt von der proaktiven Art und Weise, wie Recogtech mit dem Palm-ID Card auf Herausforderungen reagiert, die sich aus der DSGVO und der GDPR ergeben, wenn es um den Einsatz von Biometrie geht.<\/span>\u201d<\/strong><\/em><\/p>\n<p>[\/et_pb_blurb][\/et_pb_column][\/et_pb_row][\/et_pb_section][et_pb_section fb_built=&#8220;1&#8243; _builder_version=&#8220;4.21.0&#8243; _module_preset=&#8220;default&#8220; global_colors_info=&#8220;{}&#8220;][et_pb_row column_structure=&#8220;1_2,1_2&#8243; _builder_version=&#8220;4.21.0&#8243; _module_preset=&#8220;default&#8220; global_colors_info=&#8220;{}&#8220;][et_pb_column type=&#8220;1_2&#8243; _builder_version=&#8220;4.21.0&#8243; _module_preset=&#8220;default&#8220; global_colors_info=&#8220;{}&#8220;][et_pb_text _builder_version=&#8220;4.21.0&#8243; _module_preset=&#8220;default&#8220; header_2_font_size=&#8220;36px&#8220; global_colors_info=&#8220;{}&#8220;]<\/p>\n<h2><span lang=\"DE\">Wachsende Beliebtheit in verschiedenen Sektoren<\/span><\/h2>\n<p style=\"font-weight: 400;\">Biometrie gibt es schon lange, sie hat aber in den letzten zehn Jahren einen enormen Sprung gemacht. Palm-ID-Produkte werden h\u00e4ufig f\u00fcr die Zutrittskontrolle im Justizsektor, in Beh\u00f6rden, in KMU, multinationalen Unternehmen, im Bankensektor und im Gesundheitswesen eingesetzt.<\/p>\n<p>Durch die Integration mit Net2 wird die Beliebtheit des Systems noch weiter steigen, erwartet Peter Vos: \u201ePaxton hat\u00a0weltweit Tausende von Kunden und damit eine gro\u00dfe Marktreichweite; in der Regel die gleiche Art von Organisationen, die wir auch bedienen. Mit unserer integrierten L\u00f6sung bieten wir diesen Kunden die M\u00f6glichkeit, ihr Sicherheitsniveau auf einfache und benutzerfreundliche Weise zu erh\u00f6hen.\u201c<\/p>\n<p>[\/et_pb_text][et_pb_button button_url=&#8220;@ET-DC@eyJkeW5hbWljIjp0cnVlLCJjb250ZW50IjoicG9zdF9saW5rX3VybF9wYWdlIiwic2V0dGluZ3MiOnsicG9zdF9pZCI6IjM2MTQ0NCJ9fQ==@&#8220; button_text=&#8220;Kontakt aufnehmen&#8220; _builder_version=&#8220;4.23.1&#8243; _dynamic_attributes=&#8220;button_url&#8220; _module_preset=&#8220;default&#8220; custom_button=&#8220;on&#8220; button_font=&#8220;|700|||||||&#8220; global_colors_info=&#8220;{}&#8220;][\/et_pb_button][\/et_pb_column][et_pb_column type=&#8220;1_2&#8243; _builder_version=&#8220;4.21.0&#8243; _module_preset=&#8220;default&#8220; global_colors_info=&#8220;{}&#8220;][et_pb_image src=&#8220;https:\/\/recogtech.com\/wp-content\/uploads\/2023\/06\/sfeer-palm-id-12.jpg&#8220; title_text=&#8220;sfeer-palm-id-12&#8243; _builder_version=&#8220;4.22.1&#8243; _module_preset=&#8220;default&#8220; global_colors_info=&#8220;{}&#8220;][\/et_pb_image][\/et_pb_column][\/et_pb_row][\/et_pb_section]<\/p>\n","protected":false},"excerpt":{"rendered":"<p>Integration: Paxton.\u00dcber Paxton Paxton ist ein f\u00fchrender Partner f\u00fcr Zugangskontrollsysteme und bietet Unternehmen jeder Gr\u00f6\u00dfe und in jeder Branche innovative und zuverl\u00e4ssige Sicherheitsl\u00f6sungen. Sie bieten fortschrittliche Technologien wie biometrische Identifizierung, Smartcards und cloudbasierte Sicherheitssysteme an, die f\u00fcr eine einfache Implementierung und Benutzerfreundlichkeit entwickelt wurden.Vielf\u00e4ltige Zugangskontrollm\u00f6glichkeiten Die Venenmustererkennung der Handfl\u00e4che, eine Technologie, die als die sicherste [&hellip;]<\/p>\n","protected":false},"author":2,"featured_media":0,"parent":0,"menu_order":0,"comment_status":"closed","ping_status":"closed","template":"","meta":{"_et_pb_use_builder":"on","_et_pb_old_content":"","_et_gb_content_width":"","footnotes":""},"class_list":["post-362742","page","type-page","status-publish","hentry"],"yoast_head":"<!-- This site is optimized with the Yoast SEO plugin v27.5 - https:\/\/yoast.com\/product\/yoast-seo-wordpress\/ -->\n<title>Integration Paxton | Recogtech biometrische Sicherheit<\/title>\n<meta name=\"description\" content=\"Sowohl der Palm-ID Pro als auch die Palm-ID Card k\u00f6nnen in Paxton Net2 integriert werden. Palm-ID basiert auf PalmSecure.\" \/>\n<meta name=\"robots\" content=\"index, follow, max-snippet:-1, max-image-preview:large, max-video-preview:-1\" \/>\n<link rel=\"canonical\" href=\"https:\/\/recogtech.com\/de\/integration-paxton\/\" \/>\n<meta property=\"og:locale\" content=\"de_DE\" \/>\n<meta property=\"og:type\" content=\"article\" \/>\n<meta property=\"og:title\" content=\"Integration Paxton | Recogtech biometrische Sicherheit\" \/>\n<meta property=\"og:description\" content=\"Sowohl der Palm-ID Pro als auch die Palm-ID Card k\u00f6nnen in Paxton Net2 integriert werden. Palm-ID basiert auf PalmSecure.\" \/>\n<meta property=\"og:url\" content=\"https:\/\/recogtech.com\/de\/integration-paxton\/\" \/>\n<meta property=\"og:site_name\" content=\"Recogtech - Biometrische beveiliging\" \/>\n<meta property=\"article:modified_time\" content=\"2023-12-14T13:01:43+00:00\" \/>\n<meta name=\"twitter:card\" content=\"summary_large_image\" \/>\n<meta name=\"twitter:label1\" content=\"Gesch\u00e4tzte Lesezeit\" \/>\n\t<meta name=\"twitter:data1\" content=\"3\u00a0Minuten\" \/>\n<script type=\"application\/ld+json\" class=\"yoast-schema-graph\">{\"@context\":\"https:\\\/\\\/schema.org\",\"@graph\":[{\"@type\":\"WebPage\",\"@id\":\"https:\\\/\\\/recogtech.com\\\/de\\\/integration-paxton\\\/\",\"url\":\"https:\\\/\\\/recogtech.com\\\/de\\\/integration-paxton\\\/\",\"name\":\"Integration Paxton | Recogtech biometrische Sicherheit\",\"isPartOf\":{\"@id\":\"https:\\\/\\\/recogtech.com\\\/de\\\/#website\"},\"datePublished\":\"2023-10-26T08:28:41+00:00\",\"dateModified\":\"2023-12-14T13:01:43+00:00\",\"description\":\"Sowohl der Palm-ID Pro als auch die Palm-ID Card k\u00f6nnen in Paxton Net2 integriert werden. Palm-ID basiert auf PalmSecure.\",\"breadcrumb\":{\"@id\":\"https:\\\/\\\/recogtech.com\\\/de\\\/integration-paxton\\\/#breadcrumb\"},\"inLanguage\":\"de\",\"potentialAction\":[{\"@type\":\"ReadAction\",\"target\":[\"https:\\\/\\\/recogtech.com\\\/de\\\/integration-paxton\\\/\"]}]},{\"@type\":\"BreadcrumbList\",\"@id\":\"https:\\\/\\\/recogtech.com\\\/de\\\/integration-paxton\\\/#breadcrumb\",\"itemListElement\":[{\"@type\":\"ListItem\",\"position\":1,\"name\":\"Home\",\"item\":\"https:\\\/\\\/recogtech.com\\\/de\\\/\"},{\"@type\":\"ListItem\",\"position\":2,\"name\":\"Integration Paxton\"}]},{\"@type\":\"WebSite\",\"@id\":\"https:\\\/\\\/recogtech.com\\\/de\\\/#website\",\"url\":\"https:\\\/\\\/recogtech.com\\\/de\\\/\",\"name\":\"Recogtech - Biometrische beveiliging\",\"description\":\"High-end Biometric Security\",\"publisher\":{\"@id\":\"https:\\\/\\\/recogtech.com\\\/de\\\/#organization\"},\"potentialAction\":[{\"@type\":\"SearchAction\",\"target\":{\"@type\":\"EntryPoint\",\"urlTemplate\":\"https:\\\/\\\/recogtech.com\\\/de\\\/?s={search_term_string}\"},\"query-input\":{\"@type\":\"PropertyValueSpecification\",\"valueRequired\":true,\"valueName\":\"search_term_string\"}}],\"inLanguage\":\"de\"},{\"@type\":\"Organization\",\"@id\":\"https:\\\/\\\/recogtech.com\\\/de\\\/#organization\",\"name\":\"Recogtech B.V.\",\"url\":\"https:\\\/\\\/recogtech.com\\\/de\\\/\",\"logo\":{\"@type\":\"ImageObject\",\"inLanguage\":\"de\",\"@id\":\"https:\\\/\\\/recogtech.com\\\/de\\\/#\\\/schema\\\/logo\\\/image\\\/\",\"url\":\"https:\\\/\\\/recogtech.com\\\/wp-content\\\/uploads\\\/2023\\\/05\\\/recogtech-weblogo-blauw-rood.png\",\"contentUrl\":\"https:\\\/\\\/recogtech.com\\\/wp-content\\\/uploads\\\/2023\\\/05\\\/recogtech-weblogo-blauw-rood.png\",\"width\":600,\"height\":111,\"caption\":\"Recogtech B.V.\"},\"image\":{\"@id\":\"https:\\\/\\\/recogtech.com\\\/de\\\/#\\\/schema\\\/logo\\\/image\\\/\"}}]}<\/script>\n<!-- \/ Yoast SEO plugin. -->","yoast_head_json":{"title":"Integration Paxton | Recogtech biometrische Sicherheit","description":"Sowohl der Palm-ID Pro als auch die Palm-ID Card k\u00f6nnen in Paxton Net2 integriert werden. Palm-ID basiert auf PalmSecure.","robots":{"index":"index","follow":"follow","max-snippet":"max-snippet:-1","max-image-preview":"max-image-preview:large","max-video-preview":"max-video-preview:-1"},"canonical":"https:\/\/recogtech.com\/de\/integration-paxton\/","og_locale":"de_DE","og_type":"article","og_title":"Integration Paxton | Recogtech biometrische Sicherheit","og_description":"Sowohl der Palm-ID Pro als auch die Palm-ID Card k\u00f6nnen in Paxton Net2 integriert werden. Palm-ID basiert auf PalmSecure.","og_url":"https:\/\/recogtech.com\/de\/integration-paxton\/","og_site_name":"Recogtech - Biometrische beveiliging","article_modified_time":"2023-12-14T13:01:43+00:00","twitter_card":"summary_large_image","twitter_misc":{"Gesch\u00e4tzte Lesezeit":"3\u00a0Minuten"},"schema":{"@context":"https:\/\/schema.org","@graph":[{"@type":"WebPage","@id":"https:\/\/recogtech.com\/de\/integration-paxton\/","url":"https:\/\/recogtech.com\/de\/integration-paxton\/","name":"Integration Paxton | Recogtech biometrische Sicherheit","isPartOf":{"@id":"https:\/\/recogtech.com\/de\/#website"},"datePublished":"2023-10-26T08:28:41+00:00","dateModified":"2023-12-14T13:01:43+00:00","description":"Sowohl der Palm-ID Pro als auch die Palm-ID Card k\u00f6nnen in Paxton Net2 integriert werden. Palm-ID basiert auf PalmSecure.","breadcrumb":{"@id":"https:\/\/recogtech.com\/de\/integration-paxton\/#breadcrumb"},"inLanguage":"de","potentialAction":[{"@type":"ReadAction","target":["https:\/\/recogtech.com\/de\/integration-paxton\/"]}]},{"@type":"BreadcrumbList","@id":"https:\/\/recogtech.com\/de\/integration-paxton\/#breadcrumb","itemListElement":[{"@type":"ListItem","position":1,"name":"Home","item":"https:\/\/recogtech.com\/de\/"},{"@type":"ListItem","position":2,"name":"Integration Paxton"}]},{"@type":"WebSite","@id":"https:\/\/recogtech.com\/de\/#website","url":"https:\/\/recogtech.com\/de\/","name":"Recogtech - Biometrische beveiliging","description":"High-end Biometric Security","publisher":{"@id":"https:\/\/recogtech.com\/de\/#organization"},"potentialAction":[{"@type":"SearchAction","target":{"@type":"EntryPoint","urlTemplate":"https:\/\/recogtech.com\/de\/?s={search_term_string}"},"query-input":{"@type":"PropertyValueSpecification","valueRequired":true,"valueName":"search_term_string"}}],"inLanguage":"de"},{"@type":"Organization","@id":"https:\/\/recogtech.com\/de\/#organization","name":"Recogtech B.V.","url":"https:\/\/recogtech.com\/de\/","logo":{"@type":"ImageObject","inLanguage":"de","@id":"https:\/\/recogtech.com\/de\/#\/schema\/logo\/image\/","url":"https:\/\/recogtech.com\/wp-content\/uploads\/2023\/05\/recogtech-weblogo-blauw-rood.png","contentUrl":"https:\/\/recogtech.com\/wp-content\/uploads\/2023\/05\/recogtech-weblogo-blauw-rood.png","width":600,"height":111,"caption":"Recogtech B.V."},"image":{"@id":"https:\/\/recogtech.com\/de\/#\/schema\/logo\/image\/"}}]}},"_links":{"self":[{"href":"https:\/\/recogtech.com\/de\/wp-json\/wp\/v2\/pages\/362742","targetHints":{"allow":["GET"]}}],"collection":[{"href":"https:\/\/recogtech.com\/de\/wp-json\/wp\/v2\/pages"}],"about":[{"href":"https:\/\/recogtech.com\/de\/wp-json\/wp\/v2\/types\/page"}],"author":[{"embeddable":true,"href":"https:\/\/recogtech.com\/de\/wp-json\/wp\/v2\/users\/2"}],"replies":[{"embeddable":true,"href":"https:\/\/recogtech.com\/de\/wp-json\/wp\/v2\/comments?post=362742"}],"version-history":[{"count":0,"href":"https:\/\/recogtech.com\/de\/wp-json\/wp\/v2\/pages\/362742\/revisions"}],"wp:attachment":[{"href":"https:\/\/recogtech.com\/de\/wp-json\/wp\/v2\/media?parent=362742"}],"curies":[{"name":"wp","href":"https:\/\/api.w.org\/{rel}","templated":true}]}}