{"id":362739,"date":"2023-09-01T11:32:17","date_gmt":"2023-09-01T09:32:17","guid":{"rendered":"https:\/\/recogtech.com\/integration-genetec\/"},"modified":"2023-12-18T08:36:47","modified_gmt":"2023-12-18T07:36:47","slug":"integration-genetec","status":"publish","type":"page","link":"https:\/\/recogtech.com\/de\/integration-genetec\/","title":{"rendered":"Integration Genetec"},"content":{"rendered":"<p>[et_pb_section fb_built=&#8220;1&#8243; next_background_color=&#8220;#ffffff&#8220; admin_label=&#8220;section&#8220; module_class=&#8220;dh-valign-center-section&#8220; _builder_version=&#8220;4.22.1&#8243; background_enable_color=&#8220;off&#8220; use_background_color_gradient=&#8220;on&#8220; background_color_gradient_direction=&#8220;105deg&#8220; background_color_gradient_stops=&#8220;rgba(0,38,100,0.8) 0%|rgba(0,38,100,0.8) 50%|rgba(220,222,230,0) 50%|rgba(255,255,255,0) 99%&#8220; background_color_gradient_overlays_image=&#8220;on&#8220; background_image=&#8220;https:\/\/recogtech.com\/wp-content\/uploads\/2023\/05\/sector-kantoor-1920.jpg&#8220; height=&#8220;300px&#8220; height_tablet=&#8220;300px&#8220; height_phone=&#8220;240px&#8220; height_last_edited=&#8220;on|phone&#8220; custom_padding=&#8220;0px||0px||false|false&#8220; bottom_divider_style=&#8220;slant2&#8243; bottom_divider_height=&#8220;75px&#8220; bottom_divider_flip=&#8220;horizontal&#8220; locked=&#8220;off&#8220; global_colors_info=&#8220;{}&#8220;][et_pb_row admin_label=&#8220;row&#8220; _builder_version=&#8220;4.21.0&#8243; background_size=&#8220;initial&#8220; background_position=&#8220;top_left&#8220; background_repeat=&#8220;repeat&#8220; custom_padding=&#8220;0px||0px||false|false&#8220; global_colors_info=&#8220;{}&#8220;][et_pb_column type=&#8220;4_4&#8243; _builder_version=&#8220;4.16&#8243; custom_padding=&#8220;|||&#8220; global_colors_info=&#8220;{}&#8220; custom_padding__hover=&#8220;|||&#8220;][et_pb_text _builder_version=&#8220;4.22.1&#8243; _module_preset=&#8220;default&#8220; header_text_color=&#8220;#FFFFFF&#8220; header_font_size=&#8220;60px&#8220; header_font_size_tablet=&#8220;56px&#8220; header_font_size_phone=&#8220;42px&#8220; header_font_size_last_edited=&#8220;on|phone&#8220; global_colors_info=&#8220;{}&#8220;]<\/p>\n<h1>Integration: Genetec<span style=\"color: #e70000;\">.<\/span><\/h1>\n<p>[\/et_pb_text][\/et_pb_column][\/et_pb_row][\/et_pb_section][et_pb_section fb_built=&#8220;1&#8243; _builder_version=&#8220;4.21.0&#8243; _module_preset=&#8220;default&#8220; global_colors_info=&#8220;{}&#8220;][et_pb_row column_structure=&#8220;1_2,1_2&#8243; _builder_version=&#8220;4.21.0&#8243; _module_preset=&#8220;default&#8220; global_colors_info=&#8220;{}&#8220;][et_pb_column type=&#8220;1_2&#8243; _builder_version=&#8220;4.21.0&#8243; _module_preset=&#8220;default&#8220; global_colors_info=&#8220;{}&#8220;][et_pb_text _builder_version=&#8220;4.23.1&#8243; _module_preset=&#8220;default&#8220; header_2_font_size=&#8220;36px&#8220; global_colors_info=&#8220;{}&#8220;]<\/p>\n<h2>\u00dcber Genetec<\/h2>\n<p style=\"font-weight: 400;\">Genetec Inc. ist ein globales Technologieunternehmen, das den physischen Sicherheitssektor seit \u00fcber 25 Jahren transformiert. Heute entwickelt das Unternehmen L\u00f6sungen, die die Sicherheit, Intelligenz und Betriebsabl\u00e4ufe f\u00fcr Unternehmen, Regierungen und die Gemeinden, in denen wir leben, verbessern sollen. Eines der f\u00fchrenden Produkte von Genetec, Security Center, ist eine offene Architekturplattform, die IP-basierte Videosicherheit, Zugangskontrolle, automatische Kennzeichenerkennung (ALPR),<\/p>\n<p style=\"font-weight: 400;\">\u00a0<\/p>\n<p style=\"font-weight: 400;\">\u00a0<\/p>\n<p style=\"font-weight: 400;\"><span style=\"font-weight: 400;\">Kommunikation und Analytik vereint &#8211; eine vereinheitlichte Plattform. Gegr\u00fcndet 1997 mit Hauptsitz in Montreal, Kanada, bedient Genetec seine Kunden \u00fcber ein umfangreiches Netzwerk zertifizierter Channel-Partner und Berater in mehr als 159 L\u00e4ndern.<\/span><\/p>\n<p>[\/et_pb_text][et_pb_button button_url=&#8220;@ET-DC@eyJkeW5hbWljIjp0cnVlLCJjb250ZW50IjoicG9zdF9saW5rX3VybF9wYWdlIiwic2V0dGluZ3MiOnsicG9zdF9pZCI6IjM2MTQ0NCJ9fQ==@&#8220; button_text=&#8220;Kontakt aufnehmen&#8220; _builder_version=&#8220;4.23.1&#8243; _dynamic_attributes=&#8220;button_url&#8220; _module_preset=&#8220;default&#8220; custom_button=&#8220;on&#8220; button_font=&#8220;|700|||||||&#8220; global_colors_info=&#8220;{}&#8220;][\/et_pb_button][\/et_pb_column][et_pb_column type=&#8220;1_2&#8243; _builder_version=&#8220;4.21.0&#8243; _module_preset=&#8220;default&#8220; global_colors_info=&#8220;{}&#8220;][et_pb_image src=&#8220;https:\/\/recogtech.com\/wp-content\/uploads\/2023\/09\/genetec.webp&#8220; title_text=&#8220;genetec&#8220; _builder_version=&#8220;4.23.1&#8243; _module_preset=&#8220;default&#8220; hover_enabled=&#8220;0&#8243; global_colors_info=&#8220;{}&#8220; alt=&#8220;Integration Genetec &#8211; Recogtech&#8220; sticky_enabled=&#8220;0&#8243;][\/et_pb_image][\/et_pb_column][\/et_pb_row][et_pb_row column_structure=&#8220;1_2,1_2&#8243; _builder_version=&#8220;4.21.0&#8243; _module_preset=&#8220;default&#8220; global_colors_info=&#8220;{}&#8220;][et_pb_column type=&#8220;1_2&#8243; _builder_version=&#8220;4.21.0&#8243; _module_preset=&#8220;default&#8220; global_colors_info=&#8220;{}&#8220;][et_pb_text _builder_version=&#8220;4.23.1&#8243; _module_preset=&#8220;default&#8220; header_2_font_size=&#8220;36px&#8220; global_colors_info=&#8220;{}&#8220;]<\/p>\n<h2 style=\"font-weight: 400;\">Palmenerkennungstechnologie als zus\u00e4tzliche Sicherheitsebene<\/h2>\n<p style=\"font-weight: 400;\">Der Palm-ID Pro und der Palm-ID Card bieten fortschrittliche Technologie der Palmenvenenmusternerkennung, die eine sichere und schnelle Verifizierung erm\u00f6glicht. Durch die einzigartigen Merkmale des Venenmusters in der Handfl\u00e4che k\u00f6nnen die Palm-ID Produkte Individuen schnell, genau und zuverl\u00e4ssig identifizieren. Dies reduziert die Risiken von Identit\u00e4tsbetrug und unbefugtem Zugang in Einrichtungen auf ein Minimum.<\/p>\n<p>[\/et_pb_text][\/et_pb_column][et_pb_column type=&#8220;1_2&#8243; _builder_version=&#8220;4.21.0&#8243; _module_preset=&#8220;default&#8220; global_colors_info=&#8220;{}&#8220;][et_pb_text _builder_version=&#8220;4.23.1&#8243; _module_preset=&#8220;default&#8220; header_2_font_size=&#8220;36px&#8220; global_colors_info=&#8220;{}&#8220;]<\/p>\n<h2 style=\"font-weight: 400;\">Nahtlose Integration mit dem Genetec Security Center<\/h2>\n<p style=\"font-weight: 400;\">Die Zertifizierung garantiert die Kompatibilit\u00e4t und eine nahtlose Integration der Palm-ID Produkte mit dem Genetec\u2122 Security Center. Dies erm\u00f6glicht es Organisationen, die Palmenerkennungstechnologie als zus\u00e4tzliche Sicherheitsebene f\u00fcr Zugangskontrolle, Identit\u00e4tsmanagement und zur Sicherung ihrer Geb\u00e4ude und Einrichtungen zu nutzen. Es erm\u00f6glicht Organisationen auch, biometrische Daten einfach zu erfassen und zu verwalten, Zugriffsrechte zu konfigurieren und detaillierte Berichte \u00fcber das Genetec Security Center zu erstellen.<\/p>\n<p style=\"font-weight: 400;\"><span style=\"font-weight: 400;\">&#8222;Wir freuen uns \u00fcber die Zertifizierung des Palm-ID Pro und Palm-ID Card&#8220;, sagte Bob van Keulen, Regional Sales Director Benelux &amp; Nordics bei Genetec Inc. <\/span><span style=\"font-weight: 400;\">&#8222;Die Palmenerkennungstechnologie von Recogtech ist eine wertvolle Erg\u00e4nzung unserer L\u00f6sungen f\u00fcr Organisationen, die eine zus\u00e4tzliche Sicherheitsebene suchen. Wir sind zuversichtlich, dass unsere Kunden mit dieser Integration ihre Sicherheitsma\u00dfnahmen weiter verbessern k\u00f6nnen.&#8220;<\/span><\/p>\n<div>\u00a0<\/div>\n<p>[\/et_pb_text][\/et_pb_column][\/et_pb_row][\/et_pb_section][et_pb_section fb_built=&#8220;1&#8243; _builder_version=&#8220;4.22.0&#8243; _module_preset=&#8220;default&#8220; background_color=&#8220;rgba(0,38,100,0.15)&#8220; locked=&#8220;off&#8220; global_colors_info=&#8220;{}&#8220;][et_pb_row _builder_version=&#8220;4.22.0&#8243; _module_preset=&#8220;default&#8220; global_colors_info=&#8220;{}&#8220;][et_pb_column type=&#8220;4_4&#8243; _builder_version=&#8220;4.22.0&#8243; _module_preset=&#8220;default&#8220; global_colors_info=&#8220;{}&#8220;][et_pb_blurb use_icon=&#8220;on&#8220; font_icon=&#8220;&#xf10e;||fa||900&#8243; content_max_width=&#8220;800px&#8220; _builder_version=&#8220;4.23.1&#8243; _module_preset=&#8220;default&#8220; body_font=&#8220;|700|||||||&#8220; body_text_color=&#8220;#002664&#8243; body_font_size=&#8220;20px&#8220; body_line_height=&#8220;1.6em&#8220; text_orientation=&#8220;center&#8220; module_alignment=&#8220;center&#8220; global_colors_info=&#8220;{}&#8220;]<\/p>\n<p style=\"font-weight: 400;\"><em><strong>&#8222;Die Zertifizierung des Palm-ID Pro und Palm-ID Card durch Genetec ist ein bedeutendes Ereignis f\u00fcr unser Unternehmen&#8220;, sagte Eduard de Knegt, Technischer Direktor bei Recogtech. &#8222;Die Zusammenarbeit mit Genetec erm\u00f6glicht es uns, Organisationen bei der weiteren St\u00e4rkung ihrer Sicherheitsinfrastruktur zu unterst\u00fctzen und unsere fortschrittlichen biometrischen L\u00f6sungen einem breiteren Publikum zu pr\u00e4sentieren.&#8220;<\/strong><\/em><\/p>\n<p>[\/et_pb_blurb][\/et_pb_column][\/et_pb_row][\/et_pb_section][et_pb_section fb_built=&#8220;1&#8243; _builder_version=&#8220;4.21.0&#8243; _module_preset=&#8220;default&#8220; global_colors_info=&#8220;{}&#8220;][et_pb_row column_structure=&#8220;1_2,1_2&#8243; _builder_version=&#8220;4.21.0&#8243; _module_preset=&#8220;default&#8220; global_colors_info=&#8220;{}&#8220;][et_pb_column type=&#8220;1_2&#8243; _builder_version=&#8220;4.21.0&#8243; _module_preset=&#8220;default&#8220; global_colors_info=&#8220;{}&#8220;][et_pb_text _builder_version=&#8220;4.23.1&#8243; _module_preset=&#8220;default&#8220; header_2_font_size=&#8220;36px&#8220; global_colors_info=&#8220;{}&#8220;]<\/p>\n<h2><span lang=\"DE\">Weltweit sofort verf\u00fcgbar<\/span><\/h2>\n<div>\n<p style=\"font-weight: 400;\"><em>Der Palm-ID Pro und Palm-ID Card sind sofort \u00fcber das globale Netzwerk von Recogtech und die Vertriebskan\u00e4le von Genetec erh\u00e4ltlich. Weitere Informationen finden Sie auf den Websites von Genetec Inc.<\/em><em> und Recogtech<\/em><em>.<\/em><\/p>\n<\/div>\n<p>[\/et_pb_text][et_pb_button button_url=&#8220;@ET-DC@eyJkeW5hbWljIjp0cnVlLCJjb250ZW50IjoicG9zdF9saW5rX3VybF9wYWdlIiwic2V0dGluZ3MiOnsicG9zdF9pZCI6IjM2MTQ0NCJ9fQ==@&#8220; button_text=&#8220;Kontakt aufnehmen&#8220; _builder_version=&#8220;4.23.1&#8243; _dynamic_attributes=&#8220;button_url&#8220; _module_preset=&#8220;default&#8220; custom_button=&#8220;on&#8220; button_font=&#8220;|700|||||||&#8220; global_colors_info=&#8220;{}&#8220;][\/et_pb_button][\/et_pb_column][et_pb_column type=&#8220;1_2&#8243; _builder_version=&#8220;4.21.0&#8243; _module_preset=&#8220;default&#8220; global_colors_info=&#8220;{}&#8220;][et_pb_image src=&#8220;https:\/\/recogtech.com\/wp-content\/uploads\/2023\/05\/palm-id-entree.jpg&#8220; title_text=&#8220;palm-id-entree&#8220; _builder_version=&#8220;4.22.1&#8243; _module_preset=&#8220;default&#8220; global_colors_info=&#8220;{}&#8220;][\/et_pb_image][\/et_pb_column][\/et_pb_row][\/et_pb_section]<\/p>\n","protected":false},"excerpt":{"rendered":"<p>Integration: Genetec.\u00dcber Genetec Genetec Inc. ist ein globales Technologieunternehmen, das den physischen Sicherheitssektor seit \u00fcber 25 Jahren transformiert. Heute entwickelt das Unternehmen L\u00f6sungen, die die Sicherheit, Intelligenz und Betriebsabl\u00e4ufe f\u00fcr Unternehmen, Regierungen und die Gemeinden, in denen wir leben, verbessern sollen. Eines der f\u00fchrenden Produkte von Genetec, Security Center, ist eine offene Architekturplattform, die IP-basierte [&hellip;]<\/p>\n","protected":false},"author":2,"featured_media":0,"parent":0,"menu_order":0,"comment_status":"closed","ping_status":"closed","template":"","meta":{"_et_pb_use_builder":"on","_et_pb_old_content":"","_et_gb_content_width":"","footnotes":""},"class_list":["post-362739","page","type-page","status-publish","hentry"],"yoast_head":"<!-- This site is optimized with the Yoast SEO plugin v27.4 - https:\/\/yoast.com\/product\/yoast-seo-wordpress\/ -->\n<title>Integration Genetec | Recogtech - Biometrische beveiliging<\/title>\n<meta name=\"description\" content=\"Palm-ID Pro und Palm-ID Card von Recogtech sind vollst\u00e4ndig in die Genetec-Plattform integriert und gew\u00e4hrleisten eine nahtlose Integration.\" \/>\n<meta name=\"robots\" content=\"index, follow, max-snippet:-1, max-image-preview:large, max-video-preview:-1\" \/>\n<link rel=\"canonical\" href=\"https:\/\/recogtech.com\/de\/integration-genetec\/\" \/>\n<meta property=\"og:locale\" content=\"de_DE\" \/>\n<meta property=\"og:type\" content=\"article\" \/>\n<meta property=\"og:title\" content=\"Integration Genetec | Recogtech - Biometrische beveiliging\" \/>\n<meta property=\"og:description\" content=\"Palm-ID Pro und Palm-ID Card von Recogtech sind vollst\u00e4ndig in die Genetec-Plattform integriert und gew\u00e4hrleisten eine nahtlose Integration.\" \/>\n<meta property=\"og:url\" content=\"https:\/\/recogtech.com\/de\/integration-genetec\/\" \/>\n<meta property=\"og:site_name\" content=\"Recogtech - Biometrische beveiliging\" \/>\n<meta property=\"article:modified_time\" content=\"2023-12-18T07:36:47+00:00\" \/>\n<meta name=\"twitter:card\" content=\"summary_large_image\" \/>\n<meta name=\"twitter:label1\" content=\"Gesch\u00e4tzte Lesezeit\" \/>\n\t<meta name=\"twitter:data1\" content=\"5\u00a0Minuten\" \/>\n<script type=\"application\/ld+json\" class=\"yoast-schema-graph\">{\"@context\":\"https:\\\/\\\/schema.org\",\"@graph\":[{\"@type\":\"WebPage\",\"@id\":\"https:\\\/\\\/recogtech.com\\\/de\\\/integration-genetec\\\/\",\"url\":\"https:\\\/\\\/recogtech.com\\\/de\\\/integration-genetec\\\/\",\"name\":\"Integration Genetec | Recogtech - Biometrische beveiliging\",\"isPartOf\":{\"@id\":\"https:\\\/\\\/recogtech.com\\\/de\\\/#website\"},\"datePublished\":\"2023-09-01T09:32:17+00:00\",\"dateModified\":\"2023-12-18T07:36:47+00:00\",\"description\":\"Palm-ID Pro und Palm-ID Card von Recogtech sind vollst\u00e4ndig in die Genetec-Plattform integriert und gew\u00e4hrleisten eine nahtlose Integration.\",\"breadcrumb\":{\"@id\":\"https:\\\/\\\/recogtech.com\\\/de\\\/integration-genetec\\\/#breadcrumb\"},\"inLanguage\":\"de\",\"potentialAction\":[{\"@type\":\"ReadAction\",\"target\":[\"https:\\\/\\\/recogtech.com\\\/de\\\/integration-genetec\\\/\"]}]},{\"@type\":\"BreadcrumbList\",\"@id\":\"https:\\\/\\\/recogtech.com\\\/de\\\/integration-genetec\\\/#breadcrumb\",\"itemListElement\":[{\"@type\":\"ListItem\",\"position\":1,\"name\":\"Home\",\"item\":\"https:\\\/\\\/recogtech.com\\\/de\\\/\"},{\"@type\":\"ListItem\",\"position\":2,\"name\":\"Integration Genetec\"}]},{\"@type\":\"WebSite\",\"@id\":\"https:\\\/\\\/recogtech.com\\\/de\\\/#website\",\"url\":\"https:\\\/\\\/recogtech.com\\\/de\\\/\",\"name\":\"Recogtech - Biometrische beveiliging\",\"description\":\"High-end Biometric Security\",\"publisher\":{\"@id\":\"https:\\\/\\\/recogtech.com\\\/de\\\/#organization\"},\"potentialAction\":[{\"@type\":\"SearchAction\",\"target\":{\"@type\":\"EntryPoint\",\"urlTemplate\":\"https:\\\/\\\/recogtech.com\\\/de\\\/?s={search_term_string}\"},\"query-input\":{\"@type\":\"PropertyValueSpecification\",\"valueRequired\":true,\"valueName\":\"search_term_string\"}}],\"inLanguage\":\"de\"},{\"@type\":\"Organization\",\"@id\":\"https:\\\/\\\/recogtech.com\\\/de\\\/#organization\",\"name\":\"Recogtech B.V.\",\"url\":\"https:\\\/\\\/recogtech.com\\\/de\\\/\",\"logo\":{\"@type\":\"ImageObject\",\"inLanguage\":\"de\",\"@id\":\"https:\\\/\\\/recogtech.com\\\/de\\\/#\\\/schema\\\/logo\\\/image\\\/\",\"url\":\"https:\\\/\\\/recogtech.com\\\/wp-content\\\/uploads\\\/2023\\\/05\\\/recogtech-weblogo-blauw-rood.png\",\"contentUrl\":\"https:\\\/\\\/recogtech.com\\\/wp-content\\\/uploads\\\/2023\\\/05\\\/recogtech-weblogo-blauw-rood.png\",\"width\":600,\"height\":111,\"caption\":\"Recogtech B.V.\"},\"image\":{\"@id\":\"https:\\\/\\\/recogtech.com\\\/de\\\/#\\\/schema\\\/logo\\\/image\\\/\"}}]}<\/script>\n<!-- \/ Yoast SEO plugin. -->","yoast_head_json":{"title":"Integration Genetec | Recogtech - Biometrische beveiliging","description":"Palm-ID Pro und Palm-ID Card von Recogtech sind vollst\u00e4ndig in die Genetec-Plattform integriert und gew\u00e4hrleisten eine nahtlose Integration.","robots":{"index":"index","follow":"follow","max-snippet":"max-snippet:-1","max-image-preview":"max-image-preview:large","max-video-preview":"max-video-preview:-1"},"canonical":"https:\/\/recogtech.com\/de\/integration-genetec\/","og_locale":"de_DE","og_type":"article","og_title":"Integration Genetec | Recogtech - Biometrische beveiliging","og_description":"Palm-ID Pro und Palm-ID Card von Recogtech sind vollst\u00e4ndig in die Genetec-Plattform integriert und gew\u00e4hrleisten eine nahtlose Integration.","og_url":"https:\/\/recogtech.com\/de\/integration-genetec\/","og_site_name":"Recogtech - Biometrische beveiliging","article_modified_time":"2023-12-18T07:36:47+00:00","twitter_card":"summary_large_image","twitter_misc":{"Gesch\u00e4tzte Lesezeit":"5\u00a0Minuten"},"schema":{"@context":"https:\/\/schema.org","@graph":[{"@type":"WebPage","@id":"https:\/\/recogtech.com\/de\/integration-genetec\/","url":"https:\/\/recogtech.com\/de\/integration-genetec\/","name":"Integration Genetec | Recogtech - Biometrische beveiliging","isPartOf":{"@id":"https:\/\/recogtech.com\/de\/#website"},"datePublished":"2023-09-01T09:32:17+00:00","dateModified":"2023-12-18T07:36:47+00:00","description":"Palm-ID Pro und Palm-ID Card von Recogtech sind vollst\u00e4ndig in die Genetec-Plattform integriert und gew\u00e4hrleisten eine nahtlose Integration.","breadcrumb":{"@id":"https:\/\/recogtech.com\/de\/integration-genetec\/#breadcrumb"},"inLanguage":"de","potentialAction":[{"@type":"ReadAction","target":["https:\/\/recogtech.com\/de\/integration-genetec\/"]}]},{"@type":"BreadcrumbList","@id":"https:\/\/recogtech.com\/de\/integration-genetec\/#breadcrumb","itemListElement":[{"@type":"ListItem","position":1,"name":"Home","item":"https:\/\/recogtech.com\/de\/"},{"@type":"ListItem","position":2,"name":"Integration Genetec"}]},{"@type":"WebSite","@id":"https:\/\/recogtech.com\/de\/#website","url":"https:\/\/recogtech.com\/de\/","name":"Recogtech - Biometrische beveiliging","description":"High-end Biometric Security","publisher":{"@id":"https:\/\/recogtech.com\/de\/#organization"},"potentialAction":[{"@type":"SearchAction","target":{"@type":"EntryPoint","urlTemplate":"https:\/\/recogtech.com\/de\/?s={search_term_string}"},"query-input":{"@type":"PropertyValueSpecification","valueRequired":true,"valueName":"search_term_string"}}],"inLanguage":"de"},{"@type":"Organization","@id":"https:\/\/recogtech.com\/de\/#organization","name":"Recogtech B.V.","url":"https:\/\/recogtech.com\/de\/","logo":{"@type":"ImageObject","inLanguage":"de","@id":"https:\/\/recogtech.com\/de\/#\/schema\/logo\/image\/","url":"https:\/\/recogtech.com\/wp-content\/uploads\/2023\/05\/recogtech-weblogo-blauw-rood.png","contentUrl":"https:\/\/recogtech.com\/wp-content\/uploads\/2023\/05\/recogtech-weblogo-blauw-rood.png","width":600,"height":111,"caption":"Recogtech B.V."},"image":{"@id":"https:\/\/recogtech.com\/de\/#\/schema\/logo\/image\/"}}]}},"_links":{"self":[{"href":"https:\/\/recogtech.com\/de\/wp-json\/wp\/v2\/pages\/362739","targetHints":{"allow":["GET"]}}],"collection":[{"href":"https:\/\/recogtech.com\/de\/wp-json\/wp\/v2\/pages"}],"about":[{"href":"https:\/\/recogtech.com\/de\/wp-json\/wp\/v2\/types\/page"}],"author":[{"embeddable":true,"href":"https:\/\/recogtech.com\/de\/wp-json\/wp\/v2\/users\/2"}],"replies":[{"embeddable":true,"href":"https:\/\/recogtech.com\/de\/wp-json\/wp\/v2\/comments?post=362739"}],"version-history":[{"count":3,"href":"https:\/\/recogtech.com\/de\/wp-json\/wp\/v2\/pages\/362739\/revisions"}],"predecessor-version":[{"id":363976,"href":"https:\/\/recogtech.com\/de\/wp-json\/wp\/v2\/pages\/362739\/revisions\/363976"}],"wp:attachment":[{"href":"https:\/\/recogtech.com\/de\/wp-json\/wp\/v2\/media?parent=362739"}],"curies":[{"name":"wp","href":"https:\/\/api.w.org\/{rel}","templated":true}]}}