{"id":362713,"date":"2023-09-01T10:58:14","date_gmt":"2023-09-01T08:58:14","guid":{"rendered":"https:\/\/recogtech.com\/laboratorien\/"},"modified":"2025-05-23T14:29:28","modified_gmt":"2025-05-23T12:29:28","slug":"laboratorien","status":"publish","type":"page","link":"https:\/\/recogtech.com\/de\/sektoren\/laboratorien\/","title":{"rendered":"Laboratorien"},"content":{"rendered":"<p>[et_pb_section fb_built=&#8220;1&#8243; next_background_color=&#8220;#ffffff&#8220; admin_label=&#8220;section&#8220; module_class=&#8220;dh-valign-center-section&#8220; _builder_version=&#8220;4.22.1&#8243; background_enable_color=&#8220;off&#8220; use_background_color_gradient=&#8220;on&#8220; background_color_gradient_direction=&#8220;105deg&#8220; background_color_gradient_stops=&#8220;rgba(0,38,100,0.8) 0%|rgba(0,38,100,0.8) 50%|rgba(220,222,230,0) 50%|rgba(255,255,255,0) 99%&#8220; background_color_gradient_overlays_image=&#8220;on&#8220; background_image=&#8220;https:\/\/recogtech.com\/wp-content\/uploads\/2023\/06\/palm-id-pro-header-v3.jpg&#8220; height=&#8220;300px&#8220; height_tablet=&#8220;300px&#8220; height_phone=&#8220;240px&#8220; height_last_edited=&#8220;on|phone&#8220; custom_padding=&#8220;0px||0px||false|false&#8220; bottom_divider_style=&#8220;slant2&#8243; bottom_divider_height=&#8220;75px&#8220; bottom_divider_flip=&#8220;horizontal&#8220; locked=&#8220;off&#8220; global_colors_info=&#8220;{}&#8220;][et_pb_row admin_label=&#8220;row&#8220; _builder_version=&#8220;4.21.0&#8243; background_size=&#8220;initial&#8220; background_position=&#8220;top_left&#8220; background_repeat=&#8220;repeat&#8220; custom_padding=&#8220;0px||0px||false|false&#8220; global_colors_info=&#8220;{}&#8220;][et_pb_column type=&#8220;4_4&#8243; _builder_version=&#8220;4.16&#8243; custom_padding=&#8220;|||&#8220; global_colors_info=&#8220;{}&#8220; custom_padding__hover=&#8220;|||&#8220;][et_pb_text _builder_version=&#8220;4.27.4&#8243; _module_preset=&#8220;default&#8220; text_text_color=&#8220;#FFFFFF&#8220; hover_enabled=&#8220;0&#8243; sticky_enabled=&#8220;0&#8243; link_text_color=&#8220;#FFFFFF&#8220; text_font_size=&#8220;14px&#8220; custom_margin=&#8220;||14px|||&#8220; locked=&#8220;off&#8220;]<span><span><a href=\"https:\/\/recogtech.com\/de\/\">Home<\/a><\/span><\/span>[\/et_pb_text][et_pb_text _builder_version=&#8220;4.22.1&#8243; _module_preset=&#8220;default&#8220; header_text_color=&#8220;#FFFFFF&#8220; header_font_size=&#8220;60px&#8220; header_font_size_tablet=&#8220;56px&#8220; header_font_size_phone=&#8220;42px&#8220; header_font_size_last_edited=&#8220;on|phone&#8220; global_colors_info=&#8220;{}&#8220;]<\/p>\n<h1>Laboratorien<span style=\"color: #e70000;\">.<\/span><\/h1>\n<p>[\/et_pb_text][\/et_pb_column][\/et_pb_row][\/et_pb_section][et_pb_section fb_built=&#8220;1&#8243; _builder_version=&#8220;4.21.0&#8243; _module_preset=&#8220;default&#8220; locked=&#8220;off&#8220; global_colors_info=&#8220;{}&#8220;][et_pb_row column_structure=&#8220;1_2,1_2&#8243; _builder_version=&#8220;4.21.0&#8243; _module_preset=&#8220;default&#8220; global_colors_info=&#8220;{}&#8220;][et_pb_column type=&#8220;1_2&#8243; _builder_version=&#8220;4.21.0&#8243; _module_preset=&#8220;default&#8220; global_colors_info=&#8220;{}&#8220;][et_pb_text _builder_version=&#8220;4.22.1&#8243; _module_preset=&#8220;default&#8220; global_colors_info=&#8220;{}&#8220;]<\/p>\n<div><span lang=\"DE\">Sch\u00fctzen Sie Ihr Labor mit der hohen Pr\u00e4zision und Zuverl\u00e4ssigkeit des Palm-ID Card. In Laboren, in denen sensible Materialien, Medikamente und m\u00f6glicherweise sogar radioaktive Substanzen vorhanden sein k\u00f6nnen, ist eine strenge Zutrittskontrolle von h\u00f6chster Bedeutung. Der Palm-ID Card bietet eine fortschrittliche L\u00f6sung, um Ihr Labor vor unbefugtem Zutritt und m\u00f6glicherweise Diebstahl oder Exposition von Gefahrstoffen zu sch\u00fctzen.<\/span><\/div>\n<p style=\"font-weight: 400;\">Labore sind verschiedenen Sicherheitsrisiken ausgesetzt, z. B. unbefugtem Zutritt und potenziell gef\u00e4hrlichen Situationen. Herk\u00f6mmliche Zutrittsmethoden reichen nicht immer aus, um diese Risiken auszuschalten. Mit dem Palm-ID Card k\u00f6nnen Sie sich auf ein Sicherheitssystem verlassen, das speziell f\u00fcr diese Herausforderungen entwickelt wurde.<\/p>\n<p>[\/et_pb_text][et_pb_button button_url=&#8220;@ET-DC@eyJkeW5hbWljIjp0cnVlLCJjb250ZW50IjoicG9zdF9saW5rX3VybF9wYWdlIiwic2V0dGluZ3MiOnsicG9zdF9pZCI6IjM2MTQ0NCJ9fQ==@&#8220; button_text=&#8220;M\u00f6chten Sie uns kennenlernen?&#8220; _builder_version=&#8220;4.22.1&#8243; _dynamic_attributes=&#8220;button_url&#8220; _module_preset=&#8220;default&#8220; custom_button=&#8220;on&#8220; button_font=&#8220;|700|||||||&#8220; global_colors_info=&#8220;{}&#8220;][\/et_pb_button][\/et_pb_column][et_pb_column type=&#8220;1_2&#8243; _builder_version=&#8220;4.21.0&#8243; _module_preset=&#8220;default&#8220; global_colors_info=&#8220;{}&#8220;][et_pb_image src=&#8220;https:\/\/recogtech.com\/wp-content\/uploads\/2023\/06\/palm-id-pro-header-v3.jpg&#8220; alt=&#8220;L\u00f6sungen f\u00fcr Laboratorien &#8211; Recogtech&#8220; title_text=&#8220;palm-id-pro-header-v3&#8243; _builder_version=&#8220;4.27.4&#8243; _module_preset=&#8220;default&#8220; global_colors_info=&#8220;{}&#8220;][\/et_pb_image][\/et_pb_column][\/et_pb_row][\/et_pb_section][et_pb_section fb_built=&#8220;1&#8243; _builder_version=&#8220;4.22.0&#8243; _module_preset=&#8220;default&#8220; background_color=&#8220;rgba(0,38,100,0.15)&#8220; locked=&#8220;off&#8220; global_colors_info=&#8220;{}&#8220;][et_pb_row _builder_version=&#8220;4.22.0&#8243; _module_preset=&#8220;default&#8220; global_colors_info=&#8220;{}&#8220;][et_pb_column type=&#8220;4_4&#8243; _builder_version=&#8220;4.22.0&#8243; _module_preset=&#8220;default&#8220; global_colors_info=&#8220;{}&#8220;][et_pb_blurb use_icon=&#8220;on&#8220; font_icon=&#8220;&#xf10e;||fa||900&#8243; content_max_width=&#8220;800px&#8220; _builder_version=&#8220;4.22.1&#8243; _module_preset=&#8220;default&#8220; body_font=&#8220;|700|||||||&#8220; body_text_color=&#8220;#002664&#8243; body_font_size=&#8220;20px&#8220; body_line_height=&#8220;1.6em&#8220; text_orientation=&#8220;center&#8220; module_alignment=&#8220;center&#8220; global_colors_info=&#8220;{}&#8220;]<\/p>\n<p style=\"font-weight: 400;\"><em><strong>&#8222;<span lang=\"DE\">Dank des Palm-ID Card findet jetzt immer eine genaue Verifizierung statt, wobei die Karte und die biometrischen Daten zusammengef\u00fchrt werden. Kein Platz mehr f\u00fcr Unsicherheiten. Unsere Arzneimittelversorgung wird jetzt durch eine wasserdichte Sicherheitsebene gesch\u00fctzt, dank eines klaren und guten Protokolls f\u00fcr die Nutzung dieses Raums.<\/span>&#8222;<\/strong><\/em><\/p>\n<p>[\/et_pb_blurb][\/et_pb_column][\/et_pb_row][\/et_pb_section][et_pb_section fb_built=&#8220;1&#8243; _builder_version=&#8220;4.21.0&#8243; _module_preset=&#8220;default&#8220; locked=&#8220;off&#8220; global_colors_info=&#8220;{}&#8220;][et_pb_row column_structure=&#8220;1_2,1_2&#8243; _builder_version=&#8220;4.22.0&#8243; _module_preset=&#8220;default&#8220; global_colors_info=&#8220;{}&#8220;][et_pb_column type=&#8220;1_2&#8243; _builder_version=&#8220;4.21.0&#8243; _module_preset=&#8220;default&#8220; global_colors_info=&#8220;{}&#8220;][et_pb_text _builder_version=&#8220;4.23.1&#8243; _module_preset=&#8220;default&#8220; header_2_font_size=&#8220;36px&#8220; global_colors_info=&#8220;{}&#8220;]<\/p>\n<h2><span lang=\"DE\">Die <\/span>L\u00f6sung f\u00fcr Laboratorien<\/h2>\n<p style=\"font-weight: 400;\">Jeder Palm-ID Card vergleicht den verschl\u00fcsselten Template des auf der Karte gespeicherten Venenmusters mit der angebotenen Hand. Dadurch wird das Risiko eines unbefugten Zutritts auf Ihr Labor auf ein absolutes Minimum reduziert.<\/p>\n<p style=\"font-weight: 400;\">Sch\u00fctzen Sie Ihr Labor mit dem innovativen und zuverl\u00e4ssigen Palm-ID Card. Diese fortschrittliche Sicherheitsl\u00f6sung reduziert nicht nur die Wahrscheinlichkeit eines unbefugten Zutritts und Diebstahls, sondern sorgt auch f\u00fcr Seelenfrieden bei Administratoren und Mitarbeitenden. Mit dem Palm-ID Card entscheiden Sie sich f\u00fcr Sicherheit, Genauigkeit und Kontrolle in einem Labor, in dem Sicherheit an erster Stelle steht.<\/p>\n<p>[\/et_pb_text][et_pb_button button_url=&#8220;@ET-DC@eyJkeW5hbWljIjp0cnVlLCJjb250ZW50IjoicG9zdF9saW5rX3VybF9wYWdlIiwic2V0dGluZ3MiOnsicG9zdF9pZCI6IjM2MTQ0NCJ9fQ==@&#8220; button_text=&#8220;Kontakt aufnehmen&#8220; _builder_version=&#8220;4.22.1&#8243; _dynamic_attributes=&#8220;button_url&#8220; _module_preset=&#8220;default&#8220; custom_button=&#8220;on&#8220; button_font=&#8220;|700|||||||&#8220; global_colors_info=&#8220;{}&#8220;][\/et_pb_button][\/et_pb_column][et_pb_column type=&#8220;1_2&#8243; _builder_version=&#8220;4.21.0&#8243; _module_preset=&#8220;default&#8220; global_colors_info=&#8220;{}&#8220;][et_pb_image src=&#8220;https:\/\/recogtech.com\/wp-content\/uploads\/2023\/06\/sfeer-palm-id-14.jpg&#8220; alt=&#8220;Palm ID Card &#8211; Recogtech&#8220; title_text=&#8220;sfeer-palm-id-14&#8243; _builder_version=&#8220;4.27.4&#8243; _module_preset=&#8220;default&#8220; global_colors_info=&#8220;{}&#8220;][\/et_pb_image][\/et_pb_column][\/et_pb_row][\/et_pb_section]<\/p>\n","protected":false},"excerpt":{"rendered":"<p><span><span><a href=\"https:\/\/recogtech.com\/de\/\">Home<\/a><\/span><\/span>Laboratorien.Sch\u00fctzen Sie Ihr Labor mit der hohen Pr\u00e4zision und Zuverl\u00e4ssigkeit des Palm-ID Card. In Laboren, in denen sensible Materialien, Medikamente und m\u00f6glicherweise sogar radioaktive Substanzen vorhanden sein k\u00f6nnen, ist eine strenge Zutrittskontrolle von h\u00f6chster Bedeutung. Der Palm-ID Card bietet eine fortschrittliche L\u00f6sung, um Ihr Labor vor unbefugtem Zutritt und m\u00f6glicherweise Diebstahl oder Exposition von Gefahrstoffen [&hellip;]<\/p>\n","protected":false},"author":2,"featured_media":0,"parent":362725,"menu_order":0,"comment_status":"closed","ping_status":"closed","template":"","meta":{"_et_pb_use_builder":"on","_et_pb_old_content":"","_et_gb_content_width":"","footnotes":""},"class_list":["post-362713","page","type-page","status-publish","hentry"],"yoast_head":"<!-- This site is optimized with the Yoast SEO plugin v27.4 - https:\/\/yoast.com\/product\/yoast-seo-wordpress\/ -->\n<title>Laboratorien | Recogtech - Biometrische beveiliging<\/title>\n<meta name=\"description\" content=\"Sch\u00fctzen Sie Ihr Labor mit \u00e4u\u00dferster Pr\u00e4zision und Zuverl\u00e4ssigkeit mit der Palm ID Card von Recogtech. Die L\u00f6sung f\u00fcr biometrische Sicherheit.\" \/>\n<meta name=\"robots\" content=\"index, follow, max-snippet:-1, max-image-preview:large, max-video-preview:-1\" \/>\n<link rel=\"canonical\" href=\"https:\/\/recogtech.com\/de\/sektoren\/laboratorien\/\" \/>\n<meta property=\"og:locale\" content=\"de_DE\" \/>\n<meta property=\"og:type\" content=\"article\" \/>\n<meta property=\"og:title\" content=\"Laboratorien | Recogtech - Biometrische beveiliging\" \/>\n<meta property=\"og:description\" content=\"Sch\u00fctzen Sie Ihr Labor mit \u00e4u\u00dferster Pr\u00e4zision und Zuverl\u00e4ssigkeit mit der Palm ID Card von Recogtech. Die L\u00f6sung f\u00fcr biometrische Sicherheit.\" \/>\n<meta property=\"og:url\" content=\"https:\/\/recogtech.com\/de\/sektoren\/laboratorien\/\" \/>\n<meta property=\"og:site_name\" content=\"Recogtech - Biometrische beveiliging\" \/>\n<meta property=\"article:modified_time\" content=\"2025-05-23T12:29:28+00:00\" \/>\n<meta name=\"twitter:card\" content=\"summary_large_image\" \/>\n<meta name=\"twitter:label1\" content=\"Gesch\u00e4tzte Lesezeit\" \/>\n\t<meta name=\"twitter:data1\" content=\"2\u00a0Minuten\" \/>\n<script type=\"application\/ld+json\" class=\"yoast-schema-graph\">{\"@context\":\"https:\\\/\\\/schema.org\",\"@graph\":[{\"@type\":\"WebPage\",\"@id\":\"https:\\\/\\\/recogtech.com\\\/de\\\/sektoren\\\/laboratorien\\\/\",\"url\":\"https:\\\/\\\/recogtech.com\\\/de\\\/sektoren\\\/laboratorien\\\/\",\"name\":\"Laboratorien | Recogtech - Biometrische beveiliging\",\"isPartOf\":{\"@id\":\"https:\\\/\\\/recogtech.com\\\/de\\\/#website\"},\"datePublished\":\"2023-09-01T08:58:14+00:00\",\"dateModified\":\"2025-05-23T12:29:28+00:00\",\"description\":\"Sch\u00fctzen Sie Ihr Labor mit \u00e4u\u00dferster Pr\u00e4zision und Zuverl\u00e4ssigkeit mit der Palm ID Card von Recogtech. Die L\u00f6sung f\u00fcr biometrische Sicherheit.\",\"breadcrumb\":{\"@id\":\"https:\\\/\\\/recogtech.com\\\/de\\\/sektoren\\\/laboratorien\\\/#breadcrumb\"},\"inLanguage\":\"de\",\"potentialAction\":[{\"@type\":\"ReadAction\",\"target\":[\"https:\\\/\\\/recogtech.com\\\/de\\\/sektoren\\\/laboratorien\\\/\"]}]},{\"@type\":\"BreadcrumbList\",\"@id\":\"https:\\\/\\\/recogtech.com\\\/de\\\/sektoren\\\/laboratorien\\\/#breadcrumb\",\"itemListElement\":[{\"@type\":\"ListItem\",\"position\":1,\"name\":\"Home\",\"item\":\"https:\\\/\\\/recogtech.com\\\/de\\\/\"},{\"@type\":\"ListItem\",\"position\":2,\"name\":\"Sektoren\",\"item\":\"https:\\\/\\\/recogtech.com\\\/de\\\/sectoren\\\/\"},{\"@type\":\"ListItem\",\"position\":3,\"name\":\"Laboratorien\"}]},{\"@type\":\"WebSite\",\"@id\":\"https:\\\/\\\/recogtech.com\\\/de\\\/#website\",\"url\":\"https:\\\/\\\/recogtech.com\\\/de\\\/\",\"name\":\"Recogtech - Biometrische beveiliging\",\"description\":\"High-end Biometric Security\",\"publisher\":{\"@id\":\"https:\\\/\\\/recogtech.com\\\/de\\\/#organization\"},\"potentialAction\":[{\"@type\":\"SearchAction\",\"target\":{\"@type\":\"EntryPoint\",\"urlTemplate\":\"https:\\\/\\\/recogtech.com\\\/de\\\/?s={search_term_string}\"},\"query-input\":{\"@type\":\"PropertyValueSpecification\",\"valueRequired\":true,\"valueName\":\"search_term_string\"}}],\"inLanguage\":\"de\"},{\"@type\":\"Organization\",\"@id\":\"https:\\\/\\\/recogtech.com\\\/de\\\/#organization\",\"name\":\"Recogtech B.V.\",\"url\":\"https:\\\/\\\/recogtech.com\\\/de\\\/\",\"logo\":{\"@type\":\"ImageObject\",\"inLanguage\":\"de\",\"@id\":\"https:\\\/\\\/recogtech.com\\\/de\\\/#\\\/schema\\\/logo\\\/image\\\/\",\"url\":\"https:\\\/\\\/recogtech.com\\\/wp-content\\\/uploads\\\/2023\\\/05\\\/recogtech-weblogo-blauw-rood.png\",\"contentUrl\":\"https:\\\/\\\/recogtech.com\\\/wp-content\\\/uploads\\\/2023\\\/05\\\/recogtech-weblogo-blauw-rood.png\",\"width\":600,\"height\":111,\"caption\":\"Recogtech B.V.\"},\"image\":{\"@id\":\"https:\\\/\\\/recogtech.com\\\/de\\\/#\\\/schema\\\/logo\\\/image\\\/\"}}]}<\/script>\n<!-- \/ Yoast SEO plugin. -->","yoast_head_json":{"title":"Laboratorien | Recogtech - Biometrische beveiliging","description":"Sch\u00fctzen Sie Ihr Labor mit \u00e4u\u00dferster Pr\u00e4zision und Zuverl\u00e4ssigkeit mit der Palm ID Card von Recogtech. Die L\u00f6sung f\u00fcr biometrische Sicherheit.","robots":{"index":"index","follow":"follow","max-snippet":"max-snippet:-1","max-image-preview":"max-image-preview:large","max-video-preview":"max-video-preview:-1"},"canonical":"https:\/\/recogtech.com\/de\/sektoren\/laboratorien\/","og_locale":"de_DE","og_type":"article","og_title":"Laboratorien | Recogtech - Biometrische beveiliging","og_description":"Sch\u00fctzen Sie Ihr Labor mit \u00e4u\u00dferster Pr\u00e4zision und Zuverl\u00e4ssigkeit mit der Palm ID Card von Recogtech. Die L\u00f6sung f\u00fcr biometrische Sicherheit.","og_url":"https:\/\/recogtech.com\/de\/sektoren\/laboratorien\/","og_site_name":"Recogtech - Biometrische beveiliging","article_modified_time":"2025-05-23T12:29:28+00:00","twitter_card":"summary_large_image","twitter_misc":{"Gesch\u00e4tzte Lesezeit":"2\u00a0Minuten"},"schema":{"@context":"https:\/\/schema.org","@graph":[{"@type":"WebPage","@id":"https:\/\/recogtech.com\/de\/sektoren\/laboratorien\/","url":"https:\/\/recogtech.com\/de\/sektoren\/laboratorien\/","name":"Laboratorien | Recogtech - Biometrische beveiliging","isPartOf":{"@id":"https:\/\/recogtech.com\/de\/#website"},"datePublished":"2023-09-01T08:58:14+00:00","dateModified":"2025-05-23T12:29:28+00:00","description":"Sch\u00fctzen Sie Ihr Labor mit \u00e4u\u00dferster Pr\u00e4zision und Zuverl\u00e4ssigkeit mit der Palm ID Card von Recogtech. Die L\u00f6sung f\u00fcr biometrische Sicherheit.","breadcrumb":{"@id":"https:\/\/recogtech.com\/de\/sektoren\/laboratorien\/#breadcrumb"},"inLanguage":"de","potentialAction":[{"@type":"ReadAction","target":["https:\/\/recogtech.com\/de\/sektoren\/laboratorien\/"]}]},{"@type":"BreadcrumbList","@id":"https:\/\/recogtech.com\/de\/sektoren\/laboratorien\/#breadcrumb","itemListElement":[{"@type":"ListItem","position":1,"name":"Home","item":"https:\/\/recogtech.com\/de\/"},{"@type":"ListItem","position":2,"name":"Sektoren","item":"https:\/\/recogtech.com\/de\/sectoren\/"},{"@type":"ListItem","position":3,"name":"Laboratorien"}]},{"@type":"WebSite","@id":"https:\/\/recogtech.com\/de\/#website","url":"https:\/\/recogtech.com\/de\/","name":"Recogtech - Biometrische beveiliging","description":"High-end Biometric Security","publisher":{"@id":"https:\/\/recogtech.com\/de\/#organization"},"potentialAction":[{"@type":"SearchAction","target":{"@type":"EntryPoint","urlTemplate":"https:\/\/recogtech.com\/de\/?s={search_term_string}"},"query-input":{"@type":"PropertyValueSpecification","valueRequired":true,"valueName":"search_term_string"}}],"inLanguage":"de"},{"@type":"Organization","@id":"https:\/\/recogtech.com\/de\/#organization","name":"Recogtech B.V.","url":"https:\/\/recogtech.com\/de\/","logo":{"@type":"ImageObject","inLanguage":"de","@id":"https:\/\/recogtech.com\/de\/#\/schema\/logo\/image\/","url":"https:\/\/recogtech.com\/wp-content\/uploads\/2023\/05\/recogtech-weblogo-blauw-rood.png","contentUrl":"https:\/\/recogtech.com\/wp-content\/uploads\/2023\/05\/recogtech-weblogo-blauw-rood.png","width":600,"height":111,"caption":"Recogtech B.V."},"image":{"@id":"https:\/\/recogtech.com\/de\/#\/schema\/logo\/image\/"}}]}},"_links":{"self":[{"href":"https:\/\/recogtech.com\/de\/wp-json\/wp\/v2\/pages\/362713","targetHints":{"allow":["GET"]}}],"collection":[{"href":"https:\/\/recogtech.com\/de\/wp-json\/wp\/v2\/pages"}],"about":[{"href":"https:\/\/recogtech.com\/de\/wp-json\/wp\/v2\/types\/page"}],"author":[{"embeddable":true,"href":"https:\/\/recogtech.com\/de\/wp-json\/wp\/v2\/users\/2"}],"replies":[{"embeddable":true,"href":"https:\/\/recogtech.com\/de\/wp-json\/wp\/v2\/comments?post=362713"}],"version-history":[{"count":2,"href":"https:\/\/recogtech.com\/de\/wp-json\/wp\/v2\/pages\/362713\/revisions"}],"predecessor-version":[{"id":365202,"href":"https:\/\/recogtech.com\/de\/wp-json\/wp\/v2\/pages\/362713\/revisions\/365202"}],"up":[{"embeddable":true,"href":"https:\/\/recogtech.com\/de\/wp-json\/wp\/v2\/pages\/362725"}],"wp:attachment":[{"href":"https:\/\/recogtech.com\/de\/wp-json\/wp\/v2\/media?parent=362713"}],"curies":[{"name":"wp","href":"https:\/\/api.w.org\/{rel}","templated":true}]}}